{"id":13782,"date":"2025-11-03T11:13:35","date_gmt":"2025-11-03T11:13:35","guid":{"rendered":"https:\/\/care4birds.bg\/product\/energy-oil\/"},"modified":"2026-04-09T10:18:35","modified_gmt":"2026-04-09T10:18:35","slug":"energy-oil","status":"publish","type":"product","link":"https:\/\/care4birds.bg\/pl\/produkt\/energy-oil\/","title":{"rendered":"Energy Oil"},"content":{"rendered":"<h6>Olej energetyczny z 10 r\u00f3\u017cnymi olejami bogatymi w omega-3 i omega-6<\/h6>\n<div>\nOlej energetyczny to wysokokaloryczne \u017ar\u00f3d\u0142o energii. Idealny do budowy kondycji og\u00f3lnej i zapewnienia t\u0142uszcz\u00f3w niezb\u0119dnych podczas lot\u00f3w.\n<\/div>\n<ul>\n<li>Idealne \u017ar\u00f3d\u0142o energii.<\/li>\n<li>Pomaga w budowaniu kondycji.<\/li>\n<li>Wspiera naturaln\u0105 odporno\u015b\u0107.<\/li>\n<\/ul>\n<h6>Dawkowanie:<\/h6>\n<div>\nDodaj 1 kapsu\u0142k\u0119 (15 ml) Care 4 Birds Energy Oil do 1 kg pokarmu.<br \/>\n<b>Sezon wy\u015bcigowy:<\/b> Raz lub dwa razy w tygodniu<br \/>\n<b>Wy\u015bcigi d\u0142ugodystansowe:<\/b> Dwa razy w tygodniu<br \/>\n<b>M\u0142ode go\u0142\u0119bie:<\/b> Raz lub dwa razy w tygodniu<br \/>\n<b>Okres linienia:<\/b> Dwa razy w tygodniu<br \/>\n<b>Okres l\u0119gowy:<\/b> Raz lub dwa razy w tygodniu\n<\/div>\n<div>Nie miesza\u0107 tego produktu z wod\u0105!<\/div>\n<h6>Sk\u0142ad:<\/h6>\n<div>\nLecytyna (Paliwo dla mi\u0119\u015bni i uk\u0142adu nerwowego) ; Olej z \u0142ososia (Bogaty w kwasy t\u0142uszczowe dla wytrzyma\u0142o\u015bci) ; Olej z kie\u0142k\u00f3w kukurydzy (Wzmacnia energi\u0119) ; Olej lniany (Dla p\u0142odno\u015bci i wzrostu mi\u0119\u015bni) ; Olej arachidowy (Dla optymalnej kondycji mi\u0119\u015bni) ; Olej konopny (Poprawia energi\u0119 i form\u0119) ; Olej z kie\u0142k\u00f3w pszenicy (Naturalna witamina E) ; Olej sojowy (Optymalne uwalnianie energii) ; Olej z czarnego kminku (Dla zdrowia i kondycji) ; Olej z og\u00f3recznika (Wzmacnia metabolizm i naturaln\u0105 odporno\u015b\u0107)\n<\/div>\n","protected":false},"excerpt":{"rendered":"<p>Olej energetyczny z 10 r\u00f3\u017cnymi olejami bogatymi w omega-3 i omega-6 Olej energetyczny to wysokokaloryczne \u017ar\u00f3d\u0142o energii. Idealny do budowy kondycji og\u00f3lnej&hellip;<\/p>\n","protected":false},"featured_media":13539,"template":"","meta":[],"product_cat":[307],"product_tag":[],"class_list":{"0":"post-13782","1":"product","2":"type-product","3":"status-publish","4":"has-post-thumbnail","6":"product_cat-suplementy-dla-golebi","8":"first","9":"instock","10":"shipping-taxable","11":"product-type-simple"},"_links":{"self":[{"href":"https:\/\/care4birds.bg\/pl\/wp-json\/wp\/v2\/product\/13782","targetHints":{"allow":["GET"]}}],"collection":[{"href":"https:\/\/care4birds.bg\/pl\/wp-json\/wp\/v2\/product"}],"about":[{"href":"https:\/\/care4birds.bg\/pl\/wp-json\/wp\/v2\/types\/product"}],"wp:featuredmedia":[{"embeddable":true,"href":"https:\/\/care4birds.bg\/pl\/wp-json\/wp\/v2\/media\/13539"}],"wp:attachment":[{"href":"https:\/\/care4birds.bg\/pl\/wp-json\/wp\/v2\/media?parent=13782"}],"wp:term":[{"taxonomy":"product_cat","embeddable":true,"href":"https:\/\/care4birds.bg\/pl\/wp-json\/wp\/v2\/product_cat?post=13782"},{"taxonomy":"product_tag","embeddable":true,"href":"https:\/\/care4birds.bg\/pl\/wp-json\/wp\/v2\/product_tag?post=13782"}],"curies":[{"name":"wp","href":"https:\/\/api.w.org\/{rel}","templated":true}]}}