{"id":13787,"date":"2025-11-03T11:13:33","date_gmt":"2025-11-03T11:13:33","guid":{"rendered":"https:\/\/care4birds.bg\/product\/entero-care\/"},"modified":"2026-04-09T10:20:01","modified_gmt":"2026-04-09T10:20:01","slug":"entero-care","status":"publish","type":"product","link":"https:\/\/care4birds.bg\/pl\/produkt\/entero-care\/","title":{"rendered":"Entero Care"},"content":{"rendered":"<h6>Probiotyk dla go\u0142\u0119bi<\/h6>\n<div>\nTa mieszanka probiotyczna zawiera naturalne bakterie kwasu mlekowego, kt\u00f3re zapewniaj\u0105 prawid\u0142ow\u0105 r\u00f3wnowag\u0119 flory jelitowej. Bakterie dobrze czuj\u0105 si\u0119 w jelitach i tworz\u0105 tam \u015brodowisko kwa\u015bne. Aby uzyska\u0107 optymalny produkt, dodano r\u00f3wnie\u017c witaminy i minera\u0142y.\n<\/div>\n<div>Entero Care powinien by\u0107 podawany w szczeg\u00f3lno\u015bci:<\/div>\n<ul>\n<li>Po podaniu szczepionek i lek\u00f3w<\/li>\n<li>W przypadku problem\u00f3w z flor\u0105 jelitow\u0105 i ka\u0142em<\/li>\n<li>W okresach stresu (pierwsze loty, loty m\u0142odych go\u0142\u0119bi)<\/li>\n<li>Po powrocie do domu w celu przyspieszenia regeneracji<\/li>\n<\/ul>\n<h6>Dawkowanie i instrukcja u\u017cycia:<\/h6>\n<div>\n1 miarka (10 g) na 1 litr wody lub 1 do\u0142\u0105czona miarka na 1 kg paszy, przez 2 kolejne dni.<br \/>\nEntero Care mo\u017cna podawa\u0107 co tydzie\u0144.\n<\/div>\n","protected":false},"excerpt":{"rendered":"<p>Probiotyk dla go\u0142\u0119bi Ta mieszanka probiotyczna zawiera naturalne bakterie kwasu mlekowego, kt\u00f3re zapewniaj\u0105 prawid\u0142ow\u0105 r\u00f3wnowag\u0119 flory jelitowej. Bakterie dobrze czuj\u0105 si\u0119 w&hellip;<\/p>\n","protected":false},"featured_media":13788,"template":"","meta":[],"product_cat":[307,304],"product_tag":[],"class_list":{"0":"post-13787","1":"product","2":"type-product","3":"status-publish","4":"has-post-thumbnail","6":"product_cat-suplementy-dla-golebi","7":"product_cat-suplementy-dla-ptakow","9":"first","10":"instock","11":"shipping-taxable","12":"product-type-simple"},"_links":{"self":[{"href":"https:\/\/care4birds.bg\/pl\/wp-json\/wp\/v2\/product\/13787","targetHints":{"allow":["GET"]}}],"collection":[{"href":"https:\/\/care4birds.bg\/pl\/wp-json\/wp\/v2\/product"}],"about":[{"href":"https:\/\/care4birds.bg\/pl\/wp-json\/wp\/v2\/types\/product"}],"wp:featuredmedia":[{"embeddable":true,"href":"https:\/\/care4birds.bg\/pl\/wp-json\/wp\/v2\/media\/13788"}],"wp:attachment":[{"href":"https:\/\/care4birds.bg\/pl\/wp-json\/wp\/v2\/media?parent=13787"}],"wp:term":[{"taxonomy":"product_cat","embeddable":true,"href":"https:\/\/care4birds.bg\/pl\/wp-json\/wp\/v2\/product_cat?post=13787"},{"taxonomy":"product_tag","embeddable":true,"href":"https:\/\/care4birds.bg\/pl\/wp-json\/wp\/v2\/product_tag?post=13787"}],"curies":[{"name":"wp","href":"https:\/\/api.w.org\/{rel}","templated":true}]}}