{"id":13795,"date":"2025-11-03T11:12:48","date_gmt":"2025-11-03T11:12:48","guid":{"rendered":"https:\/\/care4birds.bg\/product\/glucovit\/"},"modified":"2026-04-09T10:21:45","modified_gmt":"2026-04-09T10:21:45","slug":"glucovit","status":"publish","type":"product","link":"https:\/\/care4birds.bg\/pl\/produkt\/glucovit\/","title":{"rendered":"Glucovit"},"content":{"rendered":"<h6>GLUCOVIT\u00a0 GLUKOZA + WITAMINY mo\u017cna \u0142\u0105czy\u0107 z CARELYT w wodzie pitnej.<\/h6>\n<h6>Dawkowanie<\/h6>\n<p>Do dodania do wody pitnej:<\/p>\n<ul>\n<li>Okres pierzenia \/ zimowy: raz w tygodniu 2 \u0142y\u017cki na 2 litry wody (ok. 40 go\u0142\u0119bi)<\/li>\n<li>Okres l\u0119gowy: dwa razy w tygodniu 2 \u0142y\u017cki na 2 litry wody (ok. 40 go\u0142\u0119bi)<\/li>\n<li>Dla silnych, dobrze rosn\u0105cych m\u0142odych od 1 tygodnia: 5 dni z rz\u0119du<\/li>\n<li>Podczas wy\u015bcig\u00f3w: dwa razy w tygodniu 2 \u0142y\u017cki na 2 litry wody (ok. 40 go\u0142\u0119bi)<\/li>\n<li>Przy d\u0142u\u017cszych dystansach: do 3 razy w tygodniu 3 \u0142y\u017cki na 2 litry wody<\/li>\n<\/ul>\n<p>Mo\u017cna r\u00f3wnie\u017c doda\u0107 GLUCOVIT do paszy w tej samej dawce (\u00b1 40 go\u0142\u0119bi raz dziennie). Najpierw nale\u017cy zwil\u017cy\u0107 ziarno przed wymieszaniem z GLUCOVIT.<\/p>\n<h6>Sk\u0142ad:<\/h6>\n<p>Vit. A 6000 i.e.<br \/>\nVit. D3 1200 i.e.<br \/>\nVit. E 20 mg.<br \/>\nVit. C 10 mg.<br \/>\nVit. K3 1,5 mg.<br \/>\nVit. B1 280 mg.<br \/>\nVit. B2 400 mg.<br \/>\nNikotynamid 30 mg.<br \/>\nKwas pantotenowy 10 mg.<br \/>\nCholina 100 mg.<br \/>\nPierwiastki \u015bladowe<br \/>\nDekstroza ad 1000 g.<\/p>\n","protected":false},"excerpt":{"rendered":"<p>GLUCOVIT\u00a0 GLUKOZA + WITAMINY mo\u017cna \u0142\u0105czy\u0107 z CARELYT w wodzie pitnej. Dawkowanie Do dodania do wody pitnej: Okres pierzenia \/ zimowy: raz&hellip;<\/p>\n","protected":false},"featured_media":13540,"template":"","meta":[],"product_cat":[307],"product_tag":[],"class_list":{"0":"post-13795","1":"product","2":"type-product","3":"status-publish","4":"has-post-thumbnail","6":"product_cat-suplementy-dla-golebi","8":"first","9":"instock","10":"shipping-taxable","11":"product-type-simple"},"_links":{"self":[{"href":"https:\/\/care4birds.bg\/pl\/wp-json\/wp\/v2\/product\/13795","targetHints":{"allow":["GET"]}}],"collection":[{"href":"https:\/\/care4birds.bg\/pl\/wp-json\/wp\/v2\/product"}],"about":[{"href":"https:\/\/care4birds.bg\/pl\/wp-json\/wp\/v2\/types\/product"}],"wp:featuredmedia":[{"embeddable":true,"href":"https:\/\/care4birds.bg\/pl\/wp-json\/wp\/v2\/media\/13540"}],"wp:attachment":[{"href":"https:\/\/care4birds.bg\/pl\/wp-json\/wp\/v2\/media?parent=13795"}],"wp:term":[{"taxonomy":"product_cat","embeddable":true,"href":"https:\/\/care4birds.bg\/pl\/wp-json\/wp\/v2\/product_cat?post=13795"},{"taxonomy":"product_tag","embeddable":true,"href":"https:\/\/care4birds.bg\/pl\/wp-json\/wp\/v2\/product_tag?post=13795"}],"curies":[{"name":"wp","href":"https:\/\/api.w.org\/{rel}","templated":true}]}}