{"id":13801,"date":"2025-11-03T11:12:01","date_gmt":"2025-11-03T11:12:01","guid":{"rendered":"https:\/\/care4birds.bg\/product\/carelyt\/"},"modified":"2026-04-09T10:24:09","modified_gmt":"2026-04-09T10:24:09","slug":"carelyt","status":"publish","type":"product","link":"https:\/\/care4birds.bg\/pl\/produkt\/carelyt\/","title":{"rendered":"Carelyt"},"content":{"rendered":"<h6>Wskazania:<\/h6>\n<p>Flying Salt dla go\u0142\u0119bi pocztowych<br \/>\nCARELYT kontroluje r\u00f3wnowag\u0119 kwasowo-wodn\u0105 u ptak\u00f3w. Przyspiesza regeneracj\u0119 go\u0142\u0119bi po d\u0142ugich lotach. Przywraca je do doskona\u0142ej kondycji w kr\u00f3tkim czasie.<\/p>\n<h6>Dawkowanie:<\/h6>\n<p>Instrukcje karmienia:<br \/>\nGdy go\u0142\u0119bie wracaj\u0105 z lotu, s\u0105 bardzo spragnione. Najpierw podaj \u015bwie\u017c\u0105, czyst\u0105 wod\u0119. Po 2 godzinach podaj \u015bwie\u017c\u0105 wod\u0119 zmieszan\u0105 z CARELYT. Rozpu\u015b\u0107 25 g CARELYT (1 \u0142y\u017cka) w 2 litrach wody pitnej i udost\u0119pnij na 24 godziny. Nast\u0119pnie usu\u0144 i kontynuuj podawanie zwyk\u0142ej \u015bwie\u017cej wody pitnej. CARELYT mo\u017cna stosowa\u0107 w po\u0142\u0105czeniu z wi\u0119kszo\u015bci\u0105 lek\u00f3w dla go\u0142\u0119bi pocztowych.<\/p>\n<h6>Zawarto\u015b\u0107:<\/h6>\n<div>600 g<\/div>\n","protected":false},"excerpt":{"rendered":"<p>Wskazania: Flying Salt dla go\u0142\u0119bi pocztowych CARELYT kontroluje r\u00f3wnowag\u0119 kwasowo-wodn\u0105 u ptak\u00f3w. Przyspiesza regeneracj\u0119 go\u0142\u0119bi po d\u0142ugich lotach. Przywraca je do doskona\u0142ej&hellip;<\/p>\n","protected":false},"featured_media":13545,"template":"","meta":[],"product_cat":[307],"product_tag":[],"class_list":{"0":"post-13801","1":"product","2":"type-product","3":"status-publish","4":"has-post-thumbnail","6":"product_cat-suplementy-dla-golebi","8":"first","9":"instock","10":"shipping-taxable","11":"product-type-simple"},"_links":{"self":[{"href":"https:\/\/care4birds.bg\/pl\/wp-json\/wp\/v2\/product\/13801","targetHints":{"allow":["GET"]}}],"collection":[{"href":"https:\/\/care4birds.bg\/pl\/wp-json\/wp\/v2\/product"}],"about":[{"href":"https:\/\/care4birds.bg\/pl\/wp-json\/wp\/v2\/types\/product"}],"wp:featuredmedia":[{"embeddable":true,"href":"https:\/\/care4birds.bg\/pl\/wp-json\/wp\/v2\/media\/13545"}],"wp:attachment":[{"href":"https:\/\/care4birds.bg\/pl\/wp-json\/wp\/v2\/media?parent=13801"}],"wp:term":[{"taxonomy":"product_cat","embeddable":true,"href":"https:\/\/care4birds.bg\/pl\/wp-json\/wp\/v2\/product_cat?post=13801"},{"taxonomy":"product_tag","embeddable":true,"href":"https:\/\/care4birds.bg\/pl\/wp-json\/wp\/v2\/product_tag?post=13801"}],"curies":[{"name":"wp","href":"https:\/\/api.w.org\/{rel}","templated":true}]}}