{"id":13804,"date":"2025-11-03T11:11:31","date_gmt":"2025-11-03T11:11:31","guid":{"rendered":"https:\/\/care4birds.bg\/product\/probiocare\/"},"modified":"2026-04-09T10:25:54","modified_gmt":"2026-04-09T10:25:54","slug":"probiocare","status":"publish","type":"product","link":"https:\/\/care4birds.bg\/pl\/produkt\/probiocare\/","title":{"rendered":"ProbioCare"},"content":{"rendered":"<h6>Probiotyki i prebiotyki dla regeneracji flory jelitowej<\/h6>\n<p>Kombinacja probiotyk-prebiotyk do regeneracji i poprawy flory jelitowej. ProbioCare zawiera specjaln\u0105 kombinacj\u0119 r\u00f3\u017cnych probiotyk\u00f3w i prebiotyk\u00f3w, kt\u00f3re dzia\u0142aj\u0105 synergicznie, poprawiaj\u0105c regulacj\u0119 jelitow\u0105. ProbioCare jest doskona\u0142ym wyborem:<\/p>\n<ul>\n<li>po podaniu antybiotyk\u00f3w<\/li>\n<li>po szczepieniach<\/li>\n<li>wzmacniaj\u0105co na odporno\u015b\u0107 po locie konkursowym<\/li>\n<li>po wystawach<\/li>\n<\/ul>\n<p>Niestrawno\u015b\u0107 jest zwiastunem wielu szkodliwych (patogennych) mikroorganizm\u00f3w i endopaso\u017cyt\u00f3w. W wielu przypadkach obserwuje si\u0119 j\u0105 podczas intensywnych lot\u00f3w i hodowli. ProbioCare zawiera specjaln\u0105 kombinacj\u0119 r\u00f3\u017cnych probiotyk\u00f3w w mikroenkapsulowanej formie, a tak\u017ce unikaln\u0105 kombinacj\u0119 w\u0119glowodan\u00f3w reguluj\u0105cych flor\u0119 jelitow\u0105. R\u00f3\u017cne bakterie wzajemnie wspieraj\u0105 aktywne nasycenie jelita cienkiego go\u0142\u0119bia. W ten spos\u00f3b wspomagaj\u0105 procesy trawienne, generuj\u0105 podstawowe sk\u0142adniki od\u017cywcze stabilizuj\u0105ce flor\u0119 jelitow\u0105 i wzmacniaj\u0105 system odporno\u015bciowy. Te bakterie probiotyczne t\u0142umi\u0105 bakterie chorobotw\u00f3rcze, takie jak Salmonella, E. coli, Staphylococcus, Streptococcus oraz infekcje grzybicze, takie jak Candida, Kokcydioza i Trichomoniasis. Jest to bardzo skuteczny spos\u00f3b zapobiegania chorobom jelit, a flora jelitowa szybko si\u0119 regeneruje. Regularne stosowanie ProbioCare zwi\u0119ksza naturaln\u0105 odporno\u015b\u0107, poprawia apetyt, a go\u0142\u0119bie maj\u0105 wi\u0119cej energii podczas lot\u00f3w.<\/p>\n<h6>Dawkowanie<\/h6>\n<p>1 miarka (12,5 g) na 1 kg paszy dwa razy w tygodniu (dawka dla 25 go\u0142\u0119bi)<\/p>\n","protected":false},"excerpt":{"rendered":"<p>Probiotyki i prebiotyki dla regeneracji flory jelitowej Kombinacja probiotyk-prebiotyk do regeneracji i poprawy flory jelitowej. ProbioCare zawiera specjaln\u0105 kombinacj\u0119 r\u00f3\u017cnych probiotyk\u00f3w i&hellip;<\/p>\n","protected":false},"featured_media":13542,"template":"","meta":[],"product_cat":[307,304],"product_tag":[],"class_list":{"0":"post-13804","1":"product","2":"type-product","3":"status-publish","4":"has-post-thumbnail","6":"product_cat-suplementy-dla-golebi","7":"product_cat-suplementy-dla-ptakow","9":"first","10":"instock","11":"shipping-taxable","12":"product-type-simple"},"_links":{"self":[{"href":"https:\/\/care4birds.bg\/pl\/wp-json\/wp\/v2\/product\/13804","targetHints":{"allow":["GET"]}}],"collection":[{"href":"https:\/\/care4birds.bg\/pl\/wp-json\/wp\/v2\/product"}],"about":[{"href":"https:\/\/care4birds.bg\/pl\/wp-json\/wp\/v2\/types\/product"}],"wp:featuredmedia":[{"embeddable":true,"href":"https:\/\/care4birds.bg\/pl\/wp-json\/wp\/v2\/media\/13542"}],"wp:attachment":[{"href":"https:\/\/care4birds.bg\/pl\/wp-json\/wp\/v2\/media?parent=13804"}],"wp:term":[{"taxonomy":"product_cat","embeddable":true,"href":"https:\/\/care4birds.bg\/pl\/wp-json\/wp\/v2\/product_cat?post=13804"},{"taxonomy":"product_tag","embeddable":true,"href":"https:\/\/care4birds.bg\/pl\/wp-json\/wp\/v2\/product_tag?post=13804"}],"curies":[{"name":"wp","href":"https:\/\/api.w.org\/{rel}","templated":true}]}}