{"id":13808,"date":"2025-11-03T11:11:16","date_gmt":"2025-11-03T11:11:16","guid":{"rendered":"https:\/\/care4birds.bg\/product\/herbal-care\/"},"modified":"2026-04-09T10:27:48","modified_gmt":"2026-04-09T10:27:48","slug":"herbal-care","status":"publish","type":"product","link":"https:\/\/care4birds.bg\/pl\/produkt\/herbal-care\/","title":{"rendered":"Herbal Care"},"content":{"rendered":"<h6>Nalewka zio\u0142owa z dodatkiem kwas\u00f3w organicznych, witamin, minera\u0142\u00f3w i pierwiastk\u00f3w \u015bladowych<\/h6>\n<p>Herbal Care to ca\u0142kowicie naturalny produkt, kt\u00f3ry zapewnia solidn\u0105 podstaw\u0119 zar\u00f3wno w sezonie lot\u00f3w, jak i poza nim. Produkt jest nalewk\u0105 zio\u0142ow\u0105 z dodatkowymi kwasami organicznymi, bogat\u0105 w witaminy, minera\u0142y i pierwiastki \u015bladowe, kt\u00f3re s\u0105 bardzo skuteczne w problemach \u017co\u0142\u0105dkowo-jelitowych. Herbal Care poprawia kondycj\u0119 go\u0142\u0119bi, zwi\u0119ksza odporno\u015b\u0107 i przyspiesza regeneracj\u0119 po wysi\u0142ku. Herbal Care zwi\u0119ksza p\u0142odno\u015b\u0107 i sprawia, \u017ce m\u0142ode go\u0142\u0119bie s\u0105 bardziej odporne.<\/p>\n<h6>Dawkowanie<\/h6>\n<p>10 ml Herbal Care na 1 litr wody pitnej<\/p>\n<ul>\n<li>Sezon pierzenia: raz lub dwa razy w tygodniu<\/li>\n<li>Sezon wy\u015bcigowy: raz lub dwa razy w tygodniu<\/li>\n<li>M\u0142ode go\u0142\u0119bie: trzy do czterech razy w tygodniu<\/li>\n<li>Sezon rozrodczy: dwa razy w tygodniu<\/li>\n<\/ul>\n<p>Dobrze wstrz\u0105sn\u0105\u0107 przed u\u017cyciem!<\/p>\n<h6>Porady<\/h6>\n<p>Przed rozpocz\u0119ciem sezonu wy\u015bcigowego: 7\u201310 dni profilaktycznej opieki.<\/p>\n<h6>Sk\u0142ad<\/h6>\n<p>Nalewka zio\u0142owa z korzenia \u017ce\u0144-szenia, je\u017c\u00f3wki purpurowej, centaurium mniejszego, li\u015bcia bor\u00f3wki czarnej, kory wierzby, wodorost\u00f3w, korzenia selera dzikiego, satureja hortensis, cynamonu, krokusa; koncentrat czarnego bzu; koncentrat bor\u00f3wki czarnej; kwas cytrynowy; ocet jab\u0142kowy; glukoza<\/p>\n","protected":false},"excerpt":{"rendered":"<p>Nalewka zio\u0142owa z dodatkiem kwas\u00f3w organicznych, witamin, minera\u0142\u00f3w i pierwiastk\u00f3w \u015bladowych Herbal Care to ca\u0142kowicie naturalny produkt, kt\u00f3ry zapewnia solidn\u0105 podstaw\u0119 zar\u00f3wno&hellip;<\/p>\n","protected":false},"featured_media":13546,"template":"","meta":[],"product_cat":[307,304],"product_tag":[],"class_list":{"0":"post-13808","1":"product","2":"type-product","3":"status-publish","4":"has-post-thumbnail","6":"product_cat-suplementy-dla-golebi","7":"product_cat-suplementy-dla-ptakow","9":"first","10":"instock","11":"shipping-taxable","12":"product-type-simple"},"_links":{"self":[{"href":"https:\/\/care4birds.bg\/pl\/wp-json\/wp\/v2\/product\/13808","targetHints":{"allow":["GET"]}}],"collection":[{"href":"https:\/\/care4birds.bg\/pl\/wp-json\/wp\/v2\/product"}],"about":[{"href":"https:\/\/care4birds.bg\/pl\/wp-json\/wp\/v2\/types\/product"}],"wp:featuredmedia":[{"embeddable":true,"href":"https:\/\/care4birds.bg\/pl\/wp-json\/wp\/v2\/media\/13546"}],"wp:attachment":[{"href":"https:\/\/care4birds.bg\/pl\/wp-json\/wp\/v2\/media?parent=13808"}],"wp:term":[{"taxonomy":"product_cat","embeddable":true,"href":"https:\/\/care4birds.bg\/pl\/wp-json\/wp\/v2\/product_cat?post=13808"},{"taxonomy":"product_tag","embeddable":true,"href":"https:\/\/care4birds.bg\/pl\/wp-json\/wp\/v2\/product_tag?post=13808"}],"curies":[{"name":"wp","href":"https:\/\/api.w.org\/{rel}","templated":true}]}}