{"id":13811,"date":"2025-11-03T11:10:18","date_gmt":"2025-11-03T11:10:18","guid":{"rendered":"https:\/\/care4birds.bg\/product\/caresol\/"},"modified":"2026-04-09T10:31:03","modified_gmt":"2026-04-09T10:31:03","slug":"caresol","status":"publish","type":"product","link":"https:\/\/care4birds.bg\/pl\/produkt\/caresol\/","title":{"rendered":"Caresol"},"content":{"rendered":"<h6>Wskazania:<\/h6>\n<p>Unikalna kombinacja elektrolit\u00f3w i minera\u0142\u00f3w (potas, s\u00f3d, magnez) oparta na no\u015bniku energii \u2013 glukozie, pomaga przyspieszy\u0107 proces regeneracji. Nawadnia i wspiera ptaki podczas ekstremalnych temperatur, transportu lub wystaw. Zapewnia energi\u0119 i elektrolity, pomagaj\u0105c ptakom w regeneracji po chorobie, stresie i du\u017cym wysi\u0142ku. Zwi\u0119ksza wigor i witalno\u015b\u0107 ptak\u00f3w na wystawach lub podczas sprzeda\u017cy. Gotowy roztw\u00f3r mo\u017cna podawa\u0107 bezpo\u015brednio w nag\u0142ych przypadkach, aby zapewni\u0107 szybkie dzia\u0142anie energii.<\/p>\n<h6>Dawkowanie i spos\u00f3b u\u017cycia:<\/h6>\n<ul>\n<li>SEZON ROZMNA\u017bANIA: dla silnych, dobrze rosn\u0105cych m\u0142odych ptak\u00f3w: oko\u0142o 25 ml na 1 litr wody przez 5 kolejnych dni, zaczynaj\u0105c, gdy m\u0142ode maj\u0105 oko\u0142o 1 tygodnia.<\/li>\n<li>SEZON WY\u015aCIGOWY: 2-3 razy w tygodniu 15 ml na 1 litr wody.<\/li>\n<li>PO DU\u017bYM WYSI\u0141KU (sezon wy\u015bcigowy): po powrocie go\u0142\u0119bi do domu poda\u0107 najpierw czyst\u0105 wod\u0119, a nast\u0119pnie doda\u0107 CARESOL do wody pitnej. 15 ml (1\/2 miarki) na 1 litr wody.<\/li>\n<\/ul>\n<h6>Uwagi:<\/h6>\n<ul>\n<li>\u2022 Przed u\u017cyciem dobrze wstrz\u0105sn\u0105\u0107!<\/li>\n<li>\u2022 Trzyma\u0107 poza zasi\u0119giem dzieci.<\/li>\n<li>\u2022 Tylko do podawania doustnego zwierz\u0119tom, kt\u00f3re nie s\u0105 przeznaczone do spo\u017cycia przez ludzi.<\/li>\n<li>\u2022 Przechowywa\u0107 w suchym miejscu, z dala od bezpo\u015bredniego \u015bwiat\u0142a s\u0142onecznego, w temperaturze 0\u201330 \u00b0C.<\/li>\n<li>\u2022 Najlepiej przed: patrz opakowanie.<\/li>\n<li>\u2022 Zawarto\u015b\u0107: 500 ml suplementu paszowego dla go\u0142\u0119bi<\/li>\n<\/ul>\n","protected":false},"excerpt":{"rendered":"<p>Wskazania: Unikalna kombinacja elektrolit\u00f3w i minera\u0142\u00f3w (potas, s\u00f3d, magnez) oparta na no\u015bniku energii \u2013 glukozie, pomaga przyspieszy\u0107 proces regeneracji. Nawadnia i wspiera&hellip;<\/p>\n","protected":false},"featured_media":13554,"template":"","meta":[],"product_cat":[307,304],"product_tag":[],"class_list":{"0":"post-13811","1":"product","2":"type-product","3":"status-publish","4":"has-post-thumbnail","6":"product_cat-suplementy-dla-golebi","7":"product_cat-suplementy-dla-ptakow","9":"first","10":"instock","11":"shipping-taxable","12":"product-type-simple"},"_links":{"self":[{"href":"https:\/\/care4birds.bg\/pl\/wp-json\/wp\/v2\/product\/13811","targetHints":{"allow":["GET"]}}],"collection":[{"href":"https:\/\/care4birds.bg\/pl\/wp-json\/wp\/v2\/product"}],"about":[{"href":"https:\/\/care4birds.bg\/pl\/wp-json\/wp\/v2\/types\/product"}],"wp:featuredmedia":[{"embeddable":true,"href":"https:\/\/care4birds.bg\/pl\/wp-json\/wp\/v2\/media\/13554"}],"wp:attachment":[{"href":"https:\/\/care4birds.bg\/pl\/wp-json\/wp\/v2\/media?parent=13811"}],"wp:term":[{"taxonomy":"product_cat","embeddable":true,"href":"https:\/\/care4birds.bg\/pl\/wp-json\/wp\/v2\/product_cat?post=13811"},{"taxonomy":"product_tag","embeddable":true,"href":"https:\/\/care4birds.bg\/pl\/wp-json\/wp\/v2\/product_tag?post=13811"}],"curies":[{"name":"wp","href":"https:\/\/api.w.org\/{rel}","templated":true}]}}