{"id":13814,"date":"2025-11-03T11:08:49","date_gmt":"2025-11-03T11:08:49","guid":{"rendered":"https:\/\/care4birds.bg\/product\/fly-forma-drops\/"},"modified":"2026-04-09T10:32:45","modified_gmt":"2026-04-09T10:32:45","slug":"fly-forma-drops","status":"publish","type":"product","link":"https:\/\/care4birds.bg\/pl\/produkt\/fly-forma-drops\/","title":{"rendered":"Fly forma drops"},"content":{"rendered":"<h6>Wskazania:<\/h6>\n<div>Do czyszczenia oczu. Podra\u017cnienia oczu i przewod\u00f3w \u0142zowych mog\u0105 wp\u0142ywa\u0107 na orientacj\u0119 i wyniki w locie, powoduj\u0105c rozczarowuj\u0105ce osi\u0105gi.<\/div>\n<h6>FORMU\u0141A:<\/h6>\n<div>Ekstrakt zio\u0142owy (Melenkawiec, Bylica oczna, Babka lancetowata) oraz Argenti proteinas.<\/div>\n<h6>Zawiera:<\/h6>\n<div>30 ml produktu leczniczego dla go\u0142\u0119bi wy\u015bcigowych i ozdobnych<\/div>\n<h6>DAWKOWANIE I INSTRUKCJE U\u017bYCIA:<\/h6>\n<div>Stosowa\u0107 1\u20132 krople na oko. Wstrz\u0105sn\u0105\u0107 przed u\u017cyciem!<\/div>\n<h6>SPOS\u00d3B U\u017bYCIA:<\/h6>\n<div>Go\u0142\u0119bie wy\u015bcigowe: Jedna kropla do ka\u017cdego oka i nozdrzy przed i po locie.<\/div>\n<div>Je\u015bli go\u0142\u0119bie s\u0105 w dobrej kondycji, kropla prawie natychmiast zniknie.<\/div>\n","protected":false},"excerpt":{"rendered":"<p>Wskazania: Do czyszczenia oczu. Podra\u017cnienia oczu i przewod\u00f3w \u0142zowych mog\u0105 wp\u0142ywa\u0107 na orientacj\u0119 i wyniki w locie, powoduj\u0105c rozczarowuj\u0105ce osi\u0105gi. FORMU\u0141A: Ekstrakt&hellip;<\/p>\n","protected":false},"featured_media":13550,"template":"","meta":[],"product_cat":[307],"product_tag":[],"class_list":{"0":"post-13814","1":"product","2":"type-product","3":"status-publish","4":"has-post-thumbnail","6":"product_cat-suplementy-dla-golebi","8":"first","9":"instock","10":"shipping-taxable","11":"product-type-simple"},"_links":{"self":[{"href":"https:\/\/care4birds.bg\/pl\/wp-json\/wp\/v2\/product\/13814","targetHints":{"allow":["GET"]}}],"collection":[{"href":"https:\/\/care4birds.bg\/pl\/wp-json\/wp\/v2\/product"}],"about":[{"href":"https:\/\/care4birds.bg\/pl\/wp-json\/wp\/v2\/types\/product"}],"wp:featuredmedia":[{"embeddable":true,"href":"https:\/\/care4birds.bg\/pl\/wp-json\/wp\/v2\/media\/13550"}],"wp:attachment":[{"href":"https:\/\/care4birds.bg\/pl\/wp-json\/wp\/v2\/media?parent=13814"}],"wp:term":[{"taxonomy":"product_cat","embeddable":true,"href":"https:\/\/care4birds.bg\/pl\/wp-json\/wp\/v2\/product_cat?post=13814"},{"taxonomy":"product_tag","embeddable":true,"href":"https:\/\/care4birds.bg\/pl\/wp-json\/wp\/v2\/product_tag?post=13814"}],"curies":[{"name":"wp","href":"https:\/\/api.w.org\/{rel}","templated":true}]}}