{"id":13817,"date":"2025-11-03T11:08:27","date_gmt":"2025-11-03T11:08:27","guid":{"rendered":"https:\/\/care4birds.bg\/product\/carechol\/"},"modified":"2026-04-09T10:34:42","modified_gmt":"2026-04-09T10:34:42","slug":"carechol","status":"publish","type":"product","link":"https:\/\/care4birds.bg\/pl\/produkt\/carechol\/","title":{"rendered":"Carechol"},"content":{"rendered":"<h6>Wskazania:<\/h6>\n<div>Metionina i cholina to niezb\u0119dne siarkowe aminokwasy, kt\u00f3re chroni\u0105 w\u0105trob\u0119 i nerki, zwalczaj\u0105 st\u0142uszczenie w\u0105troby oraz zapewniaj\u0105 transport t\u0142uszczu do kom\u00f3rek, co jest niezb\u0119dne dla prawid\u0142owego funkcjonowania uk\u0142adu nerwowego. Przyczyniaj\u0105 si\u0119 do optymalnego wzrostu m\u0142odych go\u0142\u0119bi i s\u0105 bardzo wa\u017cne w okresie pierzenia. Wszystko to sprawia, \u017ce Carechol mo\u017ce by\u0107 stosowany przez ca\u0142y rok.<\/div>\n<h6>Dawkowanie:<\/h6>\n<div>Podczas pierzenia: 10 ml na 1 litr wody pitnej lub 1 kg paszy, dwa razy w tygodniu<\/div>\n<div>W sezonie lotowym: 10 ml na 1 litr wody pitnej lub 1 kg paszy, raz w tygodniu<\/div>\n<div>Kurs leczenia: 10 ml na 1 litr wody pitnej lub 1 kg paszy, przez 5 kolejnych dni<\/div>\n<h6>Opakowanie:<\/h6>\n<div>1000 ml p\u0142ynu doustnego dla go\u0142\u0119bi i ptak\u00f3w klatkowych o masie cia\u0142a od 300 do 3000 g.<\/div>\n<h6>Sk\u0142ad:<\/h6>\n<div>Metionina: 1 % ; Cholina: 15 % ; Glukoza: 60 % ; Sk\u0142adniki nieaktywne do 100 %<\/div>\n","protected":false},"excerpt":{"rendered":"<p>Wskazania: Metionina i cholina to niezb\u0119dne siarkowe aminokwasy, kt\u00f3re chroni\u0105 w\u0105trob\u0119 i nerki, zwalczaj\u0105 st\u0142uszczenie w\u0105troby oraz zapewniaj\u0105 transport t\u0142uszczu do kom\u00f3rek,&hellip;<\/p>\n","protected":false},"featured_media":13547,"template":"","meta":[],"product_cat":[307,304],"product_tag":[],"class_list":{"0":"post-13817","1":"product","2":"type-product","3":"status-publish","4":"has-post-thumbnail","6":"product_cat-suplementy-dla-golebi","7":"product_cat-suplementy-dla-ptakow","9":"first","10":"instock","11":"shipping-taxable","12":"product-type-simple"},"_links":{"self":[{"href":"https:\/\/care4birds.bg\/pl\/wp-json\/wp\/v2\/product\/13817","targetHints":{"allow":["GET"]}}],"collection":[{"href":"https:\/\/care4birds.bg\/pl\/wp-json\/wp\/v2\/product"}],"about":[{"href":"https:\/\/care4birds.bg\/pl\/wp-json\/wp\/v2\/types\/product"}],"wp:featuredmedia":[{"embeddable":true,"href":"https:\/\/care4birds.bg\/pl\/wp-json\/wp\/v2\/media\/13547"}],"wp:attachment":[{"href":"https:\/\/care4birds.bg\/pl\/wp-json\/wp\/v2\/media?parent=13817"}],"wp:term":[{"taxonomy":"product_cat","embeddable":true,"href":"https:\/\/care4birds.bg\/pl\/wp-json\/wp\/v2\/product_cat?post=13817"},{"taxonomy":"product_tag","embeddable":true,"href":"https:\/\/care4birds.bg\/pl\/wp-json\/wp\/v2\/product_tag?post=13817"}],"curies":[{"name":"wp","href":"https:\/\/api.w.org\/{rel}","templated":true}]}}