{"id":13820,"date":"2025-11-03T11:07:01","date_gmt":"2025-11-03T11:07:01","guid":{"rendered":"https:\/\/care4birds.bg\/product\/caremin\/"},"modified":"2026-04-09T10:36:17","modified_gmt":"2026-04-09T10:36:17","slug":"caremin","status":"publish","type":"product","link":"https:\/\/care4birds.bg\/pl\/produkt\/caremin\/","title":{"rendered":"Caremin"},"content":{"rendered":"<h6>Wskazania:<\/h6>\n<div>CAREMIN przyczynia si\u0119 do dobrego stanu zdrowia i wspomaga uk\u0142ad odporno\u015bciowy u m\u0142odych i starszych go\u0142\u0119bi! CAREMIN mo\u017ce by\u0107 stosowany przez ca\u0142y rok, ale jest niezb\u0119dny w okresach du\u017cych wymaga\u0144, takich jak hodowla, sezon lotowy, pierzenie oraz po kuracji antybiotykowej lub szczepieniach. Mo\u017cna podawa\u0107 w wodzie pitnej lub dodawa\u0107 do paszy.<\/div>\n<h6>Dawkowanie:<\/h6>\n<div>10 ml na 1 litr wody pitnej lub 15 ml na 1 kg paszy, 2 razy w tygodniu.<\/div>\n<div>Przed u\u017cyciem wstrz\u0105sn\u0105\u0107!<\/div>\n<h6>Opakowanie:<\/h6>\n<div>1000 ml p\u0142ynu doustnego dla go\u0142\u0119bi i ptak\u00f3w klatkowych, o masie cia\u0142a od 300 do 3000 g.<\/div>\n<h6>Sk\u0142ad:<\/h6>\n<div>Witamina A: 6250 I.E.<br \/>\nWitamina D3: 1250 I.E.<br \/>\nWitamina B1: 375 mg<br \/>\nWitamina B2: 313 mg<br \/>\nWitamina B6: 500 mg<br \/>\nWitamina B12: 125 mcg<br \/>\nWitamina B3: 5 mg<br \/>\nWitamina C: 5 mg<br \/>\nWitamina E: 2,5 mg<br \/>\nWitamina K3: 750 mg<br \/>\nKwas foliowy: 13 mg<br \/>\nWapniopantotenian: 1,625 mg<br \/>\nL-Arginina: 400 mg<br \/>\nKwas L-Aspartowy: 1,8 g<br \/>\nGlicyna: 340 mg<br \/>\nLeucyna: 1,7 g<br \/>\nLizyna: 1,56 g<br \/>\nMetionina: 360 mg<br \/>\nTyrozyna: 520 mg<br \/>\nWalina: 960 mg<br \/>\nSk\u0142adniki nieaktywne do 1000 ml<\/div>\n<div>Trzyma\u0107 z dala od dzieci.<br \/>\nTylko doustnie dla zwierz\u0105t, kt\u00f3re nie s\u0105 przeznaczone do spo\u017cycia przez ludzi.<br \/>\nPrzechowywa\u0107 w suchym miejscu, z dala od \u015bwiat\u0142a s\u0142onecznego, w temperaturze 0\u201330 \u00b0C.<br \/>\nNajlepiej u\u017cy\u0107 przed: patrz opakowanie.<\/div>\n","protected":false},"excerpt":{"rendered":"<p>Wskazania: CAREMIN przyczynia si\u0119 do dobrego stanu zdrowia i wspomaga uk\u0142ad odporno\u015bciowy u m\u0142odych i starszych go\u0142\u0119bi! CAREMIN mo\u017ce by\u0107 stosowany przez&hellip;<\/p>\n","protected":false},"featured_media":13549,"template":"","meta":[],"product_cat":[307,304],"product_tag":[],"class_list":{"0":"post-13820","1":"product","2":"type-product","3":"status-publish","4":"has-post-thumbnail","6":"product_cat-suplementy-dla-golebi","7":"product_cat-suplementy-dla-ptakow","9":"first","10":"instock","11":"shipping-taxable","12":"product-type-simple"},"_links":{"self":[{"href":"https:\/\/care4birds.bg\/pl\/wp-json\/wp\/v2\/product\/13820","targetHints":{"allow":["GET"]}}],"collection":[{"href":"https:\/\/care4birds.bg\/pl\/wp-json\/wp\/v2\/product"}],"about":[{"href":"https:\/\/care4birds.bg\/pl\/wp-json\/wp\/v2\/types\/product"}],"wp:featuredmedia":[{"embeddable":true,"href":"https:\/\/care4birds.bg\/pl\/wp-json\/wp\/v2\/media\/13549"}],"wp:attachment":[{"href":"https:\/\/care4birds.bg\/pl\/wp-json\/wp\/v2\/media?parent=13820"}],"wp:term":[{"taxonomy":"product_cat","embeddable":true,"href":"https:\/\/care4birds.bg\/pl\/wp-json\/wp\/v2\/product_cat?post=13820"},{"taxonomy":"product_tag","embeddable":true,"href":"https:\/\/care4birds.bg\/pl\/wp-json\/wp\/v2\/product_tag?post=13820"}],"curies":[{"name":"wp","href":"https:\/\/api.w.org\/{rel}","templated":true}]}}