{"id":13823,"date":"2025-11-03T11:06:31","date_gmt":"2025-11-03T11:06:31","guid":{"rendered":"https:\/\/care4birds.bg\/product\/bathsalt\/"},"modified":"2026-04-09T10:37:42","modified_gmt":"2026-04-09T10:37:42","slug":"bathsalt","status":"publish","type":"product","link":"https:\/\/care4birds.bg\/pl\/produkt\/bathsalt\/","title":{"rendered":"Bathsalt"},"content":{"rendered":"<p><i>Idealna s\u00f3l k\u0105pielowa dla go\u0142\u0119bi<\/i><\/p>\n<p>Polecana na wszystkie sezony, a szczeg\u00f3lnie w okresie pierzenia.<\/p>\n<ul>\n<li>Sprawia, \u017ce pi\u00f3ra s\u0105 bardziej elastyczne<\/li>\n<li>Stymuluje linienie puchu i usuwa \u0142uski sk\u00f3ry<\/li>\n<li>Mocniejsze pi\u00f3ra<\/li>\n<li>Rozlu\u017ania mi\u0119\u015bnie<\/li>\n<li>Usuwa \u0142uski sk\u00f3ry bez wp\u0142ywu na kondycj\u0119 go\u0142\u0119bi.<\/li>\n<\/ul>\n<h6>Dawkowanie:<\/h6>\n<p>1 pe\u0142na miarka (20 g) na 10 litr\u00f3w wody, raz lub dwa razy w tygodniu.<br \/>\nSzczeg\u00f3lnie w okresie pierzenia: 2 k\u0105piele tygodniowo.<\/p>\n","protected":false},"excerpt":{"rendered":"<p>Idealna s\u00f3l k\u0105pielowa dla go\u0142\u0119bi Polecana na wszystkie sezony, a szczeg\u00f3lnie w okresie pierzenia. Sprawia, \u017ce pi\u00f3ra s\u0105 bardziej elastyczne Stymuluje linienie&hellip;<\/p>\n","protected":false},"featured_media":13551,"template":"","meta":[],"product_cat":[307],"product_tag":[],"class_list":{"0":"post-13823","1":"product","2":"type-product","3":"status-publish","4":"has-post-thumbnail","6":"product_cat-suplementy-dla-golebi","8":"first","9":"instock","10":"shipping-taxable","11":"product-type-simple"},"_links":{"self":[{"href":"https:\/\/care4birds.bg\/pl\/wp-json\/wp\/v2\/product\/13823","targetHints":{"allow":["GET"]}}],"collection":[{"href":"https:\/\/care4birds.bg\/pl\/wp-json\/wp\/v2\/product"}],"about":[{"href":"https:\/\/care4birds.bg\/pl\/wp-json\/wp\/v2\/types\/product"}],"wp:featuredmedia":[{"embeddable":true,"href":"https:\/\/care4birds.bg\/pl\/wp-json\/wp\/v2\/media\/13551"}],"wp:attachment":[{"href":"https:\/\/care4birds.bg\/pl\/wp-json\/wp\/v2\/media?parent=13823"}],"wp:term":[{"taxonomy":"product_cat","embeddable":true,"href":"https:\/\/care4birds.bg\/pl\/wp-json\/wp\/v2\/product_cat?post=13823"},{"taxonomy":"product_tag","embeddable":true,"href":"https:\/\/care4birds.bg\/pl\/wp-json\/wp\/v2\/product_tag?post=13823"}],"curies":[{"name":"wp","href":"https:\/\/api.w.org\/{rel}","templated":true}]}}