{"id":13827,"date":"2025-11-03T11:03:01","date_gmt":"2025-11-03T11:03:01","guid":{"rendered":"https:\/\/care4birds.bg\/product\/orni-super-mix\/"},"modified":"2026-04-09T10:39:15","modified_gmt":"2026-04-09T10:39:15","slug":"orni-super-mix","status":"publish","type":"product","link":"https:\/\/care4birds.bg\/pl\/produkt\/orni-super-mix\/","title":{"rendered":"Orni Super Mix"},"content":{"rendered":"<div>\n<h6>Wskazania:<\/h6>\n<p>Ornithosis, Mycoplasmosis, problemy oddechowe i kandry.\n<\/p><\/div>\n<h6>Objawy:<\/h6>\n<div:>Wyrywanie pi\u00f3r, drapanie g\u0142owy, zaczerwienione gard\u0142o, ziewanie, zapalenie trzeciej powieki (szczeg\u00f3lnie u m\u0142odych go\u0142\u0119bi), brudne dzioby, sinawa sk\u00f3ra, spuchni\u0119ta g\u0142owa, jedno zimne oko, mokre oczy, katar.<\/div>\n<h6>Dawkowanie:<\/h6>\n<div><i>ORNI SUPER MIX PROSZEK<\/i><br \/>\nProfilaktyka: 1 miarka (=5 g) na 2 litry wody pitnej przez 1-2 dni, co 2 tygodnie,\n<\/div>\n<div>najlepiej zaczynaj\u0105c dzie\u0144 po wy\u015bcigu.<\/div>\n<div>Leczenie: 1 miarka (=5 g) na 2 litry wody pitnej przez 5-7 kolejnych dni.<\/div>\n<div>Leczenie mo\u017cna powt\u00f3rzy\u0107 w razie potrzeby po kilku dniach.<\/div>\n<div>Dobrze wymiesza\u0107 przed u\u017cyciem!<\/div>\n<div>Orni Super Mix jest proszkiem rozpuszczalnym w wodzie, mo\u017cna go r\u00f3wnie\u017c podawa\u0107 z pasz\u0105.<\/div>\n<div>\nMiarka 1+5 g w zestawie.<\/p>\n<p><i>ORNI SUPER MIX TABLETKI<\/i><br \/>\nProfilaktyka: 1 tabletka na go\u0142\u0119bia (400-500 g masy cia\u0142a) przez 1-2 kolejne dni.<br \/>\nLeczenie: 1 tabletka na go\u0142\u0119bia (400-500 g masy cia\u0142a) przez 3-5 kolejnych dni lub wed\u0142ug zalece\u0144 weterynarza.\n<\/div>\n<h6>Zawiera:<\/h6>\n<p><i>ORNI SUPER MIX PROSZEK<\/i><br \/>\nDoxycyklina Hyclate 6%, Spiramycyna Adipat 10%, Metronidazol 10%, Bromheksyna HCl 2%, substancje nieaktywne q.s. do 100 g.<\/p>\n<p><i>ORNI SUPER MIX TABLETKI<\/i><br \/>\n<i>Doxycyklina Hyclate<\/i> 102 mg\/g; <i>Spiramycyna Adipat<\/i> 80 mg\/g; <i>Metronidazol<\/i> 100 mg\/g; <i>Bromheksyna HCl<\/i> 20 mg\/g<\/p>\n","protected":false},"excerpt":{"rendered":"<p>Wskazania: Ornithosis, Mycoplasmosis, problemy oddechowe i kandry. Objawy: Wyrywanie pi\u00f3r, drapanie g\u0142owy, zaczerwienione gard\u0142o, ziewanie, zapalenie trzeciej powieki (szczeg\u00f3lnie u m\u0142odych go\u0142\u0119bi),&hellip;<\/p>\n","protected":false},"featured_media":13828,"template":"","meta":[],"product_cat":[301],"product_tag":[],"class_list":{"0":"post-13827","1":"product","2":"type-product","3":"status-publish","4":"has-post-thumbnail","6":"product_cat-leki-dla-golebi","8":"first","9":"instock","10":"shipping-taxable","11":"product-type-simple"},"_links":{"self":[{"href":"https:\/\/care4birds.bg\/pl\/wp-json\/wp\/v2\/product\/13827","targetHints":{"allow":["GET"]}}],"collection":[{"href":"https:\/\/care4birds.bg\/pl\/wp-json\/wp\/v2\/product"}],"about":[{"href":"https:\/\/care4birds.bg\/pl\/wp-json\/wp\/v2\/types\/product"}],"wp:featuredmedia":[{"embeddable":true,"href":"https:\/\/care4birds.bg\/pl\/wp-json\/wp\/v2\/media\/13828"}],"wp:attachment":[{"href":"https:\/\/care4birds.bg\/pl\/wp-json\/wp\/v2\/media?parent=13827"}],"wp:term":[{"taxonomy":"product_cat","embeddable":true,"href":"https:\/\/care4birds.bg\/pl\/wp-json\/wp\/v2\/product_cat?post=13827"},{"taxonomy":"product_tag","embeddable":true,"href":"https:\/\/care4birds.bg\/pl\/wp-json\/wp\/v2\/product_tag?post=13827"}],"curies":[{"name":"wp","href":"https:\/\/api.w.org\/{rel}","templated":true}]}}