{"id":13833,"date":"2025-11-03T11:00:43","date_gmt":"2025-11-03T11:00:43","guid":{"rendered":"https:\/\/care4birds.bg\/product\/respiratory-broncho-mix\/"},"modified":"2026-04-09T10:41:29","modified_gmt":"2026-04-09T10:41:29","slug":"respiratory-broncho-mix","status":"publish","type":"product","link":"https:\/\/care4birds.bg\/pl\/produkt\/respiratory-broncho-mix\/","title":{"rendered":"Respiratory Broncho Mix"},"content":{"rendered":"<div>\n<h6>Wskazania:<\/h6>\n<\/div>\n<div>Uk\u0142ad oddechowy mo\u017ce by\u0107 zaka\u017cony przez Chlamydia, Mycoplasma, bakterie (szczeg\u00f3lnie E. coli), grzyby i wirusy. Dlatego ta mieszanka zawiera kilka sk\u0142adnik\u00f3w aktywnych.<\/div>\n<h6>Objawy:<\/h6>\n<div>Kichanie, spadek lot\u00f3w, straty wy\u015bcigowe, wydzielina z oczu i nosa, opuchni\u0119ta m\u00f3\u017cd\u017cek i zatoki, wyci\u0105ganie szyi i po\u0142ykanie, ziewanie, \u015bluzowato-zielone odchody.<\/div>\n<h6>Dawkowanie:<\/h6>\n<div><i>RESPIRATORY BRONCHO MIX PROSZEK<\/i><\/div>\n<div>Profilaktyka: 1 miarka (=5 g) na 2 litry wody pitnej przez 1-2 dni, co 2 tygodnie,<\/div>\n<div>najlepiej zaczynaj\u0105c dzie\u0144 po wy\u015bcigu.<\/div>\n<div>Leczenie: 1 miarka (=5 g) na 2 litry wody pitnej przez 5-7 kolejnych dni.<\/div>\n<div>W razie potrzeby kuracj\u0119 mo\u017cna powt\u00f3rzy\u0107 po kilku dniach.<\/div>\n<div>Dobrze wymiesza\u0107 przed u\u017cyciem!<\/div>\n<div>Respiratory Broncho Mix jest proszkiem rozpuszczalnym w wodzie, mo\u017cna go r\u00f3wnie\u017c podawa\u0107 z pasz\u0105.<\/div>\n<div>\nMiarka 1+5 g w zestawie.<\/p>\n<p><i>RESPIRATORY BRONCHO TABLETKI<\/i>\n<\/div>\n<p>Profilaktyka: 1 tabletka na go\u0142\u0119bia (400-500 g masy cia\u0142a) przez 1-2 kolejne dni.<br \/>\nLeczenie: 1 tabletka na go\u0142\u0119bia (400-500 g masy cia\u0142a) przez 3-5 kolejnych dni lub zgodnie z zaleceniami weterynarza.<\/p>\n<h6>Zawiera:<\/h6>\n<p><i>RESPIRATORY BRONCHO MIX PROSZEK<\/i><br \/>\nErytromycyna Thioc 3,5%, Neomycyna Sulf 1,0%, Streptomycyna Sulf 3,5%, Futaltadon HCI 6,0%, Oksytetracyklina HCI 5,0%, witaminy, substancje nieaktywne q.s. do 100 g.<\/p>\n<p><i>RESPIRATORY BRONCHO TABLETKI<\/i><br \/>\nLincomycyna 250 mg\/g; Spectinomycyna 75 mg\/g<\/p>\n","protected":false},"excerpt":{"rendered":"<p>Wskazania: Uk\u0142ad oddechowy mo\u017ce by\u0107 zaka\u017cony przez Chlamydia, Mycoplasma, bakterie (szczeg\u00f3lnie E. coli), grzyby i wirusy. Dlatego ta mieszanka zawiera kilka sk\u0142adnik\u00f3w&hellip;<\/p>\n","protected":false},"featured_media":13834,"template":"","meta":[],"product_cat":[301],"product_tag":[],"class_list":{"0":"post-13833","1":"product","2":"type-product","3":"status-publish","4":"has-post-thumbnail","6":"product_cat-leki-dla-golebi","8":"first","9":"instock","10":"shipping-taxable","11":"product-type-simple"},"_links":{"self":[{"href":"https:\/\/care4birds.bg\/pl\/wp-json\/wp\/v2\/product\/13833","targetHints":{"allow":["GET"]}}],"collection":[{"href":"https:\/\/care4birds.bg\/pl\/wp-json\/wp\/v2\/product"}],"about":[{"href":"https:\/\/care4birds.bg\/pl\/wp-json\/wp\/v2\/types\/product"}],"wp:featuredmedia":[{"embeddable":true,"href":"https:\/\/care4birds.bg\/pl\/wp-json\/wp\/v2\/media\/13834"}],"wp:attachment":[{"href":"https:\/\/care4birds.bg\/pl\/wp-json\/wp\/v2\/media?parent=13833"}],"wp:term":[{"taxonomy":"product_cat","embeddable":true,"href":"https:\/\/care4birds.bg\/pl\/wp-json\/wp\/v2\/product_cat?post=13833"},{"taxonomy":"product_tag","embeddable":true,"href":"https:\/\/care4birds.bg\/pl\/wp-json\/wp\/v2\/product_tag?post=13833"}],"curies":[{"name":"wp","href":"https:\/\/api.w.org\/{rel}","templated":true}]}}