{"id":13839,"date":"2025-11-03T11:00:07","date_gmt":"2025-11-03T11:00:07","guid":{"rendered":"https:\/\/care4birds.bg\/product\/worm-care\/"},"modified":"2026-04-09T10:43:30","modified_gmt":"2026-04-09T10:43:30","slug":"worm-care","status":"publish","type":"product","link":"https:\/\/care4birds.bg\/pl\/produkt\/worm-care\/","title":{"rendered":"Worm Care"},"content":{"rendered":"<div>\n<h6>Wskazania:<\/h6>\n<p>Zaka\u017cenia w\u0142osog\u0142\u00f3wk\u0105 i glist\u0105 u go\u0142\u0119bi (Capilarias spp i Ascaridia spp)\n<\/p><\/div>\n<h6>Objawy:<\/h6>\n<div>Ptaszki trac\u0105 na wadze. Mocno zainfekowane go\u0142\u0119bie zazwyczaj wykazuj\u0105 s\u0142ab\u0105 kondycj\u0119 og\u00f3ln\u0105, apati\u0119, matowe i postrz\u0119pione pi\u00f3ra oraz odchody o r\u00f3\u017cnej konsystencji.<\/div>\n<h6>Dawkowanie:<\/h6>\n<div><i>WORM CARE PROSZEK<\/i><br \/>\n5 g na 2 litry wody pitnej (ok. 40 go\u0142\u0119bi), 1 lub 2 dni. Nie odrobacza\u0107 go\u0142\u0119bi podczas wychowu m\u0142odych ani w czasie g\u0142\u00f3wnej linienia. Powt\u00f3rzy\u0107 leczenie po 10-12 dniach. Worm Care jest proszkiem rozpuszczalnym w wodzie, mo\u017cna go r\u00f3wnie\u017c podawa\u0107 z pasz\u0105.<\/div>\n<div><i>WORM CARE TABLETKI<\/i><br \/>\n1 tabletka na go\u0142\u0119bia (400-500 g masy cia\u0142a) przez 1 dzie\u0144. Powt\u00f3rzy\u0107 leczenie po 10-12 dniach.<\/div>\n<h6>Zawiera:<\/h6>\n<p><i>WORM CARE PROSZEK<\/i><br \/>\nLevamisol HCI 16%, substancje nieaktywne q.s. do 100 g.<\/p>\n<p><i>WORM CARE TABLETKI<\/i><br \/>\nFlubendazol 66,7 mg\/g<\/p>\n","protected":false},"excerpt":{"rendered":"<p>Wskazania: Zaka\u017cenia w\u0142osog\u0142\u00f3wk\u0105 i glist\u0105 u go\u0142\u0119bi (Capilarias spp i Ascaridia spp) Objawy: Ptaszki trac\u0105 na wadze. Mocno zainfekowane go\u0142\u0119bie zazwyczaj wykazuj\u0105&hellip;<\/p>\n","protected":false},"featured_media":13840,"template":"","meta":[],"product_cat":[301],"product_tag":[],"class_list":{"0":"post-13839","1":"product","2":"type-product","3":"status-publish","4":"has-post-thumbnail","6":"product_cat-leki-dla-golebi","8":"first","9":"instock","10":"shipping-taxable","11":"product-type-simple"},"_links":{"self":[{"href":"https:\/\/care4birds.bg\/pl\/wp-json\/wp\/v2\/product\/13839","targetHints":{"allow":["GET"]}}],"collection":[{"href":"https:\/\/care4birds.bg\/pl\/wp-json\/wp\/v2\/product"}],"about":[{"href":"https:\/\/care4birds.bg\/pl\/wp-json\/wp\/v2\/types\/product"}],"wp:featuredmedia":[{"embeddable":true,"href":"https:\/\/care4birds.bg\/pl\/wp-json\/wp\/v2\/media\/13840"}],"wp:attachment":[{"href":"https:\/\/care4birds.bg\/pl\/wp-json\/wp\/v2\/media?parent=13839"}],"wp:term":[{"taxonomy":"product_cat","embeddable":true,"href":"https:\/\/care4birds.bg\/pl\/wp-json\/wp\/v2\/product_cat?post=13839"},{"taxonomy":"product_tag","embeddable":true,"href":"https:\/\/care4birds.bg\/pl\/wp-json\/wp\/v2\/product_tag?post=13839"}],"curies":[{"name":"wp","href":"https:\/\/api.w.org\/{rel}","templated":true}]}}