{"id":13845,"date":"2025-11-03T10:59:27","date_gmt":"2025-11-03T10:59:27","guid":{"rendered":"https:\/\/care4birds.bg\/product\/ronidazole\/"},"modified":"2026-04-09T10:45:15","modified_gmt":"2026-04-09T10:45:15","slug":"ronidazole","status":"publish","type":"product","link":"https:\/\/care4birds.bg\/pl\/produkt\/ronidazole\/","title":{"rendered":"Ronidazole"},"content":{"rendered":"<div>\n<h6>Wskazania:<\/h6>\n<p>Rz\u0119sistkowica i hexamitowica (Trichomoniasis, Hexamitiasis). Ronidazole 10% jest szczeg\u00f3lnie skuteczny przeciwko infekcjom wywo\u0142anym przez trichomonady i hexamity u go\u0142\u0119bi. W sezonie wy\u015bcigowym wymagane s\u0105 regularne zabiegi. M\u0142ode ptaki z ci\u0119\u017ckimi zaka\u017ceniami jelit spowodowanymi przez hexamity s\u0105 bardziej podatne na infekcje E-coli. Margines bezpiecze\u0144stwa jest znacz\u0105cy, r\u00f3wnie\u017c dla m\u0142odych zwierz\u0105t.\n<\/p><\/div>\n<h6>Objawy:<\/h6>\n<div>Utrata kondycji, z\u0142e trawienie, z\u0142e odchody, zapalenie b\u0142ony \u015bluzowej w worku \u017co\u0142\u0105dkowym, komplikacje przy ornitozie, ma\u0142e bia\u0142e lub \u017c\u00f3\u0142tawe plamy w jamie ustnej.<\/div>\n<h6>Dawkowanie:<\/h6>\n<div><i>RONIDAZOLE 10% PROSZEK<\/i><br \/>\nProfilaktyka: 2 miarki (=2g) \/ 1 litr wody pitnej przez 1-2 dni, co 2 tygodnie, najlepiej zaczynaj\u0105c dzie\u0144 po wy\u015bcigu.<\/div>\n<div>Leczenie w sezonie wy\u015bcigowym: 2 miarki (=2g) \/ 1 litr wody pitnej przez 5-7 dni z rz\u0119du. W razie potrzeby kuracj\u0119 mo\u017cna powt\u00f3rzy\u0107 po kilku dniach. Dobrze wymiesza\u0107 przed u\u017cyciem!<\/div>\n<div>Ronidazole jest proszkiem rozpuszczalnym w wodzie, mo\u017ce by\u0107 r\u00f3wnie\u017c podawany z pasz\u0105.<\/div>\n<div>\nMiarka 1+5 g w zestawie.<\/p>\n<p><i>RONI 15% TABLETKI<\/i><br \/>\nProfilaktyka: 1 tabletka na go\u0142\u0119bia (400-500 g masy cia\u0142a) przez 1-2 dni z rz\u0119du.<br \/>\nLeczenie: 1 tabletka na go\u0142\u0119bia (400-500 g masy cia\u0142a) przez 3-5 dni z rz\u0119du lub zgodnie z zaleceniem weterynarza.\n<\/div>\n<h6>Zawiera:<\/h6>\n<div><i>RONIDAZOLE 10% PROSZEK<\/i><br \/>\nRonidazole 10%, substancje nieaktywne q.s. do 100 g.<br \/>\n<i>RONI 15% TABLETKI<\/i><br \/>\nRonidazole 150 mg\/g\n<\/div>\n","protected":false},"excerpt":{"rendered":"<p>Wskazania: Rz\u0119sistkowica i hexamitowica (Trichomoniasis, Hexamitiasis). Ronidazole 10% jest szczeg\u00f3lnie skuteczny przeciwko infekcjom wywo\u0142anym przez trichomonady i hexamity u go\u0142\u0119bi. W sezonie&hellip;<\/p>\n","protected":false},"featured_media":13846,"template":"","meta":[],"product_cat":[301],"product_tag":[],"class_list":{"0":"post-13845","1":"product","2":"type-product","3":"status-publish","4":"has-post-thumbnail","6":"product_cat-leki-dla-golebi","8":"first","9":"instock","10":"shipping-taxable","11":"product-type-simple"},"_links":{"self":[{"href":"https:\/\/care4birds.bg\/pl\/wp-json\/wp\/v2\/product\/13845","targetHints":{"allow":["GET"]}}],"collection":[{"href":"https:\/\/care4birds.bg\/pl\/wp-json\/wp\/v2\/product"}],"about":[{"href":"https:\/\/care4birds.bg\/pl\/wp-json\/wp\/v2\/types\/product"}],"wp:featuredmedia":[{"embeddable":true,"href":"https:\/\/care4birds.bg\/pl\/wp-json\/wp\/v2\/media\/13846"}],"wp:attachment":[{"href":"https:\/\/care4birds.bg\/pl\/wp-json\/wp\/v2\/media?parent=13845"}],"wp:term":[{"taxonomy":"product_cat","embeddable":true,"href":"https:\/\/care4birds.bg\/pl\/wp-json\/wp\/v2\/product_cat?post=13845"},{"taxonomy":"product_tag","embeddable":true,"href":"https:\/\/care4birds.bg\/pl\/wp-json\/wp\/v2\/product_tag?post=13845"}],"curies":[{"name":"wp","href":"https:\/\/api.w.org\/{rel}","templated":true}]}}