{"id":13852,"date":"2025-11-03T10:58:02","date_gmt":"2025-11-03T10:58:02","guid":{"rendered":"https:\/\/care4birds.bg\/product\/caremycin\/"},"modified":"2026-04-09T10:48:22","modified_gmt":"2026-04-09T10:48:22","slug":"caremycin","status":"publish","type":"product","link":"https:\/\/care4birds.bg\/pl\/produkt\/caremycin\/","title":{"rendered":"Caremycin"},"content":{"rendered":"<h6>Wskazania:<\/h6>\n<p>Salmonelloza (Paratyfus), E-coli, zaka\u017cenia bakteryjne og\u00f3lnie<\/p>\n<h6>Dawkowanie:<\/h6>\n<p>Profilaktyka: 5 g Caremycin na 5 litr\u00f3w wody pitnej lub 1 saszetka na 25 litr\u00f3w wody pitnej przez 4-5 dni z rz\u0119du.<\/p>\n<p>Leczenie: 5 g Caremycin na 2,5 litra wody pitnej lub 1 saszetka na 12,5 litra wody pitnej przez 4-5 dni z rz\u0119du. W sezonie wy\u015bcigowym: dzie\u0144 powrotu: 5 g Caremycin na 2,5 litra wody pitnej lub 1 saszetka na 12,5 litra wody pitnej przez 1-2 dni z rz\u0119du.<\/p>\n<h6>Interakcje:<\/h6>\n<p>Nieznane<\/p>\n<h6>Przeciwwskazania:<\/h6>\n<p>Podawanie z bromheksyn\u0105 i przedawkowanie<\/p>\n<h6>Porady dotycz\u0105ce u\u017cycia:<\/h6>\n<ul>\n<li>Izoluj chore zwierz\u0119ta<\/li>\n<li>Leczy\u0107 wszystkie zwierz\u0119ta, nie tylko chore<\/li>\n<li>Wymiesza\u0107 zalecan\u0105 dawk\u0119 w wodzie pitnej<\/li>\n<li>Upewnij si\u0119, \u017ce nie ma innej wody w czasie leczenia<\/li>\n<li>Po leczeniu poda\u0107 Care 4 Birds MULTIVIT MIX (dzie\u0144 po ostatnim dniu leczenia)<\/li>\n<li>Dezynfekowa\u0107 go\u0142\u0119bnik Care 4 Birds LOFT CLEANER<\/li>\n<li>Nie podawa\u0107 w dniu wysy\u0142ki<\/li>\n<li>W razie w\u0105tpliwo\u015bci lub utrzymuj\u0105cych si\u0119 problem\u00f3w skonsultowa\u0107 si\u0119 z ekspertem<\/li>\n<\/ul>\n<h6>UWAGI: PRZECZYTAJ INSTRUKCJ\u0118 PRZED U\u017bYCIEM.<\/h6>\n<ul>\n<li>Zawiera 25 g leku weterynaryjnego dla ptak\u00f3w<\/li>\n<li>Przechowywa\u0107 w suchym miejscu, z dala od \u015bwiat\u0142a s\u0142onecznego, w temperaturze 0-30 \u00b0C<\/li>\n<li>Ograniczony czas przechowywania po otwarciu<\/li>\n<li>Trzyma\u0107 z dala od dzieci<\/li>\n<li>Tylko dla leczenia zwierz\u0105t. Nie dla zwierz\u0105t przeznaczonych do spo\u017cycia przez ludzi<\/li>\n<li>Unika\u0107 kontaktu leku z r\u0119kami<\/li>\n<li>Lek weterynaryjny wprowadzony zgodnie z regulacjami dla ma\u0142ych zwierz\u0105t<\/li>\n<\/ul>\n<h6>Zawarto\u015b\u0107 w 25 g:<\/h6>\n<p>Chlortetracycline HCl 3,125 g ; Furaltadone HCl 3,125 g ; Chloramphenicol 2,000 g<\/p>\n","protected":false},"excerpt":{"rendered":"<p>Wskazania: Salmonelloza (Paratyfus), E-coli, zaka\u017cenia bakteryjne og\u00f3lnie Dawkowanie: Profilaktyka: 5 g Caremycin na 5 litr\u00f3w wody pitnej lub 1 saszetka na 25&hellip;<\/p>\n","protected":false},"featured_media":13853,"template":"","meta":[],"product_cat":[301],"product_tag":[],"class_list":{"0":"post-13852","1":"product","2":"type-product","3":"status-publish","4":"has-post-thumbnail","6":"product_cat-leki-dla-golebi","8":"first","9":"instock","10":"shipping-taxable","11":"product-type-simple"},"_links":{"self":[{"href":"https:\/\/care4birds.bg\/pl\/wp-json\/wp\/v2\/product\/13852","targetHints":{"allow":["GET"]}}],"collection":[{"href":"https:\/\/care4birds.bg\/pl\/wp-json\/wp\/v2\/product"}],"about":[{"href":"https:\/\/care4birds.bg\/pl\/wp-json\/wp\/v2\/types\/product"}],"wp:featuredmedia":[{"embeddable":true,"href":"https:\/\/care4birds.bg\/pl\/wp-json\/wp\/v2\/media\/13853"}],"wp:attachment":[{"href":"https:\/\/care4birds.bg\/pl\/wp-json\/wp\/v2\/media?parent=13852"}],"wp:term":[{"taxonomy":"product_cat","embeddable":true,"href":"https:\/\/care4birds.bg\/pl\/wp-json\/wp\/v2\/product_cat?post=13852"},{"taxonomy":"product_tag","embeddable":true,"href":"https:\/\/care4birds.bg\/pl\/wp-json\/wp\/v2\/product_tag?post=13852"}],"curies":[{"name":"wp","href":"https:\/\/api.w.org\/{rel}","templated":true}]}}