{"id":13859,"date":"2025-11-03T10:57:19","date_gmt":"2025-11-03T10:57:19","guid":{"rendered":"https:\/\/care4birds.bg\/product\/tricho-magic\/"},"modified":"2026-04-09T10:49:40","modified_gmt":"2026-04-09T10:49:40","slug":"tricho-magic","status":"publish","type":"product","link":"https:\/\/care4birds.bg\/pl\/produkt\/tricho-magic\/","title":{"rendered":"Tricho Magic"},"content":{"rendered":"<div>\n<h6>Wskazania:<\/h6>\n<p>Kannarioza (Trichomoniasis), Hexamitiasis. Tricho Magic jest szczeg\u00f3lnie skuteczny w zwalczaniu infekcji wywo\u0142anych przez trichomonady i hexamity u go\u0142\u0119bi. W sezonie wy\u015bcigowym konieczne s\u0105 regularne zabiegi przeciw tym infekcjom. M\u0142ode ptaki z ci\u0119\u017ckimi infekcjami jelit wywo\u0142anymi przez hexamity s\u0105 bardziej podatne na nieprzyjemne zaka\u017cenie E-coli. Margines bezpiecze\u0144stwa jest znaczny\n<\/p><\/div>\n<div>r\u00f3wnie\u017c dla m\u0142odych ptak\u00f3w.<\/div>\n<h6>Objawy:<\/h6>\n<div>Utrata kondycji, z\u0142e wyniki wy\u015bcig\u00f3w, \u017c\u00f3\u0142ta substancja w gardle i dziobie ptaka, zwi\u0119kszona ilo\u015b\u0107 \u015bluzu, zaczerwienione gard\u0142o, zwi\u0119kszone spo\u017cycie wody (\u201emokre gniazda\u201d).<\/div>\n<h6>Dawkowanie:<\/h6>\n<div><i>TRICHO MAGIC PROSZEK<\/i><br \/>\nProfilaktyka: 2 miarki (=2g) \/ 1 litr wody pitnej przez 1-2 dni, co 2 tygodnie, najlepiej zaczynaj\u0105c dzie\u0144 po wy\u015bcigu.<\/div>\n<div>Leczenie w sezonie wy\u015bcigowym: 2 miarki (=2g) \/ 1 litr wody pitnej przez 5-7 dni z rz\u0119du. Leczenie mo\u017cna powt\u00f3rzy\u0107 w razie potrzeby po kilku dniach. Dok\u0142adnie wymiesza\u0107 przed u\u017cyciem!<\/div>\n<div>Tricho Magic jest proszkiem rozpuszczalnym w wodzie, mo\u017cna go r\u00f3wnie\u017c podawa\u0107 pod pasz\u0119.<\/div>\n<div>\nMiarka 1+5 g w zestawie.<br \/>\n<i>TRICHO MAGIC TABLETKI<\/i><br \/>\nProfilaktycznie: 1 tabletka na go\u0142\u0119bia (400-500 g masy cia\u0142a) przez 1-2 dni z rz\u0119du.<br \/>\nLeczniczo: 1 tabletka na go\u0142\u0119bia (400-500 g masy cia\u0142a) przez 3-5 dni z rz\u0119du lub zgodnie z zaleceniami weterynarza.\n<\/div>\n<h6>Zawiera:<\/h6>\n<div><i>TRICHO MAGIC PROSZEK<\/i><br \/>\nRonidazol 8%, Metronidazol 10%, sk\u0142adniki nieaktywne do 100 g.<i>TRICHO MAGIC TABLETKI<\/i><br \/>\nCarnidazol 40 mg\/g\n<\/div>\n","protected":false},"excerpt":{"rendered":"<p>Wskazania: Kannarioza (Trichomoniasis), Hexamitiasis. Tricho Magic jest szczeg\u00f3lnie skuteczny w zwalczaniu infekcji wywo\u0142anych przez trichomonady i hexamity u go\u0142\u0119bi. W sezonie wy\u015bcigowym&hellip;<\/p>\n","protected":false},"featured_media":13860,"template":"","meta":[],"product_cat":[301],"product_tag":[],"class_list":{"0":"post-13859","1":"product","2":"type-product","3":"status-publish","4":"has-post-thumbnail","6":"product_cat-leki-dla-golebi","8":"first","9":"instock","10":"shipping-taxable","11":"product-type-simple"},"_links":{"self":[{"href":"https:\/\/care4birds.bg\/pl\/wp-json\/wp\/v2\/product\/13859","targetHints":{"allow":["GET"]}}],"collection":[{"href":"https:\/\/care4birds.bg\/pl\/wp-json\/wp\/v2\/product"}],"about":[{"href":"https:\/\/care4birds.bg\/pl\/wp-json\/wp\/v2\/types\/product"}],"wp:featuredmedia":[{"embeddable":true,"href":"https:\/\/care4birds.bg\/pl\/wp-json\/wp\/v2\/media\/13860"}],"wp:attachment":[{"href":"https:\/\/care4birds.bg\/pl\/wp-json\/wp\/v2\/media?parent=13859"}],"wp:term":[{"taxonomy":"product_cat","embeddable":true,"href":"https:\/\/care4birds.bg\/pl\/wp-json\/wp\/v2\/product_cat?post=13859"},{"taxonomy":"product_tag","embeddable":true,"href":"https:\/\/care4birds.bg\/pl\/wp-json\/wp\/v2\/product_tag?post=13859"}],"curies":[{"name":"wp","href":"https:\/\/api.w.org\/{rel}","templated":true}]}}