{"id":13865,"date":"2025-11-03T10:55:55","date_gmt":"2025-11-03T10:55:55","guid":{"rendered":"https:\/\/care4birds.bg\/product\/fungi-stop\/"},"modified":"2026-04-09T10:51:05","modified_gmt":"2026-04-09T10:51:05","slug":"fungi-stop","status":"publish","type":"product","link":"https:\/\/care4birds.bg\/pl\/produkt\/fungi-stop\/","title":{"rendered":"Fungi Stop"},"content":{"rendered":"<div>\n<h6>Wskazania:<\/h6>\n<p>Znaczenie dla hodowc\u00f3w go\u0142\u0119bi polega na tym, \u017ce niekt\u00f3re rodzaje grzyb\u00f3w lubi\u0105 rozwija\u0107 si\u0119 na ziarnie. Z\u0142a higiena mo\u017ce r\u00f3wnie\u017c sprzyja\u0107 rozprzestrzenianiu si\u0119 dro\u017cd\u017cy. Wi\u0119kszo\u015b\u0107 zdrowych ptak\u00f3w nie zostanie dotkni\u0119ta, starsze, chore i zestresowane ptaki zazwyczaj rozwijaj\u0105 infekcje dro\u017cd\u017cowe. Te wt\u00f3rne infekcje obci\u0105\u017caj\u0105 ju\u017c i tak przeci\u0105\u017cony uk\u0142ad odporno\u015bciowy i zak\u0142\u00f3caj\u0105 proces gojenia.\n<\/p><\/div>\n<h6>Objawy:<\/h6>\n<div>Pierz wysuni\u0119ty na zewn\u0105trz, ma\u0142y apetyt, wymioty, opuchni\u0119ty wole, trudno\u015bci w oddychaniu, cz\u0119sto po\u0142\u0105czone z biegunk\u0105.<\/div>\n<h6>Dawkowanie:<\/h6>\n<div><i>FUNGI STOP PROSZEK<\/i><br \/>\nDawkowanie w karmie: ptaki og\u00f3lnie: 5 g \/ 500 g karmy, dwa razy dziennie, 5-7 dni.<\/div>\n<div>Dawkowanie w wodzie: ptaki og\u00f3lnie: 5 g \/ 1 litr wody, dwa razy dziennie, 5-7 dni.<\/div>\n<div>Dok\u0142adnie wymiesza\u0107 przed u\u017cyciem!<\/div>\n<div>Profilaktycznie podawa\u0107 ptakom kwas cytrynowy 5 ml na 1 litr wody pitnej codziennie.<\/div>\n<div>\nMiarka 1+5 g w zestawie.<br \/>\n<i>FUNGI STOP TABLETKI<\/i><br \/>\nLeczniczo: 1 tabletka na go\u0142\u0119bia (400-500 g masy cia\u0142a) przez 3-5 kolejnych dni lub zgodnie z zaleceniami weterynarza.\n<\/div>\n<h6>Zawiera:<\/h6>\n<p><i>FUNGI STOP PROSZEK<\/i><br \/>\n200.000 j.m. Nystatyna na gram. Sk\u0142adniki nieaktywne do 100 g.<\/p>\n<p><i>FUNGI STOP TABLETKI<\/i><br \/>\nKetokonazol 75 mg\/g<\/p>\n","protected":false},"excerpt":{"rendered":"<p>Wskazania: Znaczenie dla hodowc\u00f3w go\u0142\u0119bi polega na tym, \u017ce niekt\u00f3re rodzaje grzyb\u00f3w lubi\u0105 rozwija\u0107 si\u0119 na ziarnie. Z\u0142a higiena mo\u017ce r\u00f3wnie\u017c sprzyja\u0107&hellip;<\/p>\n","protected":false},"featured_media":13866,"template":"","meta":[],"product_cat":[301],"product_tag":[],"class_list":{"0":"post-13865","1":"product","2":"type-product","3":"status-publish","4":"has-post-thumbnail","6":"product_cat-leki-dla-golebi","8":"first","9":"instock","10":"shipping-taxable","11":"product-type-simple"},"_links":{"self":[{"href":"https:\/\/care4birds.bg\/pl\/wp-json\/wp\/v2\/product\/13865","targetHints":{"allow":["GET"]}}],"collection":[{"href":"https:\/\/care4birds.bg\/pl\/wp-json\/wp\/v2\/product"}],"about":[{"href":"https:\/\/care4birds.bg\/pl\/wp-json\/wp\/v2\/types\/product"}],"wp:featuredmedia":[{"embeddable":true,"href":"https:\/\/care4birds.bg\/pl\/wp-json\/wp\/v2\/media\/13866"}],"wp:attachment":[{"href":"https:\/\/care4birds.bg\/pl\/wp-json\/wp\/v2\/media?parent=13865"}],"wp:term":[{"taxonomy":"product_cat","embeddable":true,"href":"https:\/\/care4birds.bg\/pl\/wp-json\/wp\/v2\/product_cat?post=13865"},{"taxonomy":"product_tag","embeddable":true,"href":"https:\/\/care4birds.bg\/pl\/wp-json\/wp\/v2\/product_tag?post=13865"}],"curies":[{"name":"wp","href":"https:\/\/api.w.org\/{rel}","templated":true}]}}