{"id":13872,"date":"2025-11-03T10:54:21","date_gmt":"2025-11-03T10:54:21","guid":{"rendered":"https:\/\/care4birds.bg\/product\/combi-mix\/"},"modified":"2026-04-09T10:52:44","modified_gmt":"2026-04-09T10:52:44","slug":"combi-mix","status":"publish","type":"product","link":"https:\/\/care4birds.bg\/pl\/produkt\/combi-mix\/","title":{"rendered":"Combi Mix"},"content":{"rendered":"<div>\n<h6>Wskazania:<\/h6>\n<p>Combi Mix 4 w 1 jest bardzo odpowiedni do leczenia trichomonad, hexamit\u00f3w, kokcydiozy oraz \u015bluzu w gardle. W sezonie wy\u015bcigowym wa\u017cne jest, aby ptaki by\u0142y w optymalnej kondycji, aby nic nie przeszkadza\u0142o im w dobrym wyst\u0119pie. Combi Mix 4 w 1 pomaga to osi\u0105gn\u0105\u0107 i mo\u017cna go stosowa\u0107 zar\u00f3wno profilaktycznie, jak i leczniczo.\n<\/p><\/div>\n<h6>Objawy:<\/h6>\n<div>Utrata kondycji, zaburzenia trawienia, p\u0142aska i wodnista kupa. Gard\u0142o go\u0142\u0119bi b\u0119dzie zawiera\u0107 wi\u0119cej \u015bluzu ni\u017c zwykle i mie\u0107 czerwonawy kolor, w jamie ustnej pojawi\u0105 si\u0119 ma\u0142e bia\u0142e lub \u017c\u00f3\u0142tawe plamki, problemy z oddychaniem.<\/div>\n<h6>Dawkowanie:<\/h6>\n<div><i>COMBI MIX 4 W 1 PROSZEK<\/i><br \/>\nProfilaktyka: 1 miarka (=5g) na 2 litry wody pitnej przez 1-2 dni co 2 tygodnie, najlepiej zaczynaj\u0105c dzie\u0144 po wy\u015bcigu. Dok\u0142adnie wymiesza\u0107 przed u\u017cyciem!<\/div>\n<div>Leczenie: 1 miarka (=5g) na 2 litry wody pitnej przez 5-7 kolejnych dni.<\/div>\n<div>W razie potrzeby kuracj\u0119 mo\u017cna powt\u00f3rzy\u0107 po kilku dniach.<\/div>\n<div>Combi Mix 4 w 1 jest proszkiem rozpuszczalnym w wodzie, kt\u00f3ry mo\u017cna tak\u017ce podawa\u0107 w karmie.<\/div>\n<div>\nMiarka 1+5 g w zestawie.<br \/>\n<i>COMBI TABLETKI<\/i><br \/>\nProfilaktyka: 1 tabletka na go\u0142\u0119bia (400-500 g masy cia\u0142a) przez 1-2 kolejne dni.<br \/>\nLeczenie: 1 tabletka na go\u0142\u0119bia (400-500 g masy cia\u0142a) przez 3-5 kolejnych dni, lub zgodnie z zaleceniami weterynarza.\n<\/div>\n<h6>Zawiera:<\/h6>\n<p><i>COMBI MIX PROSZEK:<\/i><br \/>\nAmprolium 10%, Secnidazol 15%, sk\u0142adniki nieaktywne do 100 g.<\/p>\n<p>COMBI TABLETKI<br \/>\nAmprolium HCl 96 mg\/g ; Dimetridazol HCl 50 mg\/g<\/p>\n","protected":false},"excerpt":{"rendered":"<p>Wskazania: Combi Mix 4 w 1 jest bardzo odpowiedni do leczenia trichomonad, hexamit\u00f3w, kokcydiozy oraz \u015bluzu w gardle. W sezonie wy\u015bcigowym wa\u017cne&hellip;<\/p>\n","protected":false},"featured_media":13873,"template":"","meta":[],"product_cat":[301],"product_tag":[],"class_list":{"0":"post-13872","1":"product","2":"type-product","3":"status-publish","4":"has-post-thumbnail","6":"product_cat-leki-dla-golebi","8":"first","9":"instock","10":"shipping-taxable","11":"product-type-simple"},"_links":{"self":[{"href":"https:\/\/care4birds.bg\/pl\/wp-json\/wp\/v2\/product\/13872","targetHints":{"allow":["GET"]}}],"collection":[{"href":"https:\/\/care4birds.bg\/pl\/wp-json\/wp\/v2\/product"}],"about":[{"href":"https:\/\/care4birds.bg\/pl\/wp-json\/wp\/v2\/types\/product"}],"wp:featuredmedia":[{"embeddable":true,"href":"https:\/\/care4birds.bg\/pl\/wp-json\/wp\/v2\/media\/13873"}],"wp:attachment":[{"href":"https:\/\/care4birds.bg\/pl\/wp-json\/wp\/v2\/media?parent=13872"}],"wp:term":[{"taxonomy":"product_cat","embeddable":true,"href":"https:\/\/care4birds.bg\/pl\/wp-json\/wp\/v2\/product_cat?post=13872"},{"taxonomy":"product_tag","embeddable":true,"href":"https:\/\/care4birds.bg\/pl\/wp-json\/wp\/v2\/product_tag?post=13872"}],"curies":[{"name":"wp","href":"https:\/\/api.w.org\/{rel}","templated":true}]}}