{"id":13878,"date":"2025-11-03T10:52:56","date_gmt":"2025-11-03T10:52:56","guid":{"rendered":"https:\/\/care4birds.bg\/product\/intestinal\/"},"modified":"2026-04-09T10:54:06","modified_gmt":"2026-04-09T10:54:06","slug":"intestinal","status":"publish","type":"product","link":"https:\/\/care4birds.bg\/pl\/produkt\/intestinal\/","title":{"rendered":"Intestinal"},"content":{"rendered":"<div>\n<h6>Wskazania:<\/h6>\n<p>Zesp\u00f3\u0142 Adeno-Coli, kokcydioza, trichomonadoza i zaka\u017cenia bakteryjne og\u00f3lnie. Ta mieszanka zawiera kombinacj\u0119 sk\u0142adnik\u00f3w aktywnych skutecznych przeciwko zespo\u0142owi Adeno\/E-coli i kokcydiozie. Zesp\u00f3\u0142 Adeno\/E-coli wyst\u0119puje w populacjach m\u0142odych go\u0142\u0119bi i mo\u017ce by\u0107 bardzo szkodliwy. Wczesne leczenie jest wa\u017cne.\n<\/p><\/div>\n<h6>Objawy:<\/h6>\n<div>Utrata wagi i og\u00f3lnej kondycji, wymioty, \u015bluzowata zielona kupa, \u015bmier\u0107.<\/div>\n<h6>Dawkowanie:<\/h6>\n<div><i>INTESTINAL PROSZEK<\/i><br \/>\nProfilaktyka: 1 miarka (=5 g) na 2 litry wody pitnej przez 1-2 dni co 2 tygodnie, najlepiej zaczynaj\u0105c dzie\u0144 po wy\u015bcigu.<\/div>\n<div>Leczenie: 1 miarka (=5 g) na 2 litry wody pitnej przez 5-7 kolejnych dni.<\/div>\n<div>Dok\u0142adnie wymiesza\u0107 przed u\u017cyciem!<\/div>\n<div>W razie potrzeby kuracj\u0119 mo\u017cna powt\u00f3rzy\u0107 po kilku dniach.<\/div>\n<div>Intestinal jest proszkiem rozpuszczalnym w wodzie, kt\u00f3ry mo\u017cna tak\u017ce podawa\u0107 w karmie.<\/div>\n<div>\nMiarka 1+5 g w zestawie.<br \/>\n<i>INTESTINAL TABLETKI<\/i><br \/>\nProfilaktyka: 1 tabletka na go\u0142\u0119bia (400-500 g masy cia\u0142a) przez 1-2 kolejne dni.<br \/>\nLeczenie: 1 tabletka na go\u0142\u0119bia (400-500 g masy cia\u0142a) przez 3-5 kolejnych dni, lub zgodnie z zaleceniami weterynarza.\n<\/div>\n<h6>Zawiera:<\/h6>\n<p><i>INTESTINAL PROSZEK:<\/i><br \/>\nTrimethoprim 2,5%, Sulfadiazine Sodium 12,5%, Furaltadon HCl 5%, Ronidazol 5%, sk\u0142adniki nieaktywne do 100 g.<\/p>\n<p><i>INTESTINAL TABLETKI<\/i><br \/>\nTrimethoprim 37,5 mg\/g ; Sulfamethoxazole 187,5 mg\/g<\/p>\n","protected":false},"excerpt":{"rendered":"<p>Wskazania: Zesp\u00f3\u0142 Adeno-Coli, kokcydioza, trichomonadoza i zaka\u017cenia bakteryjne og\u00f3lnie. Ta mieszanka zawiera kombinacj\u0119 sk\u0142adnik\u00f3w aktywnych skutecznych przeciwko zespo\u0142owi Adeno\/E-coli i kokcydiozie. Zesp\u00f3\u0142&hellip;<\/p>\n","protected":false},"featured_media":13879,"template":"","meta":[],"product_cat":[301],"product_tag":[],"class_list":{"0":"post-13878","1":"product","2":"type-product","3":"status-publish","4":"has-post-thumbnail","6":"product_cat-leki-dla-golebi","8":"first","9":"instock","10":"shipping-taxable","11":"product-type-simple"},"_links":{"self":[{"href":"https:\/\/care4birds.bg\/pl\/wp-json\/wp\/v2\/product\/13878","targetHints":{"allow":["GET"]}}],"collection":[{"href":"https:\/\/care4birds.bg\/pl\/wp-json\/wp\/v2\/product"}],"about":[{"href":"https:\/\/care4birds.bg\/pl\/wp-json\/wp\/v2\/types\/product"}],"wp:featuredmedia":[{"embeddable":true,"href":"https:\/\/care4birds.bg\/pl\/wp-json\/wp\/v2\/media\/13879"}],"wp:attachment":[{"href":"https:\/\/care4birds.bg\/pl\/wp-json\/wp\/v2\/media?parent=13878"}],"wp:term":[{"taxonomy":"product_cat","embeddable":true,"href":"https:\/\/care4birds.bg\/pl\/wp-json\/wp\/v2\/product_cat?post=13878"},{"taxonomy":"product_tag","embeddable":true,"href":"https:\/\/care4birds.bg\/pl\/wp-json\/wp\/v2\/product_tag?post=13878"}],"curies":[{"name":"wp","href":"https:\/\/api.w.org\/{rel}","templated":true}]}}