{"id":13890,"date":"2025-11-03T10:51:24","date_gmt":"2025-11-03T10:51:24","guid":{"rendered":"https:\/\/care4birds.bg\/product\/general-care\/"},"modified":"2026-04-09T10:57:18","modified_gmt":"2026-04-09T10:57:18","slug":"general-care","status":"publish","type":"product","link":"https:\/\/care4birds.bg\/pl\/produkt\/general-care\/","title":{"rendered":"General Care"},"content":{"rendered":"<div>\n<h6>Wskazania:<\/h6>\n<p>Trichomoniasis, hexamitiasis, paratyphoid, E-coli i og\u00f3lne zaka\u017cenia bakteryjne\n<\/p><\/div>\n<h6>Objawy:<\/h6>\n<div>Utrata masy cia\u0142a i og\u00f3lnej kondycji, \u015bluzowate zielone odchody, opuchni\u0119te stawy n\u00f3g i skrzyde\u0142, jaja bezp\u0142odne, skr\u0119cenie szyi na bok, choroba m\u0142odych ptak\u00f3w, nag\u0142a \u015bmier\u0107.<\/div>\n<h6>Dawkowanie:<\/h6>\n<div><i>GENERAL CARE PROSZEK<\/i><br \/>\nProfilaktyka: 1 miarka (=5g) na 2 litry wody pitnej przez 1-2 dni co 2 tygodnie,<\/div>\n<div>najlepiej zaczynaj\u0105c dzie\u0144 po wy\u015bcigu.<\/div>\n<div>Leczenie: 1 miarka (=5g) na 2 litry wody pitnej przez 5-7 dni z rz\u0119du.<\/div>\n<div>Leczenie mo\u017cna powt\u00f3rzy\u0107 po kilku dniach w razie potrzeby. Dobrze wymiesza\u0107 przed u\u017cyciem!<\/div>\n<div>General Care jest proszkiem rozpuszczalnym w wodzie, kt\u00f3ry mo\u017cna r\u00f3wnie\u017c podawa\u0107 w karmie.<\/div>\n<div>\nMiarka 1+5 g w zestawie.<\/p>\n<p><i>GENERAL CARE TABLETKI<\/i><br \/>\nProfilaktycznie: 1 tabletka na go\u0142\u0119bia (400-500 g masy cia\u0142a) przez 1-2 dni.<br \/>\nLeczniczo: 1 tabletka na go\u0142\u0119bia (400-500 g masy cia\u0142a) przez 3-5 dni, lub zgodnie z zaleceniami weterynarza.\n<\/div>\n<h6>Zawiera:<\/h6>\n<div><i>GENERAL CARE PROSZEK<\/i><br \/>\nFuraltadon HCl 12%, Metronidazol 20%, Chlortetracycline HCl 10%, sk\u0142adniki nieaktywne q.s. do 100 g.<br \/>\n<i>GENERAL CARE TABLETKI<\/i><br \/>\nFuraltadon HCl 75 mg\/g; Ronidazol 25 mg\/g\n<\/div>\n","protected":false},"excerpt":{"rendered":"<p>Wskazania: Trichomoniasis, hexamitiasis, paratyphoid, E-coli i og\u00f3lne zaka\u017cenia bakteryjne Objawy: Utrata masy cia\u0142a i og\u00f3lnej kondycji, \u015bluzowate zielone odchody, opuchni\u0119te stawy n\u00f3g&hellip;<\/p>\n","protected":false},"featured_media":13891,"template":"","meta":[],"product_cat":[301],"product_tag":[],"class_list":{"0":"post-13890","1":"product","2":"type-product","3":"status-publish","4":"has-post-thumbnail","6":"product_cat-leki-dla-golebi","8":"first","9":"instock","10":"shipping-taxable","11":"product-type-simple"},"_links":{"self":[{"href":"https:\/\/care4birds.bg\/pl\/wp-json\/wp\/v2\/product\/13890","targetHints":{"allow":["GET"]}}],"collection":[{"href":"https:\/\/care4birds.bg\/pl\/wp-json\/wp\/v2\/product"}],"about":[{"href":"https:\/\/care4birds.bg\/pl\/wp-json\/wp\/v2\/types\/product"}],"wp:featuredmedia":[{"embeddable":true,"href":"https:\/\/care4birds.bg\/pl\/wp-json\/wp\/v2\/media\/13891"}],"wp:attachment":[{"href":"https:\/\/care4birds.bg\/pl\/wp-json\/wp\/v2\/media?parent=13890"}],"wp:term":[{"taxonomy":"product_cat","embeddable":true,"href":"https:\/\/care4birds.bg\/pl\/wp-json\/wp\/v2\/product_cat?post=13890"},{"taxonomy":"product_tag","embeddable":true,"href":"https:\/\/care4birds.bg\/pl\/wp-json\/wp\/v2\/product_tag?post=13890"}],"curies":[{"name":"wp","href":"https:\/\/api.w.org\/{rel}","templated":true}]}}