{"id":13896,"date":"2025-11-03T10:49:37","date_gmt":"2025-11-03T10:49:37","guid":{"rendered":"https:\/\/care4birds.bg\/product\/coli-stop\/"},"modified":"2026-04-09T10:58:37","modified_gmt":"2026-04-09T10:58:37","slug":"coli-stop","status":"publish","type":"product","link":"https:\/\/care4birds.bg\/pl\/produkt\/coli-stop\/","title":{"rendered":"Coli Stop"},"content":{"rendered":"<h6>Wskazania:<\/h6>\n<div>E-Coli, Paratyphoid, Streptococcus, Staphylococcus i og\u00f3lne zaka\u017cenia bakteryjne.<\/div>\n<h6>Objawy:<\/h6>\n<div>Utrata apetytu, wolne opr\u00f3\u017cnianie wolu, spadek masy cia\u0142a, wymioty, br\u0105zowo-zielone wodniste lub \u015bluzowate odchody, nag\u0142a \u015bmier\u0107.<\/div>\n<h6>Dawkowanie:<\/h6>\n<div><i>COLI STOP PROSZEK<\/i><br \/>\nProfilaktyka: 1 miarka (=5g) na 2 litry wody pitnej przez 1-2 dni co 2 tygodnie,<\/div>\n<div>najlepiej zaczynaj\u0105c dzie\u0144 po wy\u015bcigu.<\/div>\n<div>Leczenie: 1 miarka (=5g) na 2 litry wody pitnej przez 5-7 dni z rz\u0119du.<\/div>\n<div>Leczenie mo\u017cna powt\u00f3rzy\u0107 po kilku dniach, je\u015bli to konieczne.<\/div>\n<div>Coli Stop jest proszkiem rozpuszczalnym w wodzie, kt\u00f3ry mo\u017cna r\u00f3wnie\u017c podawa\u0107 w karmie.<\/div>\n<div>\nMiarka 1+5 g w zestawie.<\/p>\n<p><i>COLI STOP TABLETKI<\/i><br \/>\nProfilaktycznie: 1 tabletka na go\u0142\u0119bia (400-500 g masy cia\u0142a) przez 1-2 dni.<br \/>\nLeczniczo: 1 tabletka na go\u0142\u0119bia (400-500 g masy cia\u0142a) przez 3-5 dni, lub zgodnie z zaleceniami weterynarza.\n<\/div>\n<h6>Zawiera:<\/h6>\n<p><i>COLI STOP PROSZEK<\/i><br \/>\nStreptomycine Sulfate 13,9%, Neomycine Sulfate 4%, Colistine Sulfate 2%, sk\u0142adniki nieaktywne q.s. do 100 g.<\/p>\n<p><i>COLI STOP TABLETKI<\/i><br \/>\nNeomycine sulfate 5,0 mg\/g; Streptomycine sulfate 17,4 mg\/g; Colistine sulfate 2,5 mg\/g<\/p>\n","protected":false},"excerpt":{"rendered":"<p>Wskazania: E-Coli, Paratyphoid, Streptococcus, Staphylococcus i og\u00f3lne zaka\u017cenia bakteryjne. Objawy: Utrata apetytu, wolne opr\u00f3\u017cnianie wolu, spadek masy cia\u0142a, wymioty, br\u0105zowo-zielone wodniste lub&hellip;<\/p>\n","protected":false},"featured_media":13897,"template":"","meta":[],"product_cat":[301],"product_tag":[],"class_list":{"0":"post-13896","1":"product","2":"type-product","3":"status-publish","4":"has-post-thumbnail","6":"product_cat-leki-dla-golebi","8":"first","9":"instock","10":"shipping-taxable","11":"product-type-simple"},"_links":{"self":[{"href":"https:\/\/care4birds.bg\/pl\/wp-json\/wp\/v2\/product\/13896","targetHints":{"allow":["GET"]}}],"collection":[{"href":"https:\/\/care4birds.bg\/pl\/wp-json\/wp\/v2\/product"}],"about":[{"href":"https:\/\/care4birds.bg\/pl\/wp-json\/wp\/v2\/types\/product"}],"wp:featuredmedia":[{"embeddable":true,"href":"https:\/\/care4birds.bg\/pl\/wp-json\/wp\/v2\/media\/13897"}],"wp:attachment":[{"href":"https:\/\/care4birds.bg\/pl\/wp-json\/wp\/v2\/media?parent=13896"}],"wp:term":[{"taxonomy":"product_cat","embeddable":true,"href":"https:\/\/care4birds.bg\/pl\/wp-json\/wp\/v2\/product_cat?post=13896"},{"taxonomy":"product_tag","embeddable":true,"href":"https:\/\/care4birds.bg\/pl\/wp-json\/wp\/v2\/product_tag?post=13896"}],"curies":[{"name":"wp","href":"https:\/\/api.w.org\/{rel}","templated":true}]}}