{"id":13902,"date":"2025-11-03T10:49:34","date_gmt":"2025-11-03T10:49:34","guid":{"rendered":"https:\/\/care4birds.bg\/product\/eye-cream\/"},"modified":"2026-04-09T11:00:06","modified_gmt":"2026-04-09T11:00:06","slug":"eye-cream","status":"publish","type":"product","link":"https:\/\/care4birds.bg\/pl\/produkt\/eye-cream\/","title":{"rendered":"Eye cream"},"content":{"rendered":"<div>\n<h6>Wskazania<\/h6>\n<\/div>\n<div>Wszystkie rodzaje infekcji; choroby oczu lub uszu skomplikowane reakcjami alergicznymi.<\/div>\n<h6>Dawkowanie<\/h6>\n<div>Ma\u0142a ilo\u015b\u0107 wok\u00f3\u0142 oka lub ucha, lub zgodnie z zaleceniami weterynarza.<\/div>\n<h6>Leczenie<\/h6>\n<div>1-2 razy dziennie, a\u017c pojawi si\u0119 poprawa, lub zgodnie z zaleceniami weterynarza.<\/div>\n<h6><b>PRODUKT ZAWIERA STEROIDY, NIE STOSOWA\u0106 PRZED WY\u015aCIGAMI.<\/b><\/h6>\n<h6>Sk\u0142ad<\/h6>\n<div>Zawiera: Oxytetracycline HCl 5,4 mg\/g, Polymyxine B.Sulfate 1,27 mg\/g,<\/div>\n<div>Hydrocortisone micr. 1,5 mg\/g (dostarczany w tubie 5 gramowej)<\/div>\n<h6>Zawarto\u015b\u0107:<\/h6>\n<div>5 g leku weterynaryjnego dla ptak\u00f3w<\/div>\n","protected":false},"excerpt":{"rendered":"<p>Wskazania Wszystkie rodzaje infekcji; choroby oczu lub uszu skomplikowane reakcjami alergicznymi. Dawkowanie Ma\u0142a ilo\u015b\u0107 wok\u00f3\u0142 oka lub ucha, lub zgodnie z zaleceniami&hellip;<\/p>\n","protected":false},"featured_media":13903,"template":"","meta":[],"product_cat":[301],"product_tag":[],"class_list":{"0":"post-13902","1":"product","2":"type-product","3":"status-publish","4":"has-post-thumbnail","6":"product_cat-leki-dla-golebi","8":"first","9":"instock","10":"shipping-taxable","11":"product-type-simple"},"_links":{"self":[{"href":"https:\/\/care4birds.bg\/pl\/wp-json\/wp\/v2\/product\/13902","targetHints":{"allow":["GET"]}}],"collection":[{"href":"https:\/\/care4birds.bg\/pl\/wp-json\/wp\/v2\/product"}],"about":[{"href":"https:\/\/care4birds.bg\/pl\/wp-json\/wp\/v2\/types\/product"}],"wp:featuredmedia":[{"embeddable":true,"href":"https:\/\/care4birds.bg\/pl\/wp-json\/wp\/v2\/media\/13903"}],"wp:attachment":[{"href":"https:\/\/care4birds.bg\/pl\/wp-json\/wp\/v2\/media?parent=13902"}],"wp:term":[{"taxonomy":"product_cat","embeddable":true,"href":"https:\/\/care4birds.bg\/pl\/wp-json\/wp\/v2\/product_cat?post=13902"},{"taxonomy":"product_tag","embeddable":true,"href":"https:\/\/care4birds.bg\/pl\/wp-json\/wp\/v2\/product_tag?post=13902"}],"curies":[{"name":"wp","href":"https:\/\/api.w.org\/{rel}","templated":true}]}}