{"id":13908,"date":"2025-11-03T10:44:11","date_gmt":"2025-11-03T10:44:11","guid":{"rendered":"https:\/\/care4birds.bg\/product\/endo-ecto-drops\/"},"modified":"2026-04-09T11:01:31","modified_gmt":"2026-04-09T11:01:31","slug":"endo-ecto-drops","status":"publish","type":"product","link":"https:\/\/care4birds.bg\/pl\/produkt\/endo-ecto-drops\/","title":{"rendered":"Endo-ecto drops"},"content":{"rendered":"<h6>Wskazania:<\/h6>\n<div>Do zapobiegania i leczenia wszawicy, roztoczy i infestacji robakami.<\/div>\n<h6>PRZECIWWSKAZANIA:<\/h6>\n<div>Przedawkowanie, nie stosowa\u0107 podczas pierzenia oraz u ptak\u00f3w m\u0142odszych ni\u017c 14 dni.<\/div>\n<h6>INTERAKCJE:<\/h6>\n<div>Przy tym dawkowaniu nieznane.<\/div>\n<h6>SK\u0141AD:<\/h6>\n<div>Ivermectin 0,3%, sk\u0142adniki nieaktywne q.s.<\/div>\n<div>do 10 ml.<\/div>\n<h6>ZAWIERA:<\/h6>\n<div>10 ml p\u0142ynu do miejscowego stosowania (kroplomierz) dla go\u0142\u0119bi o masie 250\u20133000 g.<\/div>\n<h6>Dawkowanie:<\/h6>\n<div>Na szyi, na ods\u0142oni\u0119tej sk\u00f3rze: 1 kropla na 200 g masy cia\u0142a, 2 krople na 500 g masy cia\u0142a.<\/div>\n<div>W razie potrzeby powt\u00f3rzy\u0107 leczenie po 4\u20136 tygodniach lub zgodnie z zaleceniami weterynarza.<\/div>\n<div>Do wody k\u0105pielowej: 40 kropli na 10 litr\u00f3w wody.<\/div>\n","protected":false},"excerpt":{"rendered":"<p>Wskazania: Do zapobiegania i leczenia wszawicy, roztoczy i infestacji robakami. PRZECIWWSKAZANIA: Przedawkowanie, nie stosowa\u0107 podczas pierzenia oraz u ptak\u00f3w m\u0142odszych ni\u017c 14&hellip;<\/p>\n","protected":false},"featured_media":13909,"template":"","meta":[],"product_cat":[301],"product_tag":[],"class_list":{"0":"post-13908","1":"product","2":"type-product","3":"status-publish","4":"has-post-thumbnail","6":"product_cat-leki-dla-golebi","8":"first","9":"instock","10":"shipping-taxable","11":"product-type-simple"},"_links":{"self":[{"href":"https:\/\/care4birds.bg\/pl\/wp-json\/wp\/v2\/product\/13908","targetHints":{"allow":["GET"]}}],"collection":[{"href":"https:\/\/care4birds.bg\/pl\/wp-json\/wp\/v2\/product"}],"about":[{"href":"https:\/\/care4birds.bg\/pl\/wp-json\/wp\/v2\/types\/product"}],"wp:featuredmedia":[{"embeddable":true,"href":"https:\/\/care4birds.bg\/pl\/wp-json\/wp\/v2\/media\/13909"}],"wp:attachment":[{"href":"https:\/\/care4birds.bg\/pl\/wp-json\/wp\/v2\/media?parent=13908"}],"wp:term":[{"taxonomy":"product_cat","embeddable":true,"href":"https:\/\/care4birds.bg\/pl\/wp-json\/wp\/v2\/product_cat?post=13908"},{"taxonomy":"product_tag","embeddable":true,"href":"https:\/\/care4birds.bg\/pl\/wp-json\/wp\/v2\/product_tag?post=13908"}],"curies":[{"name":"wp","href":"https:\/\/api.w.org\/{rel}","templated":true}]}}