{"id":13915,"date":"2025-11-03T10:20:24","date_gmt":"2025-11-03T10:20:24","guid":{"rendered":"https:\/\/care4birds.bg\/product\/salmo-stop\/"},"modified":"2026-04-09T11:03:01","modified_gmt":"2026-04-09T11:03:01","slug":"salmo-stop","status":"publish","type":"product","link":"https:\/\/care4birds.bg\/pl\/produkt\/salmo-stop\/","title":{"rendered":"Salmo-Stop"},"content":{"rendered":"<div>\n<h6>Wskazania:<\/h6>\n<p>Salmonella (paratyfus), E-coli i infekcje bakteryjne.\n<\/p><\/div>\n<h6>Objawy:<\/h6>\n<div>Biegunka (zielona biegunka, niekt\u00f3re ptaki wymiotuj\u0105), wolne opr\u00f3\u017cnianie wola, zaka\u017ane zapalenie staw\u00f3w (kulawizna lub opadaj\u0105ce skrzyd\u0142o), ropnie podsk\u00f3rne (zwykle pod okiem, ma\u0142a opuchlizna zawieraj\u0105ca tward\u0105, \u017c\u00f3\u0142t\u0105 i such\u0105 rop\u0119), bezp\u0142odno\u015b\u0107, nag\u0142a \u015bmier\u0107.<\/div>\n<h6>Dawkowanie:<\/h6>\n<div><i>SALMO STOP PROSZEK<\/i><br \/>\nProfilaktyka: 1 miarka (=5g) na 2 litry wody pitnej przez 1\u20132 dni, co 2 tygodnie, najlepiej zaczynaj\u0105c dzie\u0144 po wy\u015bcigu.<\/div>\n<div>Leczenie: 1 miarka (=5g) na 2 litry wody pitnej przez 5\u20137 kolejnych dni.<\/div>\n<div>W razie potrzeby kuracj\u0119 mo\u017cna powt\u00f3rzy\u0107 po kilku dniach. Dok\u0142adnie wymiesza\u0107 przed u\u017cyciem!<\/div>\n<div>Salmo Stop jest proszkiem rozpuszczalnym w wodzie, kt\u00f3ry mo\u017cna tak\u017ce podawa\u0107 w karmie.<\/div>\n<div>\nMiarka 1+5 g w zestawie.<br \/>\n<i>SALMO STOP TABLETKI<\/i><br \/>\nProfilaktyka: 1 tabletka na go\u0142\u0119bia (400\u2013500 g masy cia\u0142a) przez 1\u20132 dni.<br \/>\nLeczenie: 1 tabletka na go\u0142\u0119bia (400\u2013500 g masy cia\u0142a) przez 3\u20135 dni, lub zgodnie z zaleceniami weterynarza.\n<\/div>\n<h6>Zawiera:<\/h6>\n<div><i>SALMO STOP PROSZEK<\/i><br \/>\nFuraltadon HCl 12,5%, Chlortetracycline HCl 12,5%, Chloramfenikol 8%. Sk\u0142adniki nieaktywne q.s. do 100 g<br \/>\n<i>SALMO STOP TABLETKI<\/i><br \/>\nChlortetracycline HCl 78 mg\/g; Furaltadon HCl 80 mg\/g; Chloramfenikol 50 mg\/g<\/div>\n","protected":false},"excerpt":{"rendered":"<p>Wskazania: Salmonella (paratyfus), E-coli i infekcje bakteryjne. Objawy: Biegunka (zielona biegunka, niekt\u00f3re ptaki wymiotuj\u0105), wolne opr\u00f3\u017cnianie wola, zaka\u017ane zapalenie staw\u00f3w (kulawizna lub&hellip;<\/p>\n","protected":false},"featured_media":13916,"template":"","meta":[],"product_cat":[301],"product_tag":[],"class_list":{"0":"post-13915","1":"product","2":"type-product","3":"status-publish","4":"has-post-thumbnail","6":"product_cat-leki-dla-golebi","8":"first","9":"instock","10":"shipping-taxable","11":"product-type-simple"},"_links":{"self":[{"href":"https:\/\/care4birds.bg\/pl\/wp-json\/wp\/v2\/product\/13915","targetHints":{"allow":["GET"]}}],"collection":[{"href":"https:\/\/care4birds.bg\/pl\/wp-json\/wp\/v2\/product"}],"about":[{"href":"https:\/\/care4birds.bg\/pl\/wp-json\/wp\/v2\/types\/product"}],"wp:featuredmedia":[{"embeddable":true,"href":"https:\/\/care4birds.bg\/pl\/wp-json\/wp\/v2\/media\/13916"}],"wp:attachment":[{"href":"https:\/\/care4birds.bg\/pl\/wp-json\/wp\/v2\/media?parent=13915"}],"wp:term":[{"taxonomy":"product_cat","embeddable":true,"href":"https:\/\/care4birds.bg\/pl\/wp-json\/wp\/v2\/product_cat?post=13915"},{"taxonomy":"product_tag","embeddable":true,"href":"https:\/\/care4birds.bg\/pl\/wp-json\/wp\/v2\/product_tag?post=13915"}],"curies":[{"name":"wp","href":"https:\/\/api.w.org\/{rel}","templated":true}]}}