{"id":9343,"date":"2025-11-05T12:34:10","date_gmt":"2025-11-05T12:34:10","guid":{"rendered":"https:\/\/care4birds.bg\/advices\/"},"modified":"2026-03-17T10:10:02","modified_gmt":"2026-03-17T10:10:02","slug":"advices","status":"publish","type":"page","link":"https:\/\/care4birds.bg\/ro\/advices\/","title":{"rendered":"Sfaturi"},"content":{"rendered":"\t\t<div data-elementor-type=\"wp-page\" data-elementor-id=\"9343\" class=\"elementor elementor-9343 elementor-6607\" data-elementor-post-type=\"page\">\n\t\t\t\t<div class=\"elementor-element elementor-element-568b11c e-flex e-con-boxed e-con e-parent\" data-id=\"568b11c\" data-element_type=\"container\" data-e-type=\"container\">\n\t\t\t\t\t<div class=\"e-con-inner\">\n\t\t<div class=\"elementor-element elementor-element-75b7dcd e-con-full e-flex e-con e-child\" data-id=\"75b7dcd\" data-element_type=\"container\" data-e-type=\"container\">\n\t\t\t\t<div class=\"elementor-element elementor-element-6555c28 elementor-widget elementor-widget-image\" data-id=\"6555c28\" data-element_type=\"widget\" data-e-type=\"widget\" data-widget_type=\"image.default\">\n\t\t\t\t\t\t\t\t\t\t\t\t\t\t\t\t<a href=\"https:\/\/care4birds.bg\/wp-content\/uploads\/2025\/11\/care4birds-catalogue.pdf\" target=\"_blank\">\n\t\t\t\t\t\t\t<img fetchpriority=\"high\" decoding=\"async\" width=\"1527\" height=\"543\" src=\"https:\/\/care4birds.bg\/wp-content\/uploads\/2025\/11\/racing-season.png\" class=\"attachment-full size-full wp-image-9345\" alt=\"\" srcset=\"https:\/\/care4birds.bg\/wp-content\/uploads\/2025\/11\/racing-season.png 1527w, https:\/\/care4birds.bg\/wp-content\/uploads\/2025\/11\/racing-season-460x164.png 460w, https:\/\/care4birds.bg\/wp-content\/uploads\/2025\/11\/racing-season-765x272.png 765w, https:\/\/care4birds.bg\/wp-content\/uploads\/2025\/11\/racing-season-920x327.png 920w, https:\/\/care4birds.bg\/wp-content\/uploads\/2025\/11\/racing-season-231x82.png 231w\" sizes=\"(max-width: 1527px) 100vw, 1527px\" \/>\t\t\t\t\t\t\t\t<\/a>\n\t\t\t\t\t\t\t\t\t\t\t\t\t\t\t<\/div>\n\t\t\t\t<\/div>\n\t\t<div class=\"elementor-element elementor-element-d1ebfd8 e-con-full e-flex e-con e-child\" data-id=\"d1ebfd8\" data-element_type=\"container\" data-e-type=\"container\">\n\t\t\t\t<div class=\"elementor-element elementor-element-1c54cb1 elementor-widget elementor-widget-heading\" data-id=\"1c54cb1\" data-element_type=\"widget\" data-e-type=\"widget\" data-widget_type=\"heading.default\">\n\t\t\t\t\t<h2 class=\"elementor-heading-title elementor-size-default\">Sezonul de curse<\/h2>\t\t\t\t<\/div>\n\t\t\t\t<div class=\"elementor-element elementor-element-4315113 elementor-widget elementor-widget-heading\" data-id=\"4315113\" data-element_type=\"widget\" data-e-type=\"widget\" data-widget_type=\"heading.default\">\n\t\t\t\t\t<h2 class=\"elementor-heading-title elementor-size-default\">\u00cen copil\u0103rie \u0219i \u00een timpul curselor<\/h2>\t\t\t\t<\/div>\n\t\t\t\t<div class=\"elementor-element elementor-element-ed61ab1 elementor-widget elementor-widget-text-editor\" data-id=\"ed61ab1\" data-element_type=\"widget\" data-e-type=\"widget\" data-widget_type=\"text-editor.default\">\n\t\t\t\t\t\t\t\t\t<p>\u00cen timpul sezonului de zboruri, porumbeii necesit\u0103 o aten\u021bie special\u0103 pentru a-\u0219i men\u021bine s\u0103n\u0103tatea, rezisten\u021ba \u0219i performan\u021ba. Acest program asigur\u0103 o tranzi\u021bie lin\u0103 de la \u00een\u021b\u0103rcare la zborurile de competi\u021bie, ajut\u00e2nd p\u0103s\u0103rile s\u0103-\u0219i dezvolte un sistem imunitar puternic, s\u0103-\u0219i men\u021bin\u0103 echilibrul intestinal \u0219i s\u0103 se refac\u0103 rapid dup\u0103 efort.<\/p>\t\t\t\t\t\t\t\t<\/div>\n\t\t\t\t<div class=\"elementor-element elementor-element-2b0f43d elementor-align-left elementor-widget elementor-widget-ideapark-button\" data-id=\"2b0f43d\" data-element_type=\"widget\" data-e-type=\"widget\" data-widget_type=\"ideapark-button.default\">\n\t\t\t\t<div class=\"elementor-widget-container\">\n\t\t\t\t\t\t\t<div class=\"c-ip-button__wrap\">\n\t\t\t<a href=\"https:\/\/care4birds.bg\/wp-content\/uploads\/2025\/11\/c4b-advices-racing-season.pdf\" target=\"_blank\" class=\"c-button c-ip-button c-button--default\" role=\"button\">\n\t\t\t\t\t\t\t\t<span class=\"c-ip-button__text\">Desc\u0103rca\u021bi PDF<\/span>\n\t\t\t\t\t\t\t<\/a>\n\t\t<\/div>\n\t\t\t\t\t\t<\/div>\n\t\t\t\t<\/div>\n\t\t\t\t<\/div>\n\t\t\t\t\t<\/div>\n\t\t\t\t<\/div>\n\t\t<div class=\"elementor-element elementor-element-cfc525e e-flex e-con-boxed e-con e-parent\" data-id=\"cfc525e\" data-element_type=\"container\" data-e-type=\"container\" data-settings=\"{&quot;background_background&quot;:&quot;gradient&quot;}\">\n\t\t\t\t\t<div class=\"e-con-inner\">\n\t\t<div class=\"elementor-element elementor-element-d0c621c e-con-full e-flex e-con e-child\" data-id=\"d0c621c\" data-element_type=\"container\" data-e-type=\"container\">\n\t\t\t\t<div class=\"elementor-element elementor-element-2a53d4a elementor-widget elementor-widget-heading\" data-id=\"2a53d4a\" data-element_type=\"widget\" data-e-type=\"widget\" data-widget_type=\"heading.default\">\n\t\t\t\t\t<h2 class=\"elementor-heading-title elementor-size-default\">Perioada de n\u0103p\u00e2rlire<\/h2>\t\t\t\t<\/div>\n\t\t\t\t<div class=\"elementor-element elementor-element-df0c7c4 elementor-widget elementor-widget-heading\" data-id=\"df0c7c4\" data-element_type=\"widget\" data-e-type=\"widget\" data-widget_type=\"heading.default\">\n\t\t\t\t\t<h2 class=\"elementor-heading-title elementor-size-default\">O n\u0103p\u00e2rlire reu\u0219it\u0103 constituie baza pentru rezultate optime \u00een anul urm\u0103tor<\/h2>\t\t\t\t<\/div>\n\t\t\t\t<div class=\"elementor-element elementor-element-9a5cfad elementor-widget elementor-widget-text-editor\" data-id=\"9a5cfad\" data-element_type=\"widget\" data-e-type=\"widget\" data-widget_type=\"text-editor.default\">\n\t\t\t\t\t\t\t\t\t<p>Perioada de n\u0103p\u00e2rlire este o etap\u0103 crucial\u0103 \u00een via\u021ba fiec\u0103rui porumbel. \u00cen aceast\u0103 perioad\u0103, p\u0103s\u0103rile \u00ee\u0219i \u00eenlocuiesc penele \u0219i \u00ee\u0219i preg\u0103tesc organismul pentru lunile urm\u0103toare. O alimenta\u021bie adecvat\u0103 \u0219i \u00eengrijirea preventiv\u0103 sunt esen\u021biale pentru a favoriza cre\u0219terea penelor, a \u00eent\u0103ri sistemul imunitar \u0219i a preveni problemele de s\u0103n\u0103tate<\/p>\t\t\t\t\t\t\t\t<\/div>\n\t\t\t\t<div class=\"elementor-element elementor-element-f893617 elementor-align-left elementor-widget elementor-widget-ideapark-button\" data-id=\"f893617\" data-element_type=\"widget\" data-e-type=\"widget\" data-widget_type=\"ideapark-button.default\">\n\t\t\t\t<div class=\"elementor-widget-container\">\n\t\t\t\t\t\t\t<div class=\"c-ip-button__wrap\">\n\t\t\t<a href=\"https:\/\/care4birds.bg\/wp-content\/uploads\/2025\/11\/c4b-advices-moulting-season.pdf\" target=\"_blank\" class=\"c-button c-ip-button c-button--default\" role=\"button\">\n\t\t\t\t\t\t\t\t<span class=\"c-ip-button__text\">Desc\u0103rca\u021bi PDF<\/span>\n\t\t\t\t\t\t\t<\/a>\n\t\t<\/div>\n\t\t\t\t\t\t<\/div>\n\t\t\t\t<\/div>\n\t\t\t\t<\/div>\n\t\t<div class=\"elementor-element elementor-element-9f09371 e-con-full e-flex e-con e-child\" data-id=\"9f09371\" data-element_type=\"container\" data-e-type=\"container\">\n\t\t\t\t<div class=\"elementor-element elementor-element-af3bc7f elementor-widget elementor-widget-image\" data-id=\"af3bc7f\" data-element_type=\"widget\" data-e-type=\"widget\" data-widget_type=\"image.default\">\n\t\t\t\t\t\t\t\t\t\t\t\t\t\t\t\t<a href=\"https:\/\/care4birds.bg\/wp-content\/uploads\/2025\/11\/care4birds-catalogue.pdf\" target=\"_blank\">\n\t\t\t\t\t\t\t<img decoding=\"async\" width=\"1868\" height=\"518\" src=\"https:\/\/care4birds.bg\/wp-content\/uploads\/2025\/11\/moulting-season.png\" class=\"attachment-full size-full wp-image-9346\" alt=\"\" srcset=\"https:\/\/care4birds.bg\/wp-content\/uploads\/2025\/11\/moulting-season.png 1868w, https:\/\/care4birds.bg\/wp-content\/uploads\/2025\/11\/moulting-season-460x128.png 460w, https:\/\/care4birds.bg\/wp-content\/uploads\/2025\/11\/moulting-season-1530x424.png 1530w, https:\/\/care4birds.bg\/wp-content\/uploads\/2025\/11\/moulting-season-765x212.png 765w, https:\/\/care4birds.bg\/wp-content\/uploads\/2025\/11\/moulting-season-920x255.png 920w, https:\/\/care4birds.bg\/wp-content\/uploads\/2025\/11\/moulting-season-231x64.png 231w\" sizes=\"(max-width: 1868px) 100vw, 1868px\" \/>\t\t\t\t\t\t\t\t<\/a>\n\t\t\t\t\t\t\t\t\t\t\t\t\t\t\t<\/div>\n\t\t\t\t<\/div>\n\t\t\t\t\t<\/div>\n\t\t\t\t<\/div>\n\t\t<div class=\"elementor-element elementor-element-74a8424 e-flex e-con-boxed e-con e-parent\" data-id=\"74a8424\" data-element_type=\"container\" data-e-type=\"container\">\n\t\t\t\t\t<div class=\"e-con-inner\">\n\t\t<div class=\"elementor-element elementor-element-21310c2 e-con-full e-flex e-con e-child\" data-id=\"21310c2\" data-element_type=\"container\" data-e-type=\"container\">\n\t\t\t\t<div class=\"elementor-element elementor-element-e7d71d6 elementor-widget elementor-widget-image\" data-id=\"e7d71d6\" data-element_type=\"widget\" data-e-type=\"widget\" data-widget_type=\"image.default\">\n\t\t\t\t\t\t\t\t\t\t\t\t\t\t\t\t<a href=\"https:\/\/care4birds.bg\/wp-content\/uploads\/2025\/11\/care4birds-catalogue.pdf\" target=\"_blank\">\n\t\t\t\t\t\t\t<img decoding=\"async\" width=\"1809\" height=\"641\" src=\"https:\/\/care4birds.bg\/wp-content\/uploads\/2025\/11\/winter-and-breeding.png\" class=\"attachment-full size-full wp-image-9347\" alt=\"\" srcset=\"https:\/\/care4birds.bg\/wp-content\/uploads\/2025\/11\/winter-and-breeding.png 1809w, https:\/\/care4birds.bg\/wp-content\/uploads\/2025\/11\/winter-and-breeding-460x163.png 460w, https:\/\/care4birds.bg\/wp-content\/uploads\/2025\/11\/winter-and-breeding-1530x542.png 1530w, https:\/\/care4birds.bg\/wp-content\/uploads\/2025\/11\/winter-and-breeding-765x271.png 765w, https:\/\/care4birds.bg\/wp-content\/uploads\/2025\/11\/winter-and-breeding-920x326.png 920w, https:\/\/care4birds.bg\/wp-content\/uploads\/2025\/11\/winter-and-breeding-231x82.png 231w\" sizes=\"(max-width: 1809px) 100vw, 1809px\" \/>\t\t\t\t\t\t\t\t<\/a>\n\t\t\t\t\t\t\t\t\t\t\t\t\t\t\t<\/div>\n\t\t\t\t<\/div>\n\t\t<div class=\"elementor-element elementor-element-758f816 e-con-full e-flex e-con e-child\" data-id=\"758f816\" data-element_type=\"container\" data-e-type=\"container\">\n\t\t\t\t<div class=\"elementor-element elementor-element-25dc636 elementor-widget elementor-widget-heading\" data-id=\"25dc636\" data-element_type=\"widget\" data-e-type=\"widget\" data-widget_type=\"heading.default\">\n\t\t\t\t\t<h2 class=\"elementor-heading-title elementor-size-default\">Iarna \u0219i programul de reproducere<\/h2>\t\t\t\t<\/div>\n\t\t\t\t<div class=\"elementor-element elementor-element-c1d3892 elementor-widget elementor-widget-heading\" data-id=\"c1d3892\" data-element_type=\"widget\" data-e-type=\"widget\" data-widget_type=\"heading.default\">\n\t\t\t\t\t<h2 class=\"elementor-heading-title elementor-size-default\">Asigur\u0103-te c\u0103 nu vei suferi nicio c\u0103dere \u0219i c\u0103 te vei bucura de o s\u0103n\u0103tate excelent\u0103 \u0219i\nconstant\u0103 pe durata lunilor de iarn\u0103<\/h2>\t\t\t\t<\/div>\n\t\t\t\t<div class=\"elementor-element elementor-element-96c202e elementor-widget elementor-widget-text-editor\" data-id=\"96c202e\" data-element_type=\"widget\" data-e-type=\"widget\" data-widget_type=\"text-editor.default\">\n\t\t\t\t\t\t\t\t\t<p>Perioada de iarn\u0103 \u0219i de reproducere necesit\u0103 \u00eengrijire constant\u0103 pentru a men\u021bine o stare de s\u0103n\u0103tate bun\u0103 \u0219i a asigura o reproducere reu\u0219it\u0103. \u00cen aceste luni mai reci, porumbeii au nevoie de un sprijin suplimentar pentru a-\u0219i \u00eent\u0103ri sistemul imunitar, a-\u0219i reveni dup\u0103 etapele de zbor \u0219i de n\u0103p\u00e2rlire \u0219i a se preg\u0103ti pentru sezonul de reproducere care urmeaz\u0103.<\/p>\t\t\t\t\t\t\t\t<\/div>\n\t\t\t\t<div class=\"elementor-element elementor-element-f9e4635 elementor-align-left elementor-widget elementor-widget-ideapark-button\" data-id=\"f9e4635\" data-element_type=\"widget\" data-e-type=\"widget\" data-widget_type=\"ideapark-button.default\">\n\t\t\t\t<div class=\"elementor-widget-container\">\n\t\t\t\t\t\t\t<div class=\"c-ip-button__wrap\">\n\t\t\t<a href=\"https:\/\/care4birds.bg\/wp-content\/uploads\/2025\/11\/c4b-winter-and-breeding-program.pdf\" target=\"_blank\" class=\"c-button c-ip-button c-button--default\" role=\"button\">\n\t\t\t\t\t\t\t\t<span class=\"c-ip-button__text\">Desc\u0103rca\u021bi PDF<\/span>\n\t\t\t\t\t\t\t<\/a>\n\t\t<\/div>\n\t\t\t\t\t\t<\/div>\n\t\t\t\t<\/div>\n\t\t\t\t<\/div>\n\t\t\t\t\t<\/div>\n\t\t\t\t<\/div>\n\t\t\t\t<\/div>\n\t\t","protected":false},"excerpt":{"rendered":"<p>Sezonul de curse \u00cen copil\u0103rie \u0219i \u00een timpul curselor \u00cen timpul sezonului de zboruri, porumbeii necesit\u0103 o aten\u021bie special\u0103 pentru a-\u0219i men\u021bine&hellip;<\/p>\n","protected":false},"author":1,"featured_media":0,"parent":0,"menu_order":0,"comment_status":"closed","ping_status":"closed","template":"elementor_header_footer","meta":{"footnotes":""},"class_list":["post-9343","page","type-page","status-publish","hentry"],"_links":{"self":[{"href":"https:\/\/care4birds.bg\/ro\/wp-json\/wp\/v2\/pages\/9343","targetHints":{"allow":["GET"]}}],"collection":[{"href":"https:\/\/care4birds.bg\/ro\/wp-json\/wp\/v2\/pages"}],"about":[{"href":"https:\/\/care4birds.bg\/ro\/wp-json\/wp\/v2\/types\/page"}],"author":[{"embeddable":true,"href":"https:\/\/care4birds.bg\/ro\/wp-json\/wp\/v2\/users\/1"}],"replies":[{"embeddable":true,"href":"https:\/\/care4birds.bg\/ro\/wp-json\/wp\/v2\/comments?post=9343"}],"version-history":[{"count":4,"href":"https:\/\/care4birds.bg\/ro\/wp-json\/wp\/v2\/pages\/9343\/revisions"}],"predecessor-version":[{"id":9353,"href":"https:\/\/care4birds.bg\/ro\/wp-json\/wp\/v2\/pages\/9343\/revisions\/9353"}],"wp:attachment":[{"href":"https:\/\/care4birds.bg\/ro\/wp-json\/wp\/v2\/media?parent=9343"}],"curies":[{"name":"wp","href":"https:\/\/api.w.org\/{rel}","templated":true}]}}