{"id":9664,"date":"2025-11-06T08:01:04","date_gmt":"2025-11-06T08:01:04","guid":{"rendered":"https:\/\/care4birds.bg\/?page_id=9664"},"modified":"2026-03-17T11:47:18","modified_gmt":"2026-03-17T11:47:18","slug":"pricelist","status":"publish","type":"page","link":"https:\/\/care4birds.bg\/ro\/pricelist\/","title":{"rendered":"List\u0103 de pre\u021buri"},"content":{"rendered":"\t\t<div data-elementor-type=\"wp-page\" data-elementor-id=\"9664\" class=\"elementor elementor-9664\" data-elementor-post-type=\"page\">\n\t\t\t\t<div class=\"elementor-element elementor-element-1f33c88 e-flex e-con-boxed e-con e-parent\" data-id=\"1f33c88\" data-element_type=\"container\" data-e-type=\"container\">\n\t\t\t\t\t<div class=\"e-con-inner\">\n\t\t<div class=\"elementor-element elementor-element-7fdad92 e-con-full e-flex e-con e-child\" data-id=\"7fdad92\" data-element_type=\"container\" data-e-type=\"container\">\n\t\t\t\t<div class=\"elementor-element elementor-element-cf348ce elementor-widget elementor-widget-image\" data-id=\"cf348ce\" data-element_type=\"widget\" data-e-type=\"widget\" data-widget_type=\"image.default\">\n\t\t\t\t\t\t\t\t\t\t\t\t\t\t\t\t<a href=\"https:\/\/care4birds.bg\/wp-content\/uploads\/2025\/11\/pricelist.pdf\" target=\"_blank\">\n\t\t\t\t\t\t\t<img fetchpriority=\"high\" decoding=\"async\" width=\"2000\" height=\"1330\" src=\"https:\/\/care4birds.bg\/wp-content\/uploads\/2025\/11\/pricelist.jpg\" class=\"attachment-full size-full wp-image-9683\" alt=\"\" srcset=\"https:\/\/care4birds.bg\/wp-content\/uploads\/2025\/11\/pricelist.jpg 2000w, https:\/\/care4birds.bg\/wp-content\/uploads\/2025\/11\/pricelist-460x306.jpg 460w, https:\/\/care4birds.bg\/wp-content\/uploads\/2025\/11\/pricelist-1530x1017.jpg 1530w, https:\/\/care4birds.bg\/wp-content\/uploads\/2025\/11\/pricelist-765x509.jpg 765w, https:\/\/care4birds.bg\/wp-content\/uploads\/2025\/11\/pricelist-920x612.jpg 920w, https:\/\/care4birds.bg\/wp-content\/uploads\/2025\/11\/pricelist-231x154.jpg 231w\" sizes=\"(max-width: 2000px) 100vw, 2000px\" \/>\t\t\t\t\t\t\t\t<\/a>\n\t\t\t\t\t\t\t\t\t\t\t\t\t\t\t<\/div>\n\t\t\t\t<\/div>\n\t\t<div class=\"elementor-element elementor-element-1cf4cb3 e-con-full e-flex e-con e-child\" data-id=\"1cf4cb3\" data-element_type=\"container\" data-e-type=\"container\">\n\t\t\t\t<div class=\"elementor-element elementor-element-aa446c9 elementor-widget elementor-widget-heading\" data-id=\"aa446c9\" data-element_type=\"widget\" data-e-type=\"widget\" data-widget_type=\"heading.default\">\n\t\t\t\t\t<h2 class=\"elementor-heading-title elementor-size-default\">Catalogul nostru de pre\u021buri<\/h2>\t\t\t\t<\/div>\n\t\t\t\t<div class=\"elementor-element elementor-element-fbb1ace elementor-widget elementor-widget-text-editor\" data-id=\"fbb1ace\" data-element_type=\"widget\" data-e-type=\"widget\" data-widget_type=\"text-editor.default\">\n\t\t\t\t\t\t\t\t\t<p>Explora\u021bi lista noastr\u0103 detaliat\u0103 de pre\u021buri, care include toate produsele Care 4 Birds. De la medicamente esen\u021biale p\u00e2n\u0103 la suplimente de calitate superioar\u0103. Totul organizat pentru confortul dumneavoastr\u0103.<\/p><p>Consulta\u021bi catalogul complet pentru a afla pre\u021burile exacte, codurile produselor \u0219i detaliile privind utilizarea, menite s\u0103 v\u0103 ajute s\u0103 alege\u021bi cele mai bune solu\u021bii pentru s\u0103n\u0103tatea \u0219i \u00eengrijirea p\u0103s\u0103rilor dumneavoastr\u0103.<\/p>\t\t\t\t\t\t\t\t<\/div>\n\t\t\t\t<div class=\"elementor-element elementor-element-e763d78 elementor-align-left elementor-widget elementor-widget-ideapark-button\" data-id=\"e763d78\" data-element_type=\"widget\" data-e-type=\"widget\" data-widget_type=\"ideapark-button.default\">\n\t\t\t\t<div class=\"elementor-widget-container\">\n\t\t\t\t\t\t\t<div class=\"c-ip-button__wrap\">\n\t\t\t<a href=\"https:\/\/care4birds.bg\/wp-content\/uploads\/2025\/11\/pricelist.pdf\" target=\"_blank\" class=\"c-button c-ip-button c-button--default\" role=\"button\">\n\t\t\t\t\t\t\t\t<span class=\"c-ip-button__text\">Desc\u0103rca\u021bi lista de pre\u021buri<\/span>\n\t\t\t\t\t\t\t<\/a>\n\t\t<\/div>\n\t\t\t\t\t\t<\/div>\n\t\t\t\t<\/div>\n\t\t\t\t<\/div>\n\t\t\t\t\t<\/div>\n\t\t\t\t<\/div>\n\t\t\t\t<\/div>\n\t\t","protected":false},"excerpt":{"rendered":"<p>Catalogul nostru de pre\u021buri Explora\u021bi lista noastr\u0103 detaliat\u0103 de pre\u021buri, care include toate produsele Care 4 Birds. De la medicamente esen\u021biale p\u00e2n\u0103&hellip;<\/p>\n","protected":false},"author":1,"featured_media":0,"parent":0,"menu_order":0,"comment_status":"closed","ping_status":"closed","template":"elementor_header_footer","meta":{"footnotes":""},"class_list":["post-9664","page","type-page","status-publish","hentry"],"_links":{"self":[{"href":"https:\/\/care4birds.bg\/ro\/wp-json\/wp\/v2\/pages\/9664","targetHints":{"allow":["GET"]}}],"collection":[{"href":"https:\/\/care4birds.bg\/ro\/wp-json\/wp\/v2\/pages"}],"about":[{"href":"https:\/\/care4birds.bg\/ro\/wp-json\/wp\/v2\/types\/page"}],"author":[{"embeddable":true,"href":"https:\/\/care4birds.bg\/ro\/wp-json\/wp\/v2\/users\/1"}],"replies":[{"embeddable":true,"href":"https:\/\/care4birds.bg\/ro\/wp-json\/wp\/v2\/comments?post=9664"}],"version-history":[{"count":4,"href":"https:\/\/care4birds.bg\/ro\/wp-json\/wp\/v2\/pages\/9664\/revisions"}],"predecessor-version":[{"id":9687,"href":"https:\/\/care4birds.bg\/ro\/wp-json\/wp\/v2\/pages\/9664\/revisions\/9687"}],"wp:attachment":[{"href":"https:\/\/care4birds.bg\/ro\/wp-json\/wp\/v2\/media?parent=9664"}],"curies":[{"name":"wp","href":"https:\/\/api.w.org\/{rel}","templated":true}]}}