{"id":10834,"date":"2025-11-03T11:38:17","date_gmt":"2025-11-03T11:38:17","guid":{"rendered":"https:\/\/care4birds.bg\/product\/intestinal-2\/"},"modified":"2026-04-01T08:01:00","modified_gmt":"2026-04-01T08:01:00","slug":"intestinal-2","status":"publish","type":"product","link":"https:\/\/care4birds.bg\/ro\/produs\/intestinal-2\/","title":{"rendered":"Intestinal"},"content":{"rendered":"<div>\n<h6>Indica\u021bie:<\/h6>\n<p>Infec\u021bii gastrointestinale bacteriene, precum Staphylococcus, Streptococcus \u0219i Enterococcus, la p\u0103s\u0103ri.\n<\/p><\/div>\n<h6>Simptome:<\/h6>\n<div>\u2022 Schimbare evident\u0103 a comportamentului \u0219i aspectului<\/div>\n<div>\u2022 Pene zburlite \u0219i umflate<\/div>\n<div>\u2022 Ochi ro\u0219ii \u0219i apo\u0219i, secre\u021bii nazale<\/div>\n<div>\u2022 Diaree<\/div>\n<div>\u2022 Respira\u021bie neobi\u0219nuit\u0103 sau dificil\u0103<\/div>\n<div>\u2022 Apetit redus \u0219i pozi\u021bionare joas\u0103 pe stinghie<\/div>\n<h6>Dozaj<\/h6>\n<div>Ca tratament normal, ad\u0103uga\u021bi o doz\u0103 de 5 g \u00een 2 L de ap\u0103 potabil\u0103 c\u0103ldu\u021b\u0103 timp de 3-5 zile.<\/div>\n<div>\u00cen caz de infec\u021bii grave: prelungi\u021bi tratamentul la 5-7 zile consecutive. Tratamentul poate fi repetat, dac\u0103 este necesar, dup\u0103 c\u00e2teva zile.<\/div>\n<div>Lingur\u0103 de m\u0103surare de 1+5 g inclus\u0103.<\/div>\n<h6>Interac\u021biune(i): nu sunt cunoscute.<\/h6>\n<h6>Contraindica\u021bie(i): supradozaj.<\/h6>\n<h6>Sfaturi de utilizare:<\/h6>\n<p>Izola\u021bi p\u0103s\u0103rile bolnave (temperatura 28-33 \u00baC, lumin\u0103 redus\u0103).<br \/>\n\u00cen timpul tratamentului, asigura\u021bi tratament preventiv \u0219i pentru celelalte p\u0103s\u0103ri.<br \/>\nAsigura\u021bi-v\u0103 c\u0103 p\u0103s\u0103rile consum\u0103 cantit\u0103\u021bile recomandate de medicament; prin urmare, evita\u021bi consumul de hran\u0103 sau ap\u0103 nemedicate.<br \/>\nAdministra\u021bi glucoz\u0103 \u0219i MULTIVIT MIX \u00een timpul tratamentului.<br \/>\n\u00cen cazuri grave, se recomand\u0103 tratament prelungit.<br \/>\nAsigura\u021bi-v\u0103 c\u0103 dezinfecta\u021bi corespunz\u0103tor ad\u0103postul.<br \/>\nDac\u0103 nu apare o \u00eembun\u0103t\u0103\u021bire rapid\u0103, consulta\u021bi un specialist.<\/p>\n<h6>NOTE: CITI\u021aI INSTRUC\u021aIUNILE \u00ceNAINTE DE UTILIZARE.<\/h6>\n<p>A se p\u0103stra \u00eentr-un loc uscat, ferit de lumina direct\u0103 a soarelui, \u00eentre 0-30 \u00b0C.<br \/>\nPerioada de valabilitate dup\u0103 prima deschidere: un (1) an.<br \/>\nNr. lot \u0219i data expir\u0103rii: vezi ambalajul.<br \/>\nEvita\u021bi contactul medicamentului cu m\u00e2inile.<br \/>\nA nu se l\u0103sa la \u00eendem\u00e2na copiilor.<br \/>\nDoar pentru tratamentul animalelor. Nu este destinat animalelor pentru consum uman.<br \/>\nArunca\u021bi ambalajul gol \u0219i produsul r\u0103mas \u00eempreun\u0103 cu de\u0219eurile menajere.<br \/>\nAcest medicament veterinar este comercializat \u00een conformitate cu schema de excep\u021bie pentru animale mici.<\/p>\n<h6>Con\u021bine:<\/h6>\n<p>Trimetoprim 4 %, Sulfadiazin\u0103 sodic\u0103 20 %, ingrediente inactive q.s. p\u00e2n\u0103 la 100 g<\/p>\n<h6>IMPORTANT<\/h6>\n<p>Este posibil\u0103 o u\u0219oar\u0103 \u00eent\u0103rire a pulberii \u00een timp. Totu\u0219i, acest lucru nu afecteaz\u0103 calitatea, eficacitatea sau propriet\u0103\u021bile utile ale produsului.<\/p>\n","protected":false},"excerpt":{"rendered":"<p>Indica\u021bie: Infec\u021bii gastrointestinale bacteriene, precum Staphylococcus, Streptococcus \u0219i Enterococcus, la p\u0103s\u0103ri. Simptome: \u2022 Schimbare evident\u0103 a comportamentului \u0219i aspectului \u2022 Pene zburlite&hellip;<\/p>\n","protected":false},"featured_media":10835,"template":"","meta":[],"product_cat":[236],"product_tag":[],"class_list":{"0":"post-10834","1":"product","2":"type-product","3":"status-publish","4":"has-post-thumbnail","6":"product_cat-medicamente-pentru-pasari","8":"first","9":"instock","10":"shipping-taxable","11":"product-type-simple"},"_links":{"self":[{"href":"https:\/\/care4birds.bg\/ro\/wp-json\/wp\/v2\/product\/10834","targetHints":{"allow":["GET"]}}],"collection":[{"href":"https:\/\/care4birds.bg\/ro\/wp-json\/wp\/v2\/product"}],"about":[{"href":"https:\/\/care4birds.bg\/ro\/wp-json\/wp\/v2\/types\/product"}],"wp:featuredmedia":[{"embeddable":true,"href":"https:\/\/care4birds.bg\/ro\/wp-json\/wp\/v2\/media\/10835"}],"wp:attachment":[{"href":"https:\/\/care4birds.bg\/ro\/wp-json\/wp\/v2\/media?parent=10834"}],"wp:term":[{"taxonomy":"product_cat","embeddable":true,"href":"https:\/\/care4birds.bg\/ro\/wp-json\/wp\/v2\/product_cat?post=10834"},{"taxonomy":"product_tag","embeddable":true,"href":"https:\/\/care4birds.bg\/ro\/wp-json\/wp\/v2\/product_tag?post=10834"}],"curies":[{"name":"wp","href":"https:\/\/api.w.org\/{rel}","templated":true}]}}