{"id":10852,"date":"2025-11-03T11:34:48","date_gmt":"2025-11-03T11:34:48","guid":{"rendered":"https:\/\/care4birds.bg\/product\/salmo-mix\/"},"modified":"2026-04-01T08:03:07","modified_gmt":"2026-04-01T08:03:07","slug":"salmo-mix","status":"publish","type":"product","link":"https:\/\/care4birds.bg\/ro\/produs\/salmo-mix\/","title":{"rendered":"Salmo-mix"},"content":{"rendered":"<h6>Indica\u021bii:<\/h6>\n<div>Salmoneloz\u0103, colibaciloz\u0103 (boala transpira\u021biei) \u0219i infec\u021bii bacteriene comune la p\u0103s\u0103ri.<\/div>\n<h6>Simptome:<\/h6>\n<div>SIMPTOME COMUNE ALE INFEC\u021aIILOR BACTERIENE:<\/div>\n<div>SIMPTOME SUPLIMENTARE ALE COLIBACILOZEI (BOALA TRANSPIRA\u021aIEI):<\/div>\n<div>\u2022 Schimb\u0103ri evidente \u00een comportament \u0219i aspect<\/div>\n<div>\u2022 Pene zburlite \u0219i ne\u00eengrijite<\/div>\n<div>\u2022 Diaree<\/div>\n<div>\u2022 Respira\u021bie neobi\u0219nuit\u0103 sau dificil\u0103<\/div>\n<div>\u2022 Apetit redus \u0219i pozi\u021bionare joas\u0103 pe cuib<\/div>\n<div>\u2022 Interiorul cuiburilor p\u0103tat cu diaree galben\u0103 a puilor<\/div>\n<div>\u2022 Cre\u0219tere \u00eent\u00e2rziat\u0103 a puilor<\/div>\n<div>\u2022 Rata de mortalitate crescut\u0103 \u00een primele zile de via\u021b\u0103<\/div>\n<div><\/div>\n<div>Salmoneloza este mai frecvent\u0103 \u00een perioadele mai umede ale anului, \u00een afara volierelor, c\u00e2nd nu se iau m\u0103suri igienice adecvate; expunerea la \u0219oareci sau la excrementele p\u0103s\u0103rilor s\u0103lbatice este o surs\u0103 de infec\u021bie.<\/div>\n<h6>Dozaj:<\/h6>\n<div>DOZAJ: CA TRATAMENT NORMAL, ad\u0103uga\u021bi 5 g \u00eentr-un litru de ap\u0103 potabil\u0103<\/div>\n<div>timp de 5\u20137 zile consecutive.<\/div>\n<div>\u00ceN CAZ DE SALMONELOZ\u0102 SAU COLIBACILOZ\u0102 (BOALA TRANSPIRA\u021aIEI), repeta\u021bi<\/div>\n<div>tratamentul dup\u0103 2 zile<\/div>\n<div>Linguri\u021b\u0103 de m\u0103surare 1+5 g inclus\u0103.<\/div>\n<div><\/div>\n<p>Interac\u021biuni: necunoscute.<\/p>\n<p>Contraindica\u021bii: supradozaj.<\/p>\n<h6>Sfaturi de utilizare:<\/h6>\n<p>Izola\u021bi p\u0103s\u0103rile bolnave (temperatura 28\u201333 \u00baC, lumin\u0103 redus\u0103).<br \/>\n\u00cen timpul tratamentului, asigura\u021bi tratament preventiv \u0219i pentru celelalte p\u0103s\u0103ri.<br \/>\nAsigura\u021bi-v\u0103 c\u0103 p\u0103s\u0103rile consum\u0103 cantit\u0103\u021bile recomandate de medicament; evita\u021bi hrana sau apa nemedicate.<br \/>\nAdministra\u021bi glucoz\u0103 \u0219i MULTIVIT MIX \u00een timpul tratamentului.<br \/>\n\u00cen cazuri grave, se recomand\u0103 tratament prelungit.<br \/>\nAsigura\u021bi o dezinfectare corespunz\u0103toare a ad\u0103postului.<br \/>\nDac\u0103 nu apare o \u00eembun\u0103t\u0103\u021bire rapid\u0103, consulta\u021bi un specialist.<\/p>\n<h6>NOTE: CITI\u021aI INSTRUC\u021aIUNILE \u00ceNAINTE DE UTILIZARE.<\/h6>\n<p>A se p\u0103stra \u00eentr-un loc uscat, ferit de lumina direct\u0103 a soarelui, \u00eentre 0-30 \u00b0C.<br \/>\nDurata de valabilitate dup\u0103 prima deschidere: un (1) an.<br \/>\nNum\u0103r lot \u0219i data expir\u0103rii: vezi ambalajul.<br \/>\nEvita\u021bi contactul medicamentului cu m\u00e2inile.<br \/>\nA nu se l\u0103sa la \u00eendem\u00e2na copiilor.<br \/>\nDoar pentru tratamentul animalelor. Nu pentru animale destinate consumului uman.<br \/>\nArunca\u021bi ambalajul gol \u0219i produsul r\u0103mas \u00eempreun\u0103 cu de\u0219eurile menajere.<br \/>\nAcest medicament veterinar este comercializat conform schemei de excep\u021bie pentru animale mici.<\/p>\n<h6>Con\u021bine:<\/h6>\n<p>Furaltadon HCl 12,8%, Cloramfenicol 8%, Clortetraciclin\u0103 HCl 12,5%, ingrediente inactive q.s. p\u00e2n\u0103 la 100 g<\/p>\n","protected":false},"excerpt":{"rendered":"<p>Indica\u021bii: Salmoneloz\u0103, colibaciloz\u0103 (boala transpira\u021biei) \u0219i infec\u021bii bacteriene comune la p\u0103s\u0103ri. Simptome: SIMPTOME COMUNE ALE INFEC\u021aIILOR BACTERIENE: SIMPTOME SUPLIMENTARE ALE COLIBACILOZEI (BOALA&hellip;<\/p>\n","protected":false},"featured_media":10853,"template":"","meta":[],"product_cat":[236],"product_tag":[],"class_list":{"0":"post-10852","1":"product","2":"type-product","3":"status-publish","4":"has-post-thumbnail","6":"product_cat-medicamente-pentru-pasari","8":"first","9":"instock","10":"shipping-taxable","11":"product-type-simple"},"_links":{"self":[{"href":"https:\/\/care4birds.bg\/ro\/wp-json\/wp\/v2\/product\/10852","targetHints":{"allow":["GET"]}}],"collection":[{"href":"https:\/\/care4birds.bg\/ro\/wp-json\/wp\/v2\/product"}],"about":[{"href":"https:\/\/care4birds.bg\/ro\/wp-json\/wp\/v2\/types\/product"}],"wp:featuredmedia":[{"embeddable":true,"href":"https:\/\/care4birds.bg\/ro\/wp-json\/wp\/v2\/media\/10853"}],"wp:attachment":[{"href":"https:\/\/care4birds.bg\/ro\/wp-json\/wp\/v2\/media?parent=10852"}],"wp:term":[{"taxonomy":"product_cat","embeddable":true,"href":"https:\/\/care4birds.bg\/ro\/wp-json\/wp\/v2\/product_cat?post=10852"},{"taxonomy":"product_tag","embeddable":true,"href":"https:\/\/care4birds.bg\/ro\/wp-json\/wp\/v2\/product_tag?post=10852"}],"curies":[{"name":"wp","href":"https:\/\/api.w.org\/{rel}","templated":true}]}}