{"id":10870,"date":"2025-11-03T11:34:46","date_gmt":"2025-11-03T11:34:46","guid":{"rendered":"https:\/\/care4birds.bg\/product\/worm-mix\/"},"modified":"2026-04-01T08:05:59","modified_gmt":"2026-04-01T08:05:59","slug":"worm-mix","status":"publish","type":"product","link":"https:\/\/care4birds.bg\/ro\/produs\/worm-mix\/","title":{"rendered":"Worm-mix"},"content":{"rendered":"<div>\n<h6>Indica\u021bii:<\/h6>\n<\/div>\n<div>Pentru prevenirea \u0219i tratarea infest\u0103rilor cu viermi rotunzi \u0219i viermi p\u0103r la p\u0103s\u0103ri.<\/div>\n<h6>Simptome:<\/h6>\n<div>AL PARAZI\u021aILOR INTESTINALI<\/div>\n<div><\/div>\n<div>\u2022 Pierdere \u00een greutate<\/div>\n<div>\u2022 Pierderea condi\u021biei fizice<\/div>\n<div>\u2022 Vulnerabilitate crescut\u0103 la alte boli<\/div>\n<h6>C\u00c2ND S\u0102 TRATEZI ANIMALELE:<\/h6>\n<div>\u2022 Ca rutin\u0103, dup\u0103 n\u0103p\u00e2rlire<\/div>\n<div>\u2022 Dac\u0103 achizi\u021biona\u021bi p\u0103s\u0103ri noi<\/div>\n<div>\u2022 \u00cen caz de infec\u021bii cu viermi<\/div>\n<h6>Dozaj:<\/h6>\n<div>DOZAJ: CA TRATAMENT GENERAL PENTRU P\u0102S\u0102RI:<\/div>\n<div>1 g la 500 g greutate vie \/ 5 g la 2500 g greutate vie timp de 2 zile consecutive<\/div>\n<div>Administra\u021bi Worm-mix \u00eempreun\u0103 cu hrana sau \u00een apa de b\u0103ut.<\/div>\n<div>Repeta\u021bi acest tratament dup\u0103 10\u201312 zile.<\/div>\n<div>Linguri\u021b\u0103 de m\u0103surare 1+5 g inclus\u0103<\/div>\n<h6>Interac\u021biuni: necunoscute.<\/h6>\n<h6>Contraindica\u021bii: supradoz\u0103: Nu administra\u021bi acest produs \u00een timpul \u00eemperecherii, hr\u0103nirii puilor, n\u0103p\u00e2rlirii penelor mari \u0219i la p\u0103s\u0103rile mai mici de 14 zile.<\/h6>\n<h6>Sfaturi de utilizare:<\/h6>\n<p>Izola\u021bi p\u0103s\u0103rile bolnave (temperatura 28\u201333 \u00baC, lumina redus\u0103).<br \/>\n\u00cen timpul tratamentului, aplica\u021bi tratament preventiv \u0219i la celelalte p\u0103s\u0103ri.<br \/>\nAsigura\u021bi-v\u0103 c\u0103 p\u0103s\u0103rile iau doza recomandat\u0103 de medicament; evita\u021bi hrana sau apa nemedicate.<br \/>\nAdministra\u021bi glucoz\u0103 \u0219i MULTIVIT MIX \u00een timpul tratamentului.<br \/>\n\u00cen cazuri grave, se recomand\u0103 tratament prelungit.<br \/>\nDezinfecta\u021bi adecvat ad\u0103postul.<br \/>\nDac\u0103 nu apare o \u00eembun\u0103t\u0103\u021bire rapid\u0103, consulta\u021bi un specialist.<\/p>\n<h6>NOTE: CITI\u021aI INSTRUC\u021aIUNILE \u00ceNAINTE DE UTILIZARE.<\/h6>\n<p>Depozita\u021bi \u00een loc uscat, ferit de lumina direct\u0103 a soarelui, \u00eentre 0\u201330 \u00baC.<br \/>\nValabilitate dup\u0103 prima deschidere: un (1) an.<br \/>\nNum\u0103r lot \u0219i dat\u0103 expirare: vezi ambalajul.<br \/>\nEvita\u021bi contactul medicamentului cu m\u00e2inile.<br \/>\nA se p\u0103stra departe de copii.<br \/>\nDoar pentru tratament animal. Nu pentru animale destinate consumului uman.<br \/>\nArunca\u021bi ambalajul gol \u0219i produsul r\u0103mas \u00eempreun\u0103 cu de\u0219eurile menajere.<br \/>\nAcest medicament veterinar este comercializat conform schemei de excep\u021bie pentru animale mici.<\/p>\n<h6>Con\u021bine:<\/h6>\n<p>Levamisol HCl 2%, ingrediente inactive q.s. p\u00e2n\u0103 la 100 g<\/p>\n","protected":false},"excerpt":{"rendered":"<p>Indica\u021bii: Pentru prevenirea \u0219i tratarea infest\u0103rilor cu viermi rotunzi \u0219i viermi p\u0103r la p\u0103s\u0103ri. Simptome: AL PARAZI\u021aILOR INTESTINALI \u2022 Pierdere \u00een greutate&hellip;<\/p>\n","protected":false},"featured_media":10871,"template":"","meta":[],"product_cat":[236],"product_tag":[],"class_list":{"0":"post-10870","1":"product","2":"type-product","3":"status-publish","4":"has-post-thumbnail","6":"product_cat-medicamente-pentru-pasari","8":"first","9":"instock","10":"shipping-taxable","11":"product-type-simple"},"_links":{"self":[{"href":"https:\/\/care4birds.bg\/ro\/wp-json\/wp\/v2\/product\/10870","targetHints":{"allow":["GET"]}}],"collection":[{"href":"https:\/\/care4birds.bg\/ro\/wp-json\/wp\/v2\/product"}],"about":[{"href":"https:\/\/care4birds.bg\/ro\/wp-json\/wp\/v2\/types\/product"}],"wp:featuredmedia":[{"embeddable":true,"href":"https:\/\/care4birds.bg\/ro\/wp-json\/wp\/v2\/media\/10871"}],"wp:attachment":[{"href":"https:\/\/care4birds.bg\/ro\/wp-json\/wp\/v2\/media?parent=10870"}],"wp:term":[{"taxonomy":"product_cat","embeddable":true,"href":"https:\/\/care4birds.bg\/ro\/wp-json\/wp\/v2\/product_cat?post=10870"},{"taxonomy":"product_tag","embeddable":true,"href":"https:\/\/care4birds.bg\/ro\/wp-json\/wp\/v2\/product_tag?post=10870"}],"curies":[{"name":"wp","href":"https:\/\/api.w.org\/{rel}","templated":true}]}}