{"id":10888,"date":"2025-11-03T11:33:19","date_gmt":"2025-11-03T11:33:19","guid":{"rendered":"https:\/\/care4birds.bg\/product\/fungi-mix\/"},"modified":"2026-03-30T08:57:52","modified_gmt":"2026-03-30T08:57:52","slug":"fungi-mix","status":"publish","type":"product","link":"https:\/\/care4birds.bg\/ro\/produs\/fungi-mix\/","title":{"rendered":"Fungi-mix"},"content":{"rendered":"<div>\n<h6>Indica\u021bii:<\/h6>\n<\/div>\n<div>Infec\u021bii fungice, cum ar fi Candidiasis, Moniliasis \u0219i Aspergillosis la p\u0103s\u0103ri.<\/div>\n<div>Drojdiile se g\u0103sesc peste tot \u00een mediu, inclusiv \u00een alimentele alterate. Din acest motiv, fructele \u0219i legumele proaspete nu trebuie l\u0103sate \u00een colivia p\u0103s\u0103rilor pentru perioade lungi. \u00cen c\u0103ldura \u0219i umiditatea verii, m\u00e2ncarea se poate strica \u00een doar c\u00e2teva ore. Igiena slab\u0103 poate r\u0103sp\u00e2ndi, de asemenea, infec\u021biile cu drojdii. Nesterilizarea echipamentului de hr\u0103nire manual\u0103, cur\u0103\u021barea necorespunz\u0103toare a coliviilor \u0219i chiar nesp\u0103larea m\u00e2inilor pot r\u0103sp\u00e2ndi drojdia. Majoritatea p\u0103s\u0103rilor s\u0103n\u0103toase nu vor fi afectate. P\u0103s\u0103rile mai \u00een v\u00e2rst\u0103, nou-n\u0103scu\u021bii, p\u0103s\u0103rile bolnave \u0219i cele stresate dezvolt\u0103 \u00een general infec\u021bii cu drojdii. Aceste infec\u021bii secundare<\/div>\n<div>supun sistemul imunitar deja suprasolicitat la stres suplimentar \u0219i interfereaz\u0103 cu procesul de vindecare.<\/div>\n<h6>Simptome:<\/h6>\n<div>\u2022 Pene rulate sau deschise<\/div>\n<div>\u2022 Apetit sc\u0103zut<\/div>\n<div>\u2022 V\u0103rs\u0103turi<\/div>\n<div>\u2022 Punga g\u00e2tului umflat\u0103<\/div>\n<div>\u2022 Dificult\u0103\u021bi respiratorii<\/div>\n<div>\u2022 Adesea asociate cu diaree.<\/div>\n<h6>Dozaj:<\/h6>\n<div>Hrana cu ou: p\u0103s\u0103ri \u00een general: 5 g \/ 500 g hran\u0103 moale, de dou\u0103 ori pe zi, 5\u20137 zile<\/div>\n<div>Ap\u0103 de b\u0103ut: p\u0103s\u0103ri \u00een general: 5 g \/ 1 L ap\u0103, de dou\u0103 ori pe zi, 5\u20137 zile (amesteca\u021bi bine \u00eenainte de utilizare!) Nystatin se poate amesteca direct \u00een formula de hr\u0103nire manual\u0103, dar este mai eficient dac\u0103 se administreaz\u0103 integral cu aproximativ 1\/2 or\u0103 \u00eenainte de hr\u0103nire. Acest lucru \u00eei ofer\u0103 timp s\u0103 acopere mucoasa g\u00e2tului \u0219i s\u0103 atace organismele Candida d\u0103un\u0103toare. Pentru preven\u021bie, oferi\u021bi p\u0103s\u0103rilor acid citric 5 ml la 1 litru de ap\u0103 zilnic. Lingur\u0103 m\u0103sur\u0103toare 1+5 g inclus\u0103.<\/div>\n<h6>Interac\u021biuni: necunoscute.<\/h6>\n<h6>Contraindica\u021bii: supradoz\u0103.<\/h6>\n<h6>Sfaturi de utilizare:<\/h6>\n<p>Izola\u021bi p\u0103s\u0103rile bolnave (temperatura 28\u201333 \u00baC, lumin\u0103 redus\u0103).<br \/>\n\u00cen timpul tratamentului p\u0103s\u0103rilor bolnave, oferi\u021bi \u0219i tratament preventiv altor p\u0103s\u0103ri.<br \/>\nAsigura\u021bi-v\u0103 c\u0103 p\u0103s\u0103rile iau cantit\u0103\u021bile recomandate de medicament; evita\u021bi hrana \u0219i apa nemedicate.<br \/>\nAdministra\u021bi glucoz\u0103 \u0219i MULTIVIT MIX \u00een timpul tratamentului.<br \/>\n\u00cen cazuri grave, se recomand\u0103 tratament prelungit.<br \/>\nAsigura\u021bi o dezinfectare corespunz\u0103toare a ad\u0103postului.<br \/>\nDac\u0103 nu apare o ameliorare rapid\u0103, consulta\u021bi un expert.<\/p>\n<h6>NOT\u0102: CITI\u021aI INSTRUC\u021aIUNILE \u00ceNAINTE DE UTILIZARE.<\/h6>\n<p>Depozita\u021bi uscat, ferit de lumina direct\u0103 a soarelui, \u00eentre 0\u201330 \u00baC.<br \/>\nValabilitate dup\u0103 prima deschidere: un (1) an.<br \/>\nNum\u0103rul lotului \u0219i data expir\u0103rii: vede\u021bi ambalajul.<br \/>\nEvita\u021bi contactul medicamentului cu m\u00e2inile.<br \/>\nA se p\u0103stra la \u00eendem\u00e2na copiilor.<br \/>\nDoar pentru tratamentul animalelor. Nu pentru animalele destinate produc\u021biei de alimente pentru consum uman.<br \/>\nArunca\u021bi ambalajul gol \u0219i produsul r\u0103mas \u00een de\u0219eurile menajere.<br \/>\nAcest medicament veterinar este comercializat conform schemei de exonerare pentru animale mici.<\/p>\n<h6>Con\u021bine:<\/h6>\n<p>100 g Nystatin (200.000 UI\/gram)<\/p>\n","protected":false},"excerpt":{"rendered":"<p>Indica\u021bii: Infec\u021bii fungice, cum ar fi Candidiasis, Moniliasis \u0219i Aspergillosis la p\u0103s\u0103ri. Drojdiile se g\u0103sesc peste tot \u00een mediu, inclusiv \u00een alimentele&hellip;<\/p>\n","protected":false},"featured_media":10889,"template":"","meta":[],"product_cat":[236],"product_tag":[],"class_list":{"0":"post-10888","1":"product","2":"type-product","3":"status-publish","4":"has-post-thumbnail","6":"product_cat-medicamente-pentru-pasari","8":"first","9":"instock","10":"shipping-taxable","11":"product-type-simple"},"_links":{"self":[{"href":"https:\/\/care4birds.bg\/ro\/wp-json\/wp\/v2\/product\/10888","targetHints":{"allow":["GET"]}}],"collection":[{"href":"https:\/\/care4birds.bg\/ro\/wp-json\/wp\/v2\/product"}],"about":[{"href":"https:\/\/care4birds.bg\/ro\/wp-json\/wp\/v2\/types\/product"}],"wp:featuredmedia":[{"embeddable":true,"href":"https:\/\/care4birds.bg\/ro\/wp-json\/wp\/v2\/media\/10889"}],"wp:attachment":[{"href":"https:\/\/care4birds.bg\/ro\/wp-json\/wp\/v2\/media?parent=10888"}],"wp:term":[{"taxonomy":"product_cat","embeddable":true,"href":"https:\/\/care4birds.bg\/ro\/wp-json\/wp\/v2\/product_cat?post=10888"},{"taxonomy":"product_tag","embeddable":true,"href":"https:\/\/care4birds.bg\/ro\/wp-json\/wp\/v2\/product_tag?post=10888"}],"curies":[{"name":"wp","href":"https:\/\/api.w.org\/{rel}","templated":true}]}}