{"id":10906,"date":"2025-11-03T11:31:54","date_gmt":"2025-11-03T11:31:54","guid":{"rendered":"https:\/\/care4birds.bg\/product\/protozoal-mix\/"},"modified":"2026-03-30T09:04:49","modified_gmt":"2026-03-30T09:04:49","slug":"protozoal-mix","status":"publish","type":"product","link":"https:\/\/care4birds.bg\/ro\/produs\/protozoal-mix\/","title":{"rendered":"Protozoal-mix"},"content":{"rendered":"<div>\n<div>\n<h6>Indica\u021bie:<\/h6>\n<\/div>\n<div>Infec\u021bii protozoare: Trichomoniaz\u0103 (Canker), Giardiaz\u0103<\/div>\n<\/div>\n<div>\n<div>\u0219i Cochlosoma la p\u0103s\u0103ri.<\/div>\n<\/div>\n<h6>Simptome:<\/h6>\n<div>\n<div>\u2022 Trichomoniaz\u0103: Pierdere \u00een greutate, regurgitare, saliv\u0103 uscat\u0103 \u00een jurul ciocului<\/div>\n<\/div>\n<div>\n<div>\u2022 Giardiaz\u0103: Diaree \u0219i unele decese.<\/div>\n<\/div>\n<div>\n<div>\u2022 Cochlosomoz\u0103: La pui, deshidratare \u0219i sl\u0103biciune cu diaree galben\u0103.<\/div>\n<\/div>\n<div>\n<div>La p\u0103s\u0103rile c\u00e2nt\u0103toare crescute sub Bengalese, care ac\u021bioneaz\u0103 ca purt\u0103tori asimptomatici.<\/div>\n<\/div>\n<div>\n<div>Simptomele sunt cele mai severe la puii \u00eentre 10 zile \u0219i 6 s\u0103pt\u0103m\u00e2ni. Infec\u021bia se poate r\u0103sp\u00e2ndi prin contaminarea excrementelor, hranei \u0219i apei.<\/div>\n<\/div>\n<h6>Dozaj:<\/h6>\n<div>Trichomoniaz\u0103 \u0219i Giardiaz\u0103: ad\u0103uga\u021bi 5 g la 1 litru de ap\u0103 potabil\u0103<\/div>\n<div>timp de 5-7 zile consecutive.<\/div>\n<div>Papagal: 1 g la 1 litru de ap\u0103 potabil\u0103 timp de 5-7 zile consecutive.<\/div>\n<div>Cochlosomoz\u0103: ad\u0103uga\u021bi 5 g la 1 litru de ap\u0103 potabil\u0103 sau 500 g hran\u0103 moale pentru 5 zile consecutive. Repeta\u021bi acest tratament lunar timp de 6 luni.<\/div>\n<div>Linguri\u021b\u0103 de m\u0103surare 1+5 g inclus\u0103.<\/div>\n<h6>Interac\u021biuni: necunoscute.<\/h6>\n<h6>Contraindica\u021bii: supradozaj.<\/h6>\n<h6>Sfaturi pentru utilizare:<\/h6>\n<p>Izola\u021bi p\u0103s\u0103rile bolnave (temperatur\u0103 28\u201333 \u00baC, luminile estompat).<br \/>\n\u00cen timpul tratamentului p\u0103s\u0103rilor bolnave, oferi\u021bi \u0219i tratament preventiv pentru celelalte p\u0103s\u0103ri.<br \/>\nAsigura\u021bi-v\u0103 c\u0103 p\u0103s\u0103rile iau cantit\u0103\u021bile recomandate de medicament; evita\u021bi astfel hrana sau apa nemedicate.<br \/>\nAdministra\u021bi glucoz\u0103 \u0219i MULTIVIT MIX \u00een timpul tratamentului.<br \/>\n\u00cen cazuri grave, se recomand\u0103 tratament prelungit.<br \/>\nDezinfecta\u021bi corespunz\u0103tor ad\u0103postul.<br \/>\nDac\u0103 nu apare o \u00eembun\u0103t\u0103\u021bire rapid\u0103, consulta\u021bi un expert.  <\/p>\n<h6>NOTE: CITI\u021aI INSTRUC\u021aIUNILE \u00ceNAINTE DE UTILIZARE.<\/h6>\n<p>Valabilitate dup\u0103 prima deschidere: un (1) an.<br \/>\nNum\u0103rul lotului \u0219i data expir\u0103rii: vezi ambalajul.<br \/>\nEvita\u021bi contactul medicamentului cu m\u00e2inile.<br \/>\nP\u0103stra\u021bi-l departe de copii.<br \/>\nDoar pentru tratamentul animalelor. Nu pentru animalele destinate produc\u021biei de alimente pentru consum uman.<br \/>\nArunca\u021bi ambalajul gol \u0219i produsul r\u0103mas \u00een gunoiul menajer.<br \/>\nAcest medicament veterinar este comercializat conform schemei de scutire pentru animale mici.  <\/p>\n<h6>Con\u021bine:<\/h6>\n<p>Ronidazol 10%, ingrediente inactive q.s. 100 g<\/p>\n","protected":false},"excerpt":{"rendered":"<p>Indica\u021bie: Infec\u021bii protozoare: Trichomoniaz\u0103 (Canker), Giardiaz\u0103 \u0219i Cochlosoma la p\u0103s\u0103ri. Simptome: \u2022 Trichomoniaz\u0103: Pierdere \u00een greutate, regurgitare, saliv\u0103 uscat\u0103 \u00een jurul ciocului&hellip;<\/p>\n","protected":false},"featured_media":10907,"template":"","meta":[],"product_cat":[236],"product_tag":[],"class_list":{"0":"post-10906","1":"product","2":"type-product","3":"status-publish","4":"has-post-thumbnail","6":"product_cat-medicamente-pentru-pasari","8":"first","9":"instock","10":"shipping-taxable","11":"product-type-simple"},"_links":{"self":[{"href":"https:\/\/care4birds.bg\/ro\/wp-json\/wp\/v2\/product\/10906","targetHints":{"allow":["GET"]}}],"collection":[{"href":"https:\/\/care4birds.bg\/ro\/wp-json\/wp\/v2\/product"}],"about":[{"href":"https:\/\/care4birds.bg\/ro\/wp-json\/wp\/v2\/types\/product"}],"wp:featuredmedia":[{"embeddable":true,"href":"https:\/\/care4birds.bg\/ro\/wp-json\/wp\/v2\/media\/10907"}],"wp:attachment":[{"href":"https:\/\/care4birds.bg\/ro\/wp-json\/wp\/v2\/media?parent=10906"}],"wp:term":[{"taxonomy":"product_cat","embeddable":true,"href":"https:\/\/care4birds.bg\/ro\/wp-json\/wp\/v2\/product_cat?post=10906"},{"taxonomy":"product_tag","embeddable":true,"href":"https:\/\/care4birds.bg\/ro\/wp-json\/wp\/v2\/product_tag?post=10906"}],"curies":[{"name":"wp","href":"https:\/\/api.w.org\/{rel}","templated":true}]}}