{"id":10942,"date":"2025-11-03T11:29:59","date_gmt":"2025-11-03T11:29:59","guid":{"rendered":"https:\/\/care4birds.bg\/product\/orni-mix\/"},"modified":"2026-03-30T09:54:00","modified_gmt":"2026-03-30T09:54:00","slug":"orni-mix","status":"publish","type":"product","link":"https:\/\/care4birds.bg\/ro\/produs\/orni-mix\/","title":{"rendered":"Orni-mix"},"content":{"rendered":"<div>\n<h6>Indica\u021bii:<\/h6>\n<\/div>\n<div>\n<div>Infec\u021bii ale c\u0103ilor respiratorii cauzate de Ornithosis, Pneumonie, Micoplasmoz\u0103, Psittacosis (Clamidioz\u0103) la p\u0103s\u0103ri.<\/div>\n<\/div>\n<h6>Simptome:<\/h6>\n<div>\n<div>\u2022 Infec\u021bie a sinusurilor, respira\u021bie dificil\u0103, scurt\u0103 respira\u021bie, respira\u021bie zgomotoas\u0103 sau \u201enas care curge\u201d<\/div>\n<\/div>\n<div>\n<div>\u2022 Secre\u021bii sau umflare a ochilor, \u00eencurcarea penajului \u00een jurul ochilor<\/div>\n<\/div>\n<div>\n<div>\u2022 Letargie, pene zburlite, pierderea poftei de m\u00e2ncare, pierdere \u00een greutate, sl\u0103biciune.<\/div>\n<\/div>\n<h6>Dozaj<\/h6>\n<div>\n<div>Dozaj: p\u0103s\u0103ri de colivie \u0219i aviary (canarii, p\u0103s\u0103ri de finc\u0103):<\/div>\n<\/div>\n<div>\n<div>5 g \/ 2 litri ap\u0103 potabil\u0103, 5-10 zile consecutive.<\/div>\n<\/div>\n<div>\n<div>Dozaj: Pericu\u021bi, papagali:<\/div>\n<\/div>\n<div>\n<div>1 g \/ 2 kg greutate corporal\u0103 sau 3 g \/ 200 ml ap\u0103 potabil\u0103, 5-10 zile consecutive.<\/div>\n<\/div>\n<div>\n<div>Tratament pentru Psittacosis (Febra papagalului): 1 g \/ 2 kg greutate corporal\u0103 sau 3 g \/ 200 ml ap\u0103 potabil\u0103. Durata tratamentului: 45 zile. Toate sursele de calciu trebuie eliminate \u00een aceast\u0103 perioad\u0103, deoarece calciul afecteaz\u0103 absorb\u021bia antibioticului.<\/div>\n<\/div>\n<div>\n<div>Linguri\u021b\u0103 de m\u0103surare 1+5 g inclus\u0103.<\/div>\n<\/div>\n<h6>Interac\u021biuni:<\/h6>\n<p> Necunoscute.<\/p>\n<h6>Contraindica\u021bii:<\/h6>\n<p> Supradozaj.<\/p>\n<h6>Sfaturi de utilizare:<\/h6>\n<p>Izola\u021bi p\u0103s\u0103rile bolnave (temperatur\u0103 28\u201333 \u00baC, lumin\u0103 difuz\u0103).<br \/>\n\u00cen timpul tratamentului, aplica\u021bi tratament preventiv \u0219i altor p\u0103s\u0103ri.<br \/>\nAsigura\u021bi-v\u0103 c\u0103 p\u0103s\u0103rile primesc doza recomandat\u0103; evita\u021bi hrana sau apa ne-medicat\u0103.<br \/>\nAdministra\u021bi glucoz\u0103 \u0219i MULTIVIT MIX \u00een timpul tratamentului.<br \/>\nPentru cazuri grave, se recomand\u0103 tratament prelungit.<br \/>\nDezinfecta\u021bi corespunz\u0103tor locul de ad\u0103post.<br \/>\nDac\u0103 nu apare \u00eembun\u0103t\u0103\u021bire rapid\u0103, consulta\u021bi un specialist.<\/p>\n<h6>NOT\u0102: CITI\u021aI INSTRUC\u021aIUNILE \u00ceNAINTE DE UTILIZARE.<\/h6>\n<p>P\u0103stra\u021bi uscat, ferit de lumina direct\u0103 a soarelui, \u00eentre 0-30 \u00baC.<br \/>\nValabilitate dup\u0103 prima deschidere: un (1) an.<br \/>\nNum\u0103r lot \u0219i data expir\u0103rii: vede\u021bi ambalajul.<br \/>\nEvita\u021bi contactul cu m\u00e2inile.<br \/>\nA nu se l\u0103sa la \u00eendem\u00e2na copiilor.<br \/>\nDoar pentru tratamentul animalelor. Nu este destinat animalelor pentru consum uman.<br \/>\nArunca\u021bi ambalajul gol \u0219i restul produsului \u00een de\u0219eurile casnice.<br \/>\nAcest medicament veterinar este comercializat conform schemei de scutire pentru animale mici.<\/p>\n<h6>Con\u021bine:<\/h6>\n<p>Doxiciclin\u0103 HCl 6%, Spiramicin\u0103 Adipat 10%, Metronidazol 10%, Bromhexin\u0103 HCl 2%, ingrediente inactive q.s. p\u00e2n\u0103 la 100 g<\/p>\n","protected":false},"excerpt":{"rendered":"<p>Indica\u021bii: Infec\u021bii ale c\u0103ilor respiratorii cauzate de Ornithosis, Pneumonie, Micoplasmoz\u0103, Psittacosis (Clamidioz\u0103) la p\u0103s\u0103ri. Simptome: \u2022 Infec\u021bie a sinusurilor, respira\u021bie dificil\u0103, scurt\u0103&hellip;<\/p>\n","protected":false},"featured_media":10943,"template":"","meta":[],"product_cat":[236],"product_tag":[],"class_list":{"0":"post-10942","1":"product","2":"type-product","3":"status-publish","4":"has-post-thumbnail","6":"product_cat-medicamente-pentru-pasari","8":"first","9":"instock","10":"shipping-taxable","11":"product-type-simple"},"_links":{"self":[{"href":"https:\/\/care4birds.bg\/ro\/wp-json\/wp\/v2\/product\/10942","targetHints":{"allow":["GET"]}}],"collection":[{"href":"https:\/\/care4birds.bg\/ro\/wp-json\/wp\/v2\/product"}],"about":[{"href":"https:\/\/care4birds.bg\/ro\/wp-json\/wp\/v2\/types\/product"}],"wp:featuredmedia":[{"embeddable":true,"href":"https:\/\/care4birds.bg\/ro\/wp-json\/wp\/v2\/media\/10943"}],"wp:attachment":[{"href":"https:\/\/care4birds.bg\/ro\/wp-json\/wp\/v2\/media?parent=10942"}],"wp:term":[{"taxonomy":"product_cat","embeddable":true,"href":"https:\/\/care4birds.bg\/ro\/wp-json\/wp\/v2\/product_cat?post=10942"},{"taxonomy":"product_tag","embeddable":true,"href":"https:\/\/care4birds.bg\/ro\/wp-json\/wp\/v2\/product_tag?post=10942"}],"curies":[{"name":"wp","href":"https:\/\/api.w.org\/{rel}","templated":true}]}}