{"id":10961,"date":"2025-11-03T11:29:04","date_gmt":"2025-11-03T11:29:04","guid":{"rendered":"https:\/\/care4birds.bg\/product\/multivit-mix\/"},"modified":"2026-03-30T10:01:18","modified_gmt":"2026-03-30T10:01:18","slug":"multivit-mix","status":"publish","type":"product","link":"https:\/\/care4birds.bg\/ro\/produs\/multivit-mix\/","title":{"rendered":"Multivit-Mix"},"content":{"rendered":"<div>Multivit-mix este un amestec special de vitamine solubile \u00een ap\u0103 \u0219i glucoz\u0103. Aceste vitamine sunt foarte importante pentru metabolismul p\u0103s\u0103rii. Glucoza este ad\u0103ugat\u0103 pentru a oferi energie direct\u0103 p\u0103s\u0103rilor.<\/div>\n<div><\/div>\n<div>Multivit-mix contribuie la:<\/div>\n<div>\u2022 rezisten\u021b\u0103 sporit\u0103<\/div>\n<div>\u2022 reproducere bun\u0103<\/div>\n<div>\u2022 recuperare optim\u0103<\/div>\n<div><\/div>\n<div>Cerin\u021bele zilnice de vitamine ale unei p\u0103s\u0103ri sunt foarte importante; deficitul poate cauza mai multe probleme, de exemplu:<\/div>\n<div>\u2022 Deficien\u021ba de vitamina A poate provoca fertilitate sc\u0103zut\u0103 la masculi \u0219i femele, schimb\u0103ri \u00een mucoasa tractului respirator \u0219i digestiv, facilit\u00e2nd infec\u021biile, afect\u00e2nd vederea \u0219i provoc\u00e2nd moartea embrionului.<\/div>\n<div>\u2022 Deficien\u021ba de vitamine B poate provoca tulbur\u0103ri nervoase, \u00eent\u00e2rziere \u00een cre\u0219tere \u0219i dezvoltare a penajului, tulbur\u0103ri \u00een metabolismul gr\u0103similor, eclozare slab\u0103 a ou\u0103lor \u0219i dezvoltare slab\u0103 a puilor.<\/div>\n<div>\u2022 Deficien\u021ba de vitamina D poate provoca rahitism \u0219i ou\u0103 cu coaj\u0103 moale.<\/div>\n<div><\/div>\n<div>Multivitaminele se administreaz\u0103 cel pu\u021bin o dat\u0103 pe s\u0103pt\u0103m\u00e2n\u0103:<\/div>\n<div>\u2022 \u00cen timpul cre\u0219terii, n\u0103p\u00e2rlirii \u0219i reproduc\u021biei<\/div>\n<div>\u2022 \u00cen perioade de stres intens<\/div>\n<div>\u2022 Dup\u0103 tratamente pentru boli, deparazitare \u0219i vaccin\u0103ri<\/div>\n<h6>Dozaj<\/h6>\n<div>Dozaj: p\u0103s\u0103ri ornamentale:<\/div>\n<div>\u2022 Ca doz\u0103 unic\u0103 dup\u0103 medica\u021bie: 2 g \/ 0,5 l ap\u0103 sau 2 g \/ 250 g hran\u0103.<\/div>\n<div>\u2022 Ca doz\u0103 de \u00eentre\u021binere: de dou\u0103 ori pe s\u0103pt\u0103m\u00e2n\u0103 1 g \/ 0,5 l ap\u0103 sau 1 g \/ 250 g hran\u0103.<\/div>\n<div>Multivit-mix poate fi ad\u0103ugat \u00een ap\u0103 sau administrat cu hrana. Linguri\u021b\u0103 de m\u0103surare 1+5 g inclus\u0103.<\/div>\n<h6>Interac\u021biuni:<\/h6>\n<p> necunoscute.<\/p>\n<h6>Contraindica\u021bii:<\/h6>\n<p> supradozaj.<\/p>\n<h6>NOT\u0102: CITI\u021aI INSTRUC\u021aIUNILE \u00ceNAINTE DE UTILIZARE.<\/h6>\n<div>P\u0103stra\u021bi uscat, ferit de lumina direct\u0103 a soarelui, \u00eentre 0-30 \u00baC. Valabilitate dup\u0103 prima deschidere: un (1) an. Num\u0103r lot \u0219i data expir\u0103rii: vede\u021bi ambalajul. Evita\u021bi contactul cu m\u00e2inile. A nu se l\u0103sa la \u00eendem\u00e2na copiilor. Doar pentru tratament animal. Nu pentru animale destinate consumului uman. Arunca\u021bi ambalajul gol \u0219i produsul r\u0103mas \u00een de\u0219eurile casnice. Acest medicament veterinar este comercializat conform schemei de scutire pentru animale mici.<\/div>\n<h6>Con\u021bine:<\/h6>\n<div>200 g Multivitamine<\/div>\n","protected":false},"excerpt":{"rendered":"<p>Multivit-mix este un amestec special de vitamine solubile \u00een ap\u0103 \u0219i glucoz\u0103. Aceste vitamine sunt foarte importante pentru metabolismul p\u0103s\u0103rii. Glucoza este&hellip;<\/p>\n","protected":false},"featured_media":10962,"template":"","meta":[],"product_cat":[236],"product_tag":[],"class_list":{"0":"post-10961","1":"product","2":"type-product","3":"status-publish","4":"has-post-thumbnail","6":"product_cat-medicamente-pentru-pasari","8":"first","9":"instock","10":"shipping-taxable","11":"product-type-simple"},"_links":{"self":[{"href":"https:\/\/care4birds.bg\/ro\/wp-json\/wp\/v2\/product\/10961","targetHints":{"allow":["GET"]}}],"collection":[{"href":"https:\/\/care4birds.bg\/ro\/wp-json\/wp\/v2\/product"}],"about":[{"href":"https:\/\/care4birds.bg\/ro\/wp-json\/wp\/v2\/types\/product"}],"wp:featuredmedia":[{"embeddable":true,"href":"https:\/\/care4birds.bg\/ro\/wp-json\/wp\/v2\/media\/10962"}],"wp:attachment":[{"href":"https:\/\/care4birds.bg\/ro\/wp-json\/wp\/v2\/media?parent=10961"}],"wp:term":[{"taxonomy":"product_cat","embeddable":true,"href":"https:\/\/care4birds.bg\/ro\/wp-json\/wp\/v2\/product_cat?post=10961"},{"taxonomy":"product_tag","embeddable":true,"href":"https:\/\/care4birds.bg\/ro\/wp-json\/wp\/v2\/product_tag?post=10961"}],"curies":[{"name":"wp","href":"https:\/\/api.w.org\/{rel}","templated":true}]}}