{"id":10999,"date":"2025-11-03T11:27:22","date_gmt":"2025-11-03T11:27:22","guid":{"rendered":"https:\/\/care4birds.bg\/product\/eye-cream-2\/"},"modified":"2026-03-30T10:16:11","modified_gmt":"2026-03-30T10:16:11","slug":"eye-cream-2","status":"publish","type":"product","link":"https:\/\/care4birds.bg\/ro\/produs\/eye-cream-2\/","title":{"rendered":"Eye cream"},"content":{"rendered":"<h6>Indica\u021bie:<\/h6>\n<div>Toate tipurile de infec\u021bii; boli ale ochilor sau urechilor complicate<\/div>\n<div>de reac\u021bii alergice.<\/div>\n<h6>Dozaj<\/h6>\n<div>O cantitate mic\u0103 \u00een jurul ochiului sau urechii sau conform prescrip\u021biei veterinarului<\/div>\n<h6>Tratament<\/h6>\n<div>1-2 ori pe zi p\u00e2n\u0103 apare \u00eembun\u0103t\u0103\u021birea, sau conform prescrip\u021biei veterinarului<\/div>\n<h6>NOT\u0102: CITI\u021aI INSTRUC\u021aIUNILE \u00ceNAINTE DE UTILIZARE.<\/h6>\n<ul>\n<li>P\u0103stra\u021bi uscat, ferit de lumina direct\u0103 a soarelui, \u00eentre 0-30 \u00b0C.<\/li>\n<li>Depozitare limitat\u0103 dup\u0103 deschidere.<\/li>\n<li>Evita\u021bi contactul medicamentului cu m\u00e2inile.<\/li>\n<li>\u021aine\u021bi departe de copii.<\/li>\n<li>Doar pentru tratamentul animalelor. Nu pentru animale destinate consumului uman.<\/li>\n<li>\u00cen caz de dubii sau probleme persistente, consulta\u021bi un expert.<\/li>\n<\/ul>\n<div>PRODUSUL CON\u021aINE STEROIZI.<\/div>\n<h6>Formul\u0103<\/h6>\n<div>Con\u021bine: Oxitetraciclin\u0103 HCl 5,4 mg\/g, Polimixin B Sulfat 1,27 mg\/g,<\/div>\n<div>Hidrocortizon micr. 1,5 mg\/g (furnizat ca tub de 5 grame)<\/div>\n<h6>Con\u021bine:<\/h6>\n<div>5 g medicament veterinar pentru p\u0103s\u0103ri<\/div>\n","protected":false},"excerpt":{"rendered":"<p>Indica\u021bie: Toate tipurile de infec\u021bii; boli ale ochilor sau urechilor complicate de reac\u021bii alergice. Dozaj O cantitate mic\u0103 \u00een jurul ochiului sau&hellip;<\/p>\n","protected":false},"featured_media":11000,"template":"","meta":[],"product_cat":[236],"product_tag":[],"class_list":{"0":"post-10999","1":"product","2":"type-product","3":"status-publish","4":"has-post-thumbnail","6":"product_cat-medicamente-pentru-pasari","8":"first","9":"instock","10":"shipping-taxable","11":"product-type-simple"},"_links":{"self":[{"href":"https:\/\/care4birds.bg\/ro\/wp-json\/wp\/v2\/product\/10999","targetHints":{"allow":["GET"]}}],"collection":[{"href":"https:\/\/care4birds.bg\/ro\/wp-json\/wp\/v2\/product"}],"about":[{"href":"https:\/\/care4birds.bg\/ro\/wp-json\/wp\/v2\/types\/product"}],"wp:featuredmedia":[{"embeddable":true,"href":"https:\/\/care4birds.bg\/ro\/wp-json\/wp\/v2\/media\/11000"}],"wp:attachment":[{"href":"https:\/\/care4birds.bg\/ro\/wp-json\/wp\/v2\/media?parent=10999"}],"wp:term":[{"taxonomy":"product_cat","embeddable":true,"href":"https:\/\/care4birds.bg\/ro\/wp-json\/wp\/v2\/product_cat?post=10999"},{"taxonomy":"product_tag","embeddable":true,"href":"https:\/\/care4birds.bg\/ro\/wp-json\/wp\/v2\/product_tag?post=10999"}],"curies":[{"name":"wp","href":"https:\/\/api.w.org\/{rel}","templated":true}]}}