{"id":11017,"date":"2025-11-03T11:22:42","date_gmt":"2025-11-03T11:22:42","guid":{"rendered":"https:\/\/care4birds.bg\/product\/multivitamin\/"},"modified":"2026-03-30T10:24:23","modified_gmt":"2026-03-30T10:24:23","slug":"multivitamin","status":"publish","type":"product","link":"https:\/\/care4birds.bg\/ro\/produs\/multivitamin\/","title":{"rendered":"Multivitamin"},"content":{"rendered":"<h6>AMESTEC SPECIAL DE VITAMINE HIDROSOLUBILE \u0218I GLUCOZ\u0102<\/h6>\n<h6>Indica\u021bie:<\/h6>\n<div>Multivit-mix este un amestec special de vitamine hidrosolubile \u0219i glucoz\u0103. Aceste vitamine sunt foarte importante pentru metabolismul p\u0103s\u0103rii. Glucoza se adaug\u0103 pentru a oferi energie direct\u0103 p\u0103s\u0103rilor.<\/div>\n<div>Multivit-mix contribuie la:<\/div>\n<ul>\n<li>Rezisten\u021b\u0103 sporit\u0103<\/li>\n<li>Reproducere bun\u0103<\/li>\n<li>Recuperare optim\u0103<\/li>\n<\/ul>\n<div>Cerin\u021bele zilnice de vitamine ale p\u0103s\u0103rii sunt foarte importante; deficien\u021ba poate cauza probleme, de exemplu:<\/div>\n<ul>\n<li>Deficien\u021ba vitaminei A: afecteaz\u0103 fertilitatea, modific\u0103 mucoasa c\u0103ilor respiratorii \u0219i digestive, afecteaz\u0103 vederea \u0219i poate cauza moartea embrionului.<\/li>\n<li>Deficien\u021ba vitaminelor B: tulbur\u0103ri nervoase, \u00eent\u00e2rziere \u00een dezvoltarea penajului, metabolismul lipidelor afectat, incubare slab\u0103 a ou\u0103lor \u0219i dezvoltare slab\u0103 a puilor.<\/li>\n<li>Deficien\u021ba vitaminei D: rahitism \u0219i ou\u0103 cu coaj\u0103 moale.<\/li>\n<\/ul>\n<div>Se administreaz\u0103 cel pu\u021bin o dat\u0103 pe s\u0103pt\u0103m\u00e2n\u0103:<\/div>\n<ul>\n<li>\u00cen timpul cre\u0219terii, n\u0103p\u00e2rlirii \u0219i reproducerii<\/li>\n<li>\u00cen perioade de stres intens<\/li>\n<li>Dup\u0103 boal\u0103, deparazitare \u0219i vaccinare<\/li>\n<\/ul>\n<h6>Administrare: Dozaj pentru porumbei:<\/h6>\n<p><i>PRAF MULTIVITAMINIC<\/i><\/p>\n<ul>\n<li>Doz\u0103 unic\u0103 dup\u0103 tratament: 5 g \/ 1 l ap\u0103 sau 5 g \/ 500 g hran\u0103<\/li>\n<li>Doz\u0103 de \u00eentre\u021binere: de dou\u0103 ori pe s\u0103pt\u0103m\u00e2n\u0103 5 g \/ 2 l ap\u0103 sau 5 g \/ 1 kg hran\u0103<\/li>\n<li>Se poate ad\u0103uga \u00een ap\u0103 sau hran\u0103<\/li>\n<li>Linguri\u021b\u0103 de m\u0103surat 1+5 g inclus\u0103<\/li>\n<\/ul>\n<p><i>TABLETE MULTIVITAMINICE<\/i><\/p>\n<ul>\n<li>\u00centre\u021binere: 1 tablet\u0103 \/ porumbel (400-500 g) 1-2 zile pe s\u0103pt\u0103m\u00e2n\u0103<\/li>\n<li>Tratament: 1 tablet\u0103 \/ porumbel (400-500 g) timp de 5 zile consecutive sau conform prescrip\u021biei veterinarului<\/li>\n<\/ul>\n<h6>Interac\u021biuni:<\/h6>\n<div>Necunoscute<\/div>\n<h6>Contraindica\u021bii:<\/h6>\n<div>Supradoz\u0103<\/div>\n<h6>Con\u021bine:<\/h6>\n<p><i>PRAF MULTIVITAMINIC<\/i><\/p>\n<div>Vitamine (A, B complex, C, D, E), Aminoacizi, Microelemente<\/div>\n","protected":false},"excerpt":{"rendered":"<p>AMESTEC SPECIAL DE VITAMINE HIDROSOLUBILE \u0218I GLUCOZ\u0102 Indica\u021bie: Multivit-mix este un amestec special de vitamine hidrosolubile \u0219i glucoz\u0103. Aceste vitamine sunt foarte&hellip;<\/p>\n","protected":false},"featured_media":11018,"template":"","meta":[],"product_cat":[254],"product_tag":[],"class_list":{"0":"post-11017","1":"product","2":"type-product","3":"status-publish","4":"has-post-thumbnail","6":"product_cat-suplimente-pentru-porumbei","8":"first","9":"instock","10":"shipping-taxable","11":"product-type-simple"},"_links":{"self":[{"href":"https:\/\/care4birds.bg\/ro\/wp-json\/wp\/v2\/product\/11017","targetHints":{"allow":["GET"]}}],"collection":[{"href":"https:\/\/care4birds.bg\/ro\/wp-json\/wp\/v2\/product"}],"about":[{"href":"https:\/\/care4birds.bg\/ro\/wp-json\/wp\/v2\/types\/product"}],"wp:featuredmedia":[{"embeddable":true,"href":"https:\/\/care4birds.bg\/ro\/wp-json\/wp\/v2\/media\/11018"}],"wp:attachment":[{"href":"https:\/\/care4birds.bg\/ro\/wp-json\/wp\/v2\/media?parent=11017"}],"wp:term":[{"taxonomy":"product_cat","embeddable":true,"href":"https:\/\/care4birds.bg\/ro\/wp-json\/wp\/v2\/product_cat?post=11017"},{"taxonomy":"product_tag","embeddable":true,"href":"https:\/\/care4birds.bg\/ro\/wp-json\/wp\/v2\/product_tag?post=11017"}],"curies":[{"name":"wp","href":"https:\/\/api.w.org\/{rel}","templated":true}]}}