{"id":11038,"date":"2025-11-03T11:20:06","date_gmt":"2025-11-03T11:20:06","guid":{"rendered":"https:\/\/care4birds.bg\/product\/breeding-tabs\/"},"modified":"2026-03-30T10:29:34","modified_gmt":"2026-03-30T10:29:34","slug":"breeding-tabs","status":"publish","type":"product","link":"https:\/\/care4birds.bg\/ro\/produs\/breeding-tabs\/","title":{"rendered":"Breeding Tabs"},"content":{"rendered":"<h6>PENTRU CRE\u0218TEREA OPTIM\u0102 A PUIILOR<\/h6>\n<h6>Indica\u021bii:<\/h6>\n<div>Tablete pentru reproducere. Proteine u\u0219or digerabile pentru cre\u0219terea optim\u0103 a puilor. Con\u021bine vitamine, oligoelemente \u0219i aminoacizi necesari pentru dezvoltarea perfect\u0103 a puilor. Pentru porumbei reproduc\u0103tori mai \u00een v\u00e2rst\u0103 pentru men\u021binerea vitalit\u0103\u021bii \u0219i fertilit\u0103\u021bii.<\/div>\n<h6>Utilizare \u0219i dozaj<\/h6>\n<div>De la 1 s\u0103pt\u0103m\u00e2n\u0103: de 2 ori pe s\u0103pt\u0103m\u00e2n\u0103 &#8211; 1-2 tablete \u00een func\u021bie de v\u00e2rst\u0103<\/div>\n<div>De la 5 s\u0103pt\u0103m\u00e2ni: de 1 dat\u0103 pe s\u0103pt\u0103m\u00e2n\u0103 &#8211; 2 tablete<\/div>\n<div>Reproduc\u0103tori: o dat\u0103 pe s\u0103pt\u0103m\u00e2n\u0103 &#8211; 1-2 tablete. Sau conform prescrip\u021biei veterinarului.<\/div>\n","protected":false},"excerpt":{"rendered":"<p>PENTRU CRE\u0218TEREA OPTIM\u0102 A PUIILOR Indica\u021bii: Tablete pentru reproducere. Proteine u\u0219or digerabile pentru cre\u0219terea optim\u0103 a puilor. Con\u021bine vitamine, oligoelemente \u0219i aminoacizi&hellip;<\/p>\n","protected":false},"featured_media":11039,"template":"","meta":[],"product_cat":[254],"product_tag":[],"class_list":{"0":"post-11038","1":"product","2":"type-product","3":"status-publish","4":"has-post-thumbnail","6":"product_cat-suplimente-pentru-porumbei","8":"first","9":"instock","10":"shipping-taxable","11":"product-type-simple"},"_links":{"self":[{"href":"https:\/\/care4birds.bg\/ro\/wp-json\/wp\/v2\/product\/11038","targetHints":{"allow":["GET"]}}],"collection":[{"href":"https:\/\/care4birds.bg\/ro\/wp-json\/wp\/v2\/product"}],"about":[{"href":"https:\/\/care4birds.bg\/ro\/wp-json\/wp\/v2\/types\/product"}],"wp:featuredmedia":[{"embeddable":true,"href":"https:\/\/care4birds.bg\/ro\/wp-json\/wp\/v2\/media\/11039"}],"wp:attachment":[{"href":"https:\/\/care4birds.bg\/ro\/wp-json\/wp\/v2\/media?parent=11038"}],"wp:term":[{"taxonomy":"product_cat","embeddable":true,"href":"https:\/\/care4birds.bg\/ro\/wp-json\/wp\/v2\/product_cat?post=11038"},{"taxonomy":"product_tag","embeddable":true,"href":"https:\/\/care4birds.bg\/ro\/wp-json\/wp\/v2\/product_tag?post=11038"}],"curies":[{"name":"wp","href":"https:\/\/api.w.org\/{rel}","templated":true}]}}