{"id":11050,"date":"2025-11-03T11:19:23","date_gmt":"2025-11-03T11:19:23","guid":{"rendered":"https:\/\/care4birds.bg\/product\/brewers-yeast\/"},"modified":"2026-03-30T10:37:34","modified_gmt":"2026-03-30T10:37:34","slug":"brewers-yeast","status":"publish","type":"product","link":"https:\/\/care4birds.bg\/ro\/produs\/brewers-yeast\/","title":{"rendered":"Brewer`s yeast"},"content":{"rendered":"<h6>Indica\u021bii:<\/h6>\n<div>Drojdiile de bere sunt un aliment natural cu propriet\u0103\u021bi benefice pentru s\u0103n\u0103tate. Sunt bogate \u00een vitamine naturale (inclusiv complexul B), minerale, proteine, aminoacizi \u0219i oligoelemente. Acestea sunt importante pentru condi\u021bia \u0219i forma porumbeilor dvs. Da\u021bi porumbeilor drojdie de bere cel pu\u021bin o dat\u0103 pe s\u0103pt\u0103m\u00e2n\u0103, \u00eempreun\u0103 cu ulei de usturoi pe tot parcursul anului.<\/div>\n<h6>Dozaj:<\/h6>\n<div>25 g (aproximativ 1 lingur\u0103 plin\u0103) peste hran\u0103 pentru 1-2 zile pe s\u0103pt\u0103m\u00e2n\u0103 pentru 40\/50 de porumbei sau p\u0103s\u0103ri de 20 kg greutate vie<\/div>\n<h6>Contraindica\u021bii:<\/h6>\n<div>Nu sunt cunoscute pentru aceast\u0103 doz\u0103<\/div>\n<h6>Con\u021binut:<\/h6>\n<div>800 g produs dietetic pentru p\u0103s\u0103ri sportive<\/div>\n","protected":false},"excerpt":{"rendered":"<p>Indica\u021bii: Drojdiile de bere sunt un aliment natural cu propriet\u0103\u021bi benefice pentru s\u0103n\u0103tate. Sunt bogate \u00een vitamine naturale (inclusiv complexul B), minerale,&hellip;<\/p>\n","protected":false},"featured_media":9536,"template":"","meta":[],"product_cat":[254],"product_tag":[],"class_list":{"0":"post-11050","1":"product","2":"type-product","3":"status-publish","4":"has-post-thumbnail","6":"product_cat-suplimente-pentru-porumbei","8":"first","9":"instock","10":"shipping-taxable","11":"product-type-simple"},"_links":{"self":[{"href":"https:\/\/care4birds.bg\/ro\/wp-json\/wp\/v2\/product\/11050","targetHints":{"allow":["GET"]}}],"collection":[{"href":"https:\/\/care4birds.bg\/ro\/wp-json\/wp\/v2\/product"}],"about":[{"href":"https:\/\/care4birds.bg\/ro\/wp-json\/wp\/v2\/types\/product"}],"wp:featuredmedia":[{"embeddable":true,"href":"https:\/\/care4birds.bg\/ro\/wp-json\/wp\/v2\/media\/9536"}],"wp:attachment":[{"href":"https:\/\/care4birds.bg\/ro\/wp-json\/wp\/v2\/media?parent=11050"}],"wp:term":[{"taxonomy":"product_cat","embeddable":true,"href":"https:\/\/care4birds.bg\/ro\/wp-json\/wp\/v2\/product_cat?post=11050"},{"taxonomy":"product_tag","embeddable":true,"href":"https:\/\/care4birds.bg\/ro\/wp-json\/wp\/v2\/product_tag?post=11050"}],"curies":[{"name":"wp","href":"https:\/\/api.w.org\/{rel}","templated":true}]}}