{"id":11059,"date":"2025-11-03T11:18:21","date_gmt":"2025-11-03T11:18:21","guid":{"rendered":"https:\/\/care4birds.bg\/product\/garlic-oil\/"},"modified":"2026-03-30T10:43:44","modified_gmt":"2026-03-30T10:43:44","slug":"garlic-oil","status":"publish","type":"product","link":"https:\/\/care4birds.bg\/ro\/produs\/garlic-oil\/","title":{"rendered":"Garlic Oil"},"content":{"rendered":"<div>Dezvoltat special pentru a oferi p\u0103s\u0103rilor beneficiile naturale ale usturoiului \u00eentr-un mod sigur \u0219i eficient. Usturoiul este extrem de bogat \u00een nutrien\u021bi, inclusiv calciu, fosfor, compu\u0219i de sulf, fier, tiamin\u0103, riboflavin\u0103 \u0219i vitamina C, precum \u0219i antioxidan\u021bi precum germaniul \u0219i seleniul. De aceea, Uleiul de Usturoi este foarte important pentru condi\u021bionarea penajului. Importan\u021ba usturoiului pentru porumbei \u0219i p\u0103s\u0103ri ca vermifug natural, condi\u021bionator \u0219i stimulator al pierderii pufului este cunoscut\u0103 de mul\u021bi ani. Usturoiul \u00eembun\u0103t\u0103\u021be\u0219te, de asemenea, circula\u021bia s\u00e2ngelui, iar Uleiul de Usturoi este compus din extracte pure de usturoi \u0219i ulei de soia rafinat, bogat \u00een acid linolenic \u0219i linoleic. F\u0103r\u0103 aditivi chimici \u0219i f\u0103r\u0103 tratament termic, eficien\u021ba nu scade. Ofer\u0103 protec\u021bie c\u0103ilor respiratorii.<\/div>\n<h6>Dozaj<\/h6>\n<div>15 ml (1\/2 capac de m\u0103surare) Ulei de Usturoi \/ kg hran\u0103 \/ cereale<\/div>\n<ul>\n<li>Iarna, \u00een sezonul de reproducere \u0219i curse: 1 zi pe s\u0103pt\u0103m\u00e2n\u0103.<\/li>\n<li>\u00cen preg\u0103tirea sezonului de curse: timp de o s\u0103pt\u0103m\u00e2n\u0103 \u00eentreag\u0103.<\/li>\n<li>\u00cen perioada de n\u0103p\u00e2rlire: 2 zile pe s\u0103pt\u0103m\u00e2n\u0103.<\/li>\n<li>Nu amesteca\u021bi acest produs cu ap\u0103!<\/li>\n<\/ul>\n<h6>Compozi\u021bie:<\/h6>\n<div>Analiz\u0103 Ulei de Usturoi: Gr\u0103sime brut\u0103 100 %, Aditivi nutritivi: Vitamina E 1.400 mg\/kg<\/div>\n","protected":false},"excerpt":{"rendered":"<p>Dezvoltat special pentru a oferi p\u0103s\u0103rilor beneficiile naturale ale usturoiului \u00eentr-un mod sigur \u0219i eficient. Usturoiul este extrem de bogat \u00een nutrien\u021bi,&hellip;<\/p>\n","protected":false},"featured_media":9535,"template":"","meta":[],"product_cat":[254],"product_tag":[],"class_list":{"0":"post-11059","1":"product","2":"type-product","3":"status-publish","4":"has-post-thumbnail","6":"product_cat-suplimente-pentru-porumbei","8":"first","9":"instock","10":"shipping-taxable","11":"product-type-simple"},"_links":{"self":[{"href":"https:\/\/care4birds.bg\/ro\/wp-json\/wp\/v2\/product\/11059","targetHints":{"allow":["GET"]}}],"collection":[{"href":"https:\/\/care4birds.bg\/ro\/wp-json\/wp\/v2\/product"}],"about":[{"href":"https:\/\/care4birds.bg\/ro\/wp-json\/wp\/v2\/types\/product"}],"wp:featuredmedia":[{"embeddable":true,"href":"https:\/\/care4birds.bg\/ro\/wp-json\/wp\/v2\/media\/9535"}],"wp:attachment":[{"href":"https:\/\/care4birds.bg\/ro\/wp-json\/wp\/v2\/media?parent=11059"}],"wp:term":[{"taxonomy":"product_cat","embeddable":true,"href":"https:\/\/care4birds.bg\/ro\/wp-json\/wp\/v2\/product_cat?post=11059"},{"taxonomy":"product_tag","embeddable":true,"href":"https:\/\/care4birds.bg\/ro\/wp-json\/wp\/v2\/product_tag?post=11059"}],"curies":[{"name":"wp","href":"https:\/\/api.w.org\/{rel}","templated":true}]}}