{"id":11074,"date":"2025-11-03T11:18:01","date_gmt":"2025-11-03T11:18:01","guid":{"rendered":"https:\/\/care4birds.bg\/product\/optimal-caps\/"},"modified":"2026-03-30T10:59:14","modified_gmt":"2026-03-30T10:59:14","slug":"optimal-caps","status":"publish","type":"product","link":"https:\/\/care4birds.bg\/ro\/produs\/optimal-caps\/","title":{"rendered":"Optimal caps"},"content":{"rendered":"<div>Capsulele cu ulei de ficat de cod sunt o surs\u0103 natural\u0103 de vitamine A \u0219i D3, \u00eembog\u0103\u021bite cu vitamina E suplimentar\u0103 pentru a sus\u021bine fertilitatea \u00een perioada de reproducere. Aceste capsule promoveaz\u0103:<\/div>\n<ul>\n<li>Dezvoltarea scheletului \u0219i cre\u0219terea puilor de porumbei<\/li>\n<li>Apeten\u021ba sexual\u0103 la masculi<\/li>\n<li>Un sistem imunitar s\u0103n\u0103tos<\/li>\n<\/ul>\n<div>Capsula cu ulei de ficat de cod cu Vitamina E suplimentar\u0103 este o surs\u0103 natural\u0103 de vitamine A, D3, E, bogat\u0103 \u00een acizi gra\u0219i omega-3 \u0219i important\u0103 pentru dezvoltarea scheletului, oaselor, fertilit\u0103\u021bii \u0219i cre\u0219terii. Este, de asemenea, o surs\u0103 bun\u0103 de fosfor \u0219i iod. Ambele minerale promoveaz\u0103 rezisten\u021ba \u0219i energia.<\/div>\n<h6>Compozi\u021bie:<\/h6>\n<div>Ulei de ficat de cod 18\/12; Vitamina A 300 \u00b5g RE (1000 IU); Vitamina D 2,5 \u00b5g RE (100 IU); Vitamina E 6,7 mg a-TE (10 IU); Gelatin\u0103<\/div>\n<p><i>Componente analitice:<\/i> Proteine brute 18,12%, Fibre brute 18,20%, Gr\u0103simi brute 0,05%, Cenu\u0219\u0103 brut\u0103 0,03%<\/p>\n<h6>Instruc\u021biuni de utilizare:<\/h6>\n<ul>\n<li>1 capsul\u0103 administrat\u0103 direct \u00een cioc<\/li>\n<li>\u00cen perioada de reproducere: zilnic, \u00eencep\u00e2nd cu 8 zile \u00eenainte de \u00eemperechere p\u00e2n\u0103 la al doilea ou<\/li>\n<li>\u00cen sezonul de curse: 2 capsule pe s\u0103pt\u0103m\u00e2n\u0103<\/li>\n<li>Porumbei tineri \u00een cre\u0219tere: 1 capsul\u0103 pe zi<\/li>\n<\/ul>\n<p><i>Sfaturi: Poate fi utilizat \u0219i la porumbei adul\u021bi pentru stimularea fertilit\u0103\u021bii<\/i><\/p>\n<h6>NOT\u0102: CITI\u021aI INSTRUC\u021aIUNILE \u00ceNAINTE DE UTILIZARE.<\/h6>\n<ul>\n<li>Se depoziteaz\u0103 uscat, ferit de lumina direct\u0103 a soarelui, \u00eentre 0-30 \u00b0C<\/li>\n<li>Durata de valabilitate dup\u0103 prima deschidere: 1 an<\/li>\n<li>Num\u0103rul lotului \u0219i data de expirare: vezi ambalajul<\/li>\n<li>Doar pentru tratamentul animalelor. Nu pentru animalele destinate produc\u021biei de alimente pentru consum uman<\/li>\n<li>Se p\u0103streaz\u0103 ferit de copii<\/li>\n<\/ul>\n<h6>Con\u021binut:<\/h6>\n<div>300 capsule, produs dietetic pentru p\u0103s\u0103ri<\/div>\n","protected":false},"excerpt":{"rendered":"<p>Capsulele cu ulei de ficat de cod sunt o surs\u0103 natural\u0103 de vitamine A \u0219i D3, \u00eembog\u0103\u021bite cu vitamina E suplimentar\u0103 pentru&hellip;<\/p>\n","protected":false},"featured_media":11075,"template":"","meta":[],"product_cat":[254],"product_tag":[],"class_list":{"0":"post-11074","1":"product","2":"type-product","3":"status-publish","4":"has-post-thumbnail","6":"product_cat-suplimente-pentru-porumbei","8":"first","9":"instock","10":"shipping-taxable","11":"product-type-simple"},"_links":{"self":[{"href":"https:\/\/care4birds.bg\/ro\/wp-json\/wp\/v2\/product\/11074","targetHints":{"allow":["GET"]}}],"collection":[{"href":"https:\/\/care4birds.bg\/ro\/wp-json\/wp\/v2\/product"}],"about":[{"href":"https:\/\/care4birds.bg\/ro\/wp-json\/wp\/v2\/types\/product"}],"wp:featuredmedia":[{"embeddable":true,"href":"https:\/\/care4birds.bg\/ro\/wp-json\/wp\/v2\/media\/11075"}],"wp:attachment":[{"href":"https:\/\/care4birds.bg\/ro\/wp-json\/wp\/v2\/media?parent=11074"}],"wp:term":[{"taxonomy":"product_cat","embeddable":true,"href":"https:\/\/care4birds.bg\/ro\/wp-json\/wp\/v2\/product_cat?post=11074"},{"taxonomy":"product_tag","embeddable":true,"href":"https:\/\/care4birds.bg\/ro\/wp-json\/wp\/v2\/product_tag?post=11074"}],"curies":[{"name":"wp","href":"https:\/\/api.w.org\/{rel}","templated":true}]}}