{"id":11087,"date":"2025-11-03T11:17:18","date_gmt":"2025-11-03T11:17:18","guid":{"rendered":"https:\/\/care4birds.bg\/product\/protein-mix\/"},"modified":"2026-03-30T11:14:04","modified_gmt":"2026-03-30T11:14:04","slug":"protein-mix","status":"publish","type":"product","link":"https:\/\/care4birds.bg\/ro\/produs\/protein-mix\/","title":{"rendered":"Protein Mix"},"content":{"rendered":"<h6>Indica\u021bie:<\/h6>\n<div>Aceast\u0103 form\u0103 pur\u0103 con\u021bine 65% proteine \u00een greutate. Aceste proteine ajut\u0103 la prevenirea degrad\u0103rii musculare \u0219i la furnizarea rezervelor de glicogen \u00een timpul antrenamentelor \u0219i zborurilor. \u00cen acela\u0219i timp, ele constituie o surs\u0103 important\u0103 de aminoacizi esen\u021biali \u0219i aminoacizi cu caten\u0103 ramificat\u0103, cum ar fi valina, leucina \u0219i izoleucina. Ace\u0219ti aminoacizi sunt prezen\u021bi \u00een principal \u00een mu\u0219chi, iar \u00een timpul efortului intens, celulele musculare pot transforma rapid ace\u0219ti trei aminoacizi \u00een energie. Aminoacizii esen\u021biali nu pot fi sintetiza\u021bi de organism \u0219i trebuie furniza\u021bi prin diet\u0103. Sursele de proteine care con\u021bin to\u021bi aminoacizii esen\u021biali se numesc proteine complete. PROTEIN MIX este o protein\u0103 complet\u0103 \u0219i ajut\u0103 la furnizarea tuturor aminoacizilor esen\u021biali p\u0103s\u0103rilor. Cerin\u021ba de proteine depinde de v\u00e2rsta p\u0103s\u0103rilor, sezon \u0219i performan\u021ba dorit\u0103.<\/div>\n<h6>Dozaj:<\/h6>\n<div>Doza general\u0103 (amestecat\u0103 cu iaurt): \u00cen timpul sezonului de curse pentru recuperare rapid\u0103 \u0219i rezerve mari de energie: 20 g pe kg de hran\u0103 umed\u0103, imediat dup\u0103 \u00eentoarcerea acas\u0103, timp de 3 zile consecutive. \u00cen timpul sezonului de curse pentru recuperare rapid\u0103, energie mare \u0219i rezerve mari: 20 g pe kg de hran\u0103 umed\u0103, imediat dup\u0103 \u00eentoarcerea acas\u0103, timp de 3 zile consecutive. \u00cen perioada de n\u0103p\u00e2rlire pentru pene s\u0103n\u0103toase \u0219i puternice: 20 g pe kg de hran\u0103 umed\u0103, de dou\u0103 ori pe s\u0103pt\u0103m\u00e2n\u0103. \u00cen perioada de reproducere pentru pui bine dezvolta\u021bi: 20 g pe kg de hran\u0103 umed\u0103, de dou\u0103 ori pe s\u0103pt\u0103m\u00e2n\u0103. O lingur\u0103 complet\u0103 \u2248 20 g produs.<\/div>\n<h6>Con\u021bine:<\/h6>\n<div>500 g produs dietetic pentru p\u0103s\u0103ri sportive.<\/div>\n","protected":false},"excerpt":{"rendered":"<p>Indica\u021bie: Aceast\u0103 form\u0103 pur\u0103 con\u021bine 65% proteine \u00een greutate. Aceste proteine ajut\u0103 la prevenirea degrad\u0103rii musculare \u0219i la furnizarea rezervelor de glicogen&hellip;<\/p>\n","protected":false},"featured_media":9533,"template":"","meta":[],"product_cat":[243,254],"product_tag":[],"class_list":{"0":"post-11087","1":"product","2":"type-product","3":"status-publish","4":"has-post-thumbnail","6":"product_cat-suplimente-pentru-pasari","7":"product_cat-suplimente-pentru-porumbei","9":"first","10":"instock","11":"shipping-taxable","12":"product-type-simple"},"_links":{"self":[{"href":"https:\/\/care4birds.bg\/ro\/wp-json\/wp\/v2\/product\/11087","targetHints":{"allow":["GET"]}}],"collection":[{"href":"https:\/\/care4birds.bg\/ro\/wp-json\/wp\/v2\/product"}],"about":[{"href":"https:\/\/care4birds.bg\/ro\/wp-json\/wp\/v2\/types\/product"}],"wp:featuredmedia":[{"embeddable":true,"href":"https:\/\/care4birds.bg\/ro\/wp-json\/wp\/v2\/media\/9533"}],"wp:attachment":[{"href":"https:\/\/care4birds.bg\/ro\/wp-json\/wp\/v2\/media?parent=11087"}],"wp:term":[{"taxonomy":"product_cat","embeddable":true,"href":"https:\/\/care4birds.bg\/ro\/wp-json\/wp\/v2\/product_cat?post=11087"},{"taxonomy":"product_tag","embeddable":true,"href":"https:\/\/care4birds.bg\/ro\/wp-json\/wp\/v2\/product_tag?post=11087"}],"curies":[{"name":"wp","href":"https:\/\/api.w.org\/{rel}","templated":true}]}}