{"id":11096,"date":"2025-11-03T11:16:18","date_gmt":"2025-11-03T11:16:18","guid":{"rendered":"https:\/\/care4birds.bg\/product\/fast-form\/"},"modified":"2026-03-30T11:20:17","modified_gmt":"2026-03-30T11:20:17","slug":"fast-form","status":"publish","type":"product","link":"https:\/\/care4birds.bg\/ro\/produs\/fast-form\/","title":{"rendered":"Fast Form"},"content":{"rendered":"<h6>Pentru a \u00eembun\u0103t\u0103\u021bi performan\u021ba \u0219i a dezinfecta apa potabil\u0103. Porumbeii de \u00eenalt\u0103 performan\u021b\u0103 nu pot primi doar cereale \u0219i ap\u0103; p\u0103s\u0103rile vor fi \u00een form\u0103 maxim\u0103 cu FASTFORM!<\/h6>\n<h6>Dozaj:<\/h6>\n<div>\n<p>Pentru a \u00eembun\u0103t\u0103\u021bi performan\u021ba \u00een perioada de curse: zilnic 5 ml la 2-3 litri (2 ml\/litru) de ap\u0103 potabil\u0103 curat\u0103. \u00cen zile foarte calde, cre\u0219te\u021bi cantitatea de ap\u0103 la 5 litri. \u00cen ziua zborului, da\u021bi doar ap\u0103 curat\u0103! \u00cen timpul reproducerii \u0219i al n\u0103p\u00e2rlirii: 5 ml la 5 litri (1 ml\/litru) de ap\u0103 potabil\u0103 curat\u0103 de 1-2 ori pe s\u0103pt\u0103m\u00e2n\u0103.<\/p>\n<p>Pentru a dezinfecta apa din ad\u0103p\u0103tori \u00een restul anului: o dat\u0103 pe s\u0103pt\u0103m\u00e2n\u0103 5 ml la 5 litri (1 ml\/litru) de ap\u0103 potabil\u0103.<br \/>\nAgita\u021bi \u00eenainte de utilizare!<\/p>\n<p><b>Important:<\/b> Nu folosi\u021bi recipiente galvanizate sau din cupru.<br \/>\nSe pot folosi recipiente din o\u021bel inoxidabil.<\/p>\n<\/div>\n<h6>Compozi\u021bie (per 1000 ml produs):<\/h6>\n<div>Sulfat de cobalt(II) 7H2O     60 mg Iodur\u0103 de potasiu                  90.000 mg Molidbat de sodiu 2H2O         20 mg Citrat de fier amoniu        50.000 mg<\/div>\n<h4>Note<\/h4>\n<div>&#8211; Depozita\u021bi \u00een loc uscat, ferit de lumina direct\u0103 a soarelui, \u00eentre 0-30 \u030aC. &#8211; Durata de valabilitate dup\u0103 prima deschidere: un (1) an. &#8211; Nr. lot \u0219i data expir\u0103rii: vezi ambalajul. &#8211; A se \u021bine departe de copii. &#8211; Doar pentru tratament animal. Nu pentru animale destinate produc\u021biei de alimente pentru consum uman.<\/div>\n","protected":false},"excerpt":{"rendered":"<p>Pentru a \u00eembun\u0103t\u0103\u021bi performan\u021ba \u0219i a dezinfecta apa potabil\u0103. Porumbeii de \u00eenalt\u0103 performan\u021b\u0103 nu pot primi doar cereale \u0219i ap\u0103; p\u0103s\u0103rile vor&hellip;<\/p>\n","protected":false},"featured_media":9540,"template":"","meta":[],"product_cat":[254],"product_tag":[],"class_list":{"0":"post-11096","1":"product","2":"type-product","3":"status-publish","4":"has-post-thumbnail","6":"product_cat-suplimente-pentru-porumbei","8":"first","9":"instock","10":"shipping-taxable","11":"product-type-simple"},"_links":{"self":[{"href":"https:\/\/care4birds.bg\/ro\/wp-json\/wp\/v2\/product\/11096","targetHints":{"allow":["GET"]}}],"collection":[{"href":"https:\/\/care4birds.bg\/ro\/wp-json\/wp\/v2\/product"}],"about":[{"href":"https:\/\/care4birds.bg\/ro\/wp-json\/wp\/v2\/types\/product"}],"wp:featuredmedia":[{"embeddable":true,"href":"https:\/\/care4birds.bg\/ro\/wp-json\/wp\/v2\/media\/9540"}],"wp:attachment":[{"href":"https:\/\/care4birds.bg\/ro\/wp-json\/wp\/v2\/media?parent=11096"}],"wp:term":[{"taxonomy":"product_cat","embeddable":true,"href":"https:\/\/care4birds.bg\/ro\/wp-json\/wp\/v2\/product_cat?post=11096"},{"taxonomy":"product_tag","embeddable":true,"href":"https:\/\/care4birds.bg\/ro\/wp-json\/wp\/v2\/product_tag?post=11096"}],"curies":[{"name":"wp","href":"https:\/\/api.w.org\/{rel}","templated":true}]}}