{"id":11110,"date":"2025-11-03T11:15:22","date_gmt":"2025-11-03T11:15:22","guid":{"rendered":"https:\/\/care4birds.bg\/product\/wonder-care\/"},"modified":"2026-03-30T11:26:47","modified_gmt":"2026-03-30T11:26:47","slug":"wonder-care","status":"publish","type":"product","link":"https:\/\/care4birds.bg\/ro\/produs\/wonder-care\/","title":{"rendered":"Wonder Care"},"content":{"rendered":"<p>Pentru \u00eembun\u0103t\u0103\u021birea s\u0103n\u0103t\u0103\u021bii intestinale \u0219i prevenirea infec\u021biilor bacteriene.<\/p>\n<p>Wonder Care are efecte pozitive pe care multe alte produse nu le au. Este eficient \u00eempotriva infec\u021biilor bacteriene, E-coli, Salmonella, dar \u0219i \u00eempotriva problemelor cauzate de infec\u021biile cu Adenovirus. Wonder Care \u00eembun\u0103t\u0103\u021be\u0219te microflora stomacului \u0219i previne infec\u021bia porumbeilor cu bacterii intestinale, ceea ce este foarte important dup\u0103 curse obositoare \u0219i stres.<\/p>\n<h6>Dozaj \u0219i instruc\u021biuni de utilizare:<\/h6>\n<p> Perioada de reproducere \u0219i puii de porumbei pentru cre\u0219tere puternic\u0103: 1,5 ml \/ 1 L ap\u0103: 1-2 ori pe s\u0103pt\u0103m\u00e2n\u0103<\/p>\n<p>Sezonul de curse:<\/p>\n<p>Ziua dup\u0103 sosire: 1 ml \/ 1 L ap\u0103<br \/>\nZiua \u00eenainte de trimitere: 1 ml \/ 1 L ap\u0103<\/p>\n<p>Perioada de n\u0103p\u00e2rlire \u0219i iarna: 1,5 ml \/ 1 L ap\u0103: 1-2 ori pe s\u0103pt\u0103m\u00e2n\u0103<\/p>\n","protected":false},"excerpt":{"rendered":"<p>Pentru \u00eembun\u0103t\u0103\u021birea s\u0103n\u0103t\u0103\u021bii intestinale \u0219i prevenirea infec\u021biilor bacteriene. Wonder Care are efecte pozitive pe care multe alte produse nu le au. Este&hellip;<\/p>\n","protected":false},"featured_media":11111,"template":"","meta":[],"product_cat":[254],"product_tag":[],"class_list":{"0":"post-11110","1":"product","2":"type-product","3":"status-publish","4":"has-post-thumbnail","6":"product_cat-suplimente-pentru-porumbei","8":"first","9":"instock","10":"shipping-taxable","11":"product-type-simple"},"_links":{"self":[{"href":"https:\/\/care4birds.bg\/ro\/wp-json\/wp\/v2\/product\/11110","targetHints":{"allow":["GET"]}}],"collection":[{"href":"https:\/\/care4birds.bg\/ro\/wp-json\/wp\/v2\/product"}],"about":[{"href":"https:\/\/care4birds.bg\/ro\/wp-json\/wp\/v2\/types\/product"}],"wp:featuredmedia":[{"embeddable":true,"href":"https:\/\/care4birds.bg\/ro\/wp-json\/wp\/v2\/media\/11111"}],"wp:attachment":[{"href":"https:\/\/care4birds.bg\/ro\/wp-json\/wp\/v2\/media?parent=11110"}],"wp:term":[{"taxonomy":"product_cat","embeddable":true,"href":"https:\/\/care4birds.bg\/ro\/wp-json\/wp\/v2\/product_cat?post=11110"},{"taxonomy":"product_tag","embeddable":true,"href":"https:\/\/care4birds.bg\/ro\/wp-json\/wp\/v2\/product_tag?post=11110"}],"curies":[{"name":"wp","href":"https:\/\/api.w.org\/{rel}","templated":true}]}}