{"id":11122,"date":"2025-11-03T11:15:11","date_gmt":"2025-11-03T11:15:11","guid":{"rendered":"https:\/\/care4birds.bg\/product\/carni-form\/"},"modified":"2026-03-30T11:44:24","modified_gmt":"2026-03-30T11:44:24","slug":"carni-form","status":"publish","type":"product","link":"https:\/\/care4birds.bg\/ro\/produs\/carni-form\/","title":{"rendered":"Carni Form"},"content":{"rendered":"<p>Aceast\u0103 combina\u021bie joac\u0103 un rol central \u00een metabolismul lipidelor la porumbei. Porumbelul prime\u0219te cantitatea necesar\u0103 de L-carnitin\u0103. \u00cen plus, produsul con\u021bine magneziu \u0219i seleniu pentru o mai bun\u0103 func\u021bionare a mu\u0219chilor.<\/p>\n<h6>Dozaj<\/h6>\n<p> Carni-Form poate fi administrat prin apa de b\u0103ut sau hrana: &#8211; 10 ml pe 1 L ap\u0103 potabil\u0103 sau &#8211; 15 ml pe 1 kg hran\u0103 &#8211; Administrat pentru protec\u021bia mu\u0219chilor cel pu\u021bin cu 14 zile \u00eenainte de primul zbor, sau zilnic \u00eenainte de \u00eenceperea zborurilor de competi\u021bie. &#8211; \u00cen sezonul de curse \u00eentre zboruri, 1-5 zile pe s\u0103pt\u0103m\u00e2n\u0103. <\/p>\n<h6>Compozi\u021bie:<\/h6>\n<p> L-Carnitin\u0103 &#8211; 150.000 mg Clorur\u0103 de magneziu &#8211; 50.000 mg Selenit de sodiu &#8211; 70 mg Agent conservant &#8211; 7.000 mg<\/p>\n","protected":false},"excerpt":{"rendered":"<p>Aceast\u0103 combina\u021bie joac\u0103 un rol central \u00een metabolismul lipidelor la porumbei. Porumbelul prime\u0219te cantitatea necesar\u0103 de L-carnitin\u0103. \u00cen plus, produsul con\u021bine magneziu&hellip;<\/p>\n","protected":false},"featured_media":9544,"template":"","meta":[],"product_cat":[254],"product_tag":[],"class_list":{"0":"post-11122","1":"product","2":"type-product","3":"status-publish","4":"has-post-thumbnail","6":"product_cat-suplimente-pentru-porumbei","8":"first","9":"instock","10":"shipping-taxable","11":"product-type-simple"},"_links":{"self":[{"href":"https:\/\/care4birds.bg\/ro\/wp-json\/wp\/v2\/product\/11122","targetHints":{"allow":["GET"]}}],"collection":[{"href":"https:\/\/care4birds.bg\/ro\/wp-json\/wp\/v2\/product"}],"about":[{"href":"https:\/\/care4birds.bg\/ro\/wp-json\/wp\/v2\/types\/product"}],"wp:featuredmedia":[{"embeddable":true,"href":"https:\/\/care4birds.bg\/ro\/wp-json\/wp\/v2\/media\/9544"}],"wp:attachment":[{"href":"https:\/\/care4birds.bg\/ro\/wp-json\/wp\/v2\/media?parent=11122"}],"wp:term":[{"taxonomy":"product_cat","embeddable":true,"href":"https:\/\/care4birds.bg\/ro\/wp-json\/wp\/v2\/product_cat?post=11122"},{"taxonomy":"product_tag","embeddable":true,"href":"https:\/\/care4birds.bg\/ro\/wp-json\/wp\/v2\/product_tag?post=11122"}],"curies":[{"name":"wp","href":"https:\/\/api.w.org\/{rel}","templated":true}]}}