{"id":11131,"date":"2025-11-03T11:14:27","date_gmt":"2025-11-03T11:14:27","guid":{"rendered":"https:\/\/care4birds.bg\/product\/energy-mix\/"},"modified":"2026-03-30T11:49:51","modified_gmt":"2026-03-30T11:49:51","slug":"energy-mix","status":"publish","type":"product","link":"https:\/\/care4birds.bg\/ro\/produs\/energy-mix\/","title":{"rendered":"Energy Mix"},"content":{"rendered":"<h6>Amestec energetic cu Creatin\u0103 \u0219i Carnetyne.<\/h6>\n<p> Energy Mix \u00eembun\u0103t\u0103\u021be\u0219te rezisten\u021ba porumbeilor. Pentru musculatur\u0103 de \u00eenalt\u0103 performan\u021b\u0103. Energy Mix promoveaz\u0103 o recuperare mai rapid\u0103 dup\u0103 efort. <\/p>\n<h6>Dozaj:<\/h6>\n<p> 1 lingur\u0103 m\u0103sur\u0103toare (12,5 g) la 1 L ap\u0103 sau 1 kg hran\u0103 \u00cenainte de zbor: 2 zile consecutive La \u00eentoarcerea acas\u0103: 1 zi <\/p>\n<h6>Compozi\u021bie:<\/h6>\n<div class=\"separator\"><a href=\"https:\/\/blogger.googleusercontent.com\/img\/b\/R29vZ2xl\/AVvXsEinZnxGHEvWyAoLHJO8gwn2RmFmXd7W5mzsNBXRGuW0JC_nj-f6LDa_nceKJVowWxFKn1d2D6QtfXsocQfoPvBztRN2C2k7pQzjkEr7cszJ35-vM2XDClwYrqi8j6nh36VAGRDaNXMwYvr4\/s1600\/composition_energy_mix1.jpg\" target=\"_blank\" rel=\"noopener\"><img decoding=\"async\" src=\"https:\/\/blogger.googleusercontent.com\/img\/b\/R29vZ2xl\/AVvXsEinZnxGHEvWyAoLHJO8gwn2RmFmXd7W5mzsNBXRGuW0JC_nj-f6LDa_nceKJVowWxFKn1d2D6QtfXsocQfoPvBztRN2C2k7pQzjkEr7cszJ35-vM2XDClwYrqi8j6nh36VAGRDaNXMwYvr4\/s320\/composition_energy_mix1.jpg\" width=\"320\" height=\"147\" border=\"0\" data-original-height=\"426\" data-original-width=\"922\" \/><\/a><\/div>\n<h6>Ambalaj:<\/h6>\n<p> Borcan PVC 650 g<\/p>\n","protected":false},"excerpt":{"rendered":"<p>Amestec energetic cu Creatin\u0103 \u0219i Carnetyne. Energy Mix \u00eembun\u0103t\u0103\u021be\u0219te rezisten\u021ba porumbeilor. Pentru musculatur\u0103 de \u00eenalt\u0103 performan\u021b\u0103. Energy Mix promoveaz\u0103 o recuperare mai&hellip;<\/p>\n","protected":false},"featured_media":9545,"template":"","meta":[],"product_cat":[254],"product_tag":[],"class_list":{"0":"post-11131","1":"product","2":"type-product","3":"status-publish","4":"has-post-thumbnail","6":"product_cat-suplimente-pentru-porumbei","8":"first","9":"instock","10":"shipping-taxable","11":"product-type-simple"},"_links":{"self":[{"href":"https:\/\/care4birds.bg\/ro\/wp-json\/wp\/v2\/product\/11131","targetHints":{"allow":["GET"]}}],"collection":[{"href":"https:\/\/care4birds.bg\/ro\/wp-json\/wp\/v2\/product"}],"about":[{"href":"https:\/\/care4birds.bg\/ro\/wp-json\/wp\/v2\/types\/product"}],"wp:featuredmedia":[{"embeddable":true,"href":"https:\/\/care4birds.bg\/ro\/wp-json\/wp\/v2\/media\/9545"}],"wp:attachment":[{"href":"https:\/\/care4birds.bg\/ro\/wp-json\/wp\/v2\/media?parent=11131"}],"wp:term":[{"taxonomy":"product_cat","embeddable":true,"href":"https:\/\/care4birds.bg\/ro\/wp-json\/wp\/v2\/product_cat?post=11131"},{"taxonomy":"product_tag","embeddable":true,"href":"https:\/\/care4birds.bg\/ro\/wp-json\/wp\/v2\/product_tag?post=11131"}],"curies":[{"name":"wp","href":"https:\/\/api.w.org\/{rel}","templated":true}]}}