{"id":11140,"date":"2025-11-03T11:13:35","date_gmt":"2025-11-03T11:13:35","guid":{"rendered":"https:\/\/care4birds.bg\/product\/energy-oil\/"},"modified":"2026-03-31T09:26:24","modified_gmt":"2026-03-31T09:26:24","slug":"energy-oil","status":"publish","type":"product","link":"https:\/\/care4birds.bg\/ro\/produs\/energy-oil\/","title":{"rendered":"Energy Oil"},"content":{"rendered":"<h6>Ulei energetic cu 10 uleiuri diferite bogate \u00een omega 3 \u0219i omega 6<\/h6>\n<p> Energy oil este o surs\u0103 ridicat\u0103 de energie. Ideal pentru dezvoltarea condi\u021biei generale \u0219i furnizarea gr\u0103similor necesare \u00een timpul zborurilor. <\/p>\n<ul>\n<li>Furnizor ideal de energie.<\/li>\n<\/ul>\n<ul>\n<li>Ajut\u0103 la \u00eembun\u0103t\u0103\u021birea condi\u021biei.<\/li>\n<\/ul>\n<ul>\n<li>Ajut\u0103 la sus\u021binerea rezisten\u021bei naturale.<\/li>\n<\/ul>\n<h6>Dozaj<\/h6>\n<p> Ad\u0103uga\u021bi un capac (15 ml) de Care 4 Birds Energy Oil la 1 kg de hran\u0103. <b>Sezonul de curse:<\/b> O dat\u0103 sau de dou\u0103 ori pe s\u0103pt\u0103m\u00e2n\u0103. <b>Cursa pe distan\u021be lungi:<\/b> De dou\u0103 ori pe s\u0103pt\u0103m\u00e2n\u0103 <b>Porumbei tineri:<\/b> O dat\u0103 sau de dou\u0103 ori pe s\u0103pt\u0103m\u00e2n\u0103. <b>Perioada de n\u0103p\u00e2rlire:<\/b> De dou\u0103 ori pe s\u0103pt\u0103m\u00e2n\u0103. <b>Perioada de reproducere:<\/b> O dat\u0103 sau de dou\u0103 ori pe s\u0103pt\u0103m\u00e2n\u0103.<\/p>\n<p>Nu amesteca\u021bi produsul cu ap\u0103!<\/p>\n<h6>Compozi\u021bie:<\/h6>\n<p> Lecitin\u0103; Ulei de somon; Ulei de porumb; Ulei de in; Ulei de arahide; Ulei de c\u00e2nep\u0103; Ulei din germeni de gr\u00e2u; Ulei de soia; Ulei de chimen negru; Ulei de limba mielului<\/p>\n","protected":false},"excerpt":{"rendered":"<p>Ulei energetic cu 10 uleiuri diferite bogate \u00een omega 3 \u0219i omega 6 Energy oil este o surs\u0103 ridicat\u0103 de energie. Ideal&hellip;<\/p>\n","protected":false},"featured_media":9531,"template":"","meta":[],"product_cat":[254],"product_tag":[],"class_list":{"0":"post-11140","1":"product","2":"type-product","3":"status-publish","4":"has-post-thumbnail","6":"product_cat-suplimente-pentru-porumbei","8":"first","9":"instock","10":"shipping-taxable","11":"product-type-simple"},"_links":{"self":[{"href":"https:\/\/care4birds.bg\/ro\/wp-json\/wp\/v2\/product\/11140","targetHints":{"allow":["GET"]}}],"collection":[{"href":"https:\/\/care4birds.bg\/ro\/wp-json\/wp\/v2\/product"}],"about":[{"href":"https:\/\/care4birds.bg\/ro\/wp-json\/wp\/v2\/types\/product"}],"wp:featuredmedia":[{"embeddable":true,"href":"https:\/\/care4birds.bg\/ro\/wp-json\/wp\/v2\/media\/9531"}],"wp:attachment":[{"href":"https:\/\/care4birds.bg\/ro\/wp-json\/wp\/v2\/media?parent=11140"}],"wp:term":[{"taxonomy":"product_cat","embeddable":true,"href":"https:\/\/care4birds.bg\/ro\/wp-json\/wp\/v2\/product_cat?post=11140"},{"taxonomy":"product_tag","embeddable":true,"href":"https:\/\/care4birds.bg\/ro\/wp-json\/wp\/v2\/product_tag?post=11140"}],"curies":[{"name":"wp","href":"https:\/\/api.w.org\/{rel}","templated":true}]}}