{"id":11154,"date":"2025-11-03T11:13:33","date_gmt":"2025-11-03T11:13:33","guid":{"rendered":"https:\/\/care4birds.bg\/product\/entero-care\/"},"modified":"2026-03-31T09:30:53","modified_gmt":"2026-03-31T09:30:53","slug":"entero-care","status":"publish","type":"product","link":"https:\/\/care4birds.bg\/ro\/produs\/entero-care\/","title":{"rendered":"Entero Care"},"content":{"rendered":"<p>Probiotic pentru porumbei<\/p>\n<p>Acest amestec probiotic care con\u021bine bacterii lactice naturale asigur\u0103 un echilibru bun al florei intestinale. Bacteriile se dezvolt\u0103 \u00een tractul intestinal \u0219i creeaz\u0103 un mediu acid. Pentru un produs optim, au fost ad\u0103ugate \u0219i vitamine \u0219i minerale.<\/p>\n<p>Entero Care trebuie administrat preferabil:<\/p>\n<p>Dup\u0103 vaccin\u0103ri \u0219i tratamente<br \/>\nC\u00e2nd apar probleme cu flora intestinal\u0103 \u0219i excrementele<br \/>\n\u00cen perioade de stres (primele zboruri, zborurile puilor)<br \/>\nDup\u0103 \u00eentoarcerea acas\u0103 pentru o recuperare mai rapid\u0103<\/p>\n<h6>Dozaj \u0219i instruc\u021biuni de utilizare:<\/h6>\n<p> 1 lingur\u0103 m\u0103sur\u0103toare (10 g) la 1 litru de ap\u0103 sau 1 lingur\u0103 la 1 kg de hran\u0103, timp de 2 zile consecutive.<\/p>\n<p>Entero Care poate fi administrat s\u0103pt\u0103m\u00e2nal.<\/p>\n","protected":false},"excerpt":{"rendered":"<p>Probiotic pentru porumbei Acest amestec probiotic care con\u021bine bacterii lactice naturale asigur\u0103 un echilibru bun al florei intestinale. Bacteriile se dezvolt\u0103 \u00een&hellip;<\/p>\n","protected":false},"featured_media":11155,"template":"","meta":[],"product_cat":[243,254],"product_tag":[],"class_list":{"0":"post-11154","1":"product","2":"type-product","3":"status-publish","4":"has-post-thumbnail","6":"product_cat-suplimente-pentru-pasari","7":"product_cat-suplimente-pentru-porumbei","9":"first","10":"instock","11":"shipping-taxable","12":"product-type-simple"},"_links":{"self":[{"href":"https:\/\/care4birds.bg\/ro\/wp-json\/wp\/v2\/product\/11154","targetHints":{"allow":["GET"]}}],"collection":[{"href":"https:\/\/care4birds.bg\/ro\/wp-json\/wp\/v2\/product"}],"about":[{"href":"https:\/\/care4birds.bg\/ro\/wp-json\/wp\/v2\/types\/product"}],"wp:featuredmedia":[{"embeddable":true,"href":"https:\/\/care4birds.bg\/ro\/wp-json\/wp\/v2\/media\/11155"}],"wp:attachment":[{"href":"https:\/\/care4birds.bg\/ro\/wp-json\/wp\/v2\/media?parent=11154"}],"wp:term":[{"taxonomy":"product_cat","embeddable":true,"href":"https:\/\/care4birds.bg\/ro\/wp-json\/wp\/v2\/product_cat?post=11154"},{"taxonomy":"product_tag","embeddable":true,"href":"https:\/\/care4birds.bg\/ro\/wp-json\/wp\/v2\/product_tag?post=11154"}],"curies":[{"name":"wp","href":"https:\/\/api.w.org\/{rel}","templated":true}]}}