{"id":11166,"date":"2025-11-03T11:12:48","date_gmt":"2025-11-03T11:12:48","guid":{"rendered":"https:\/\/care4birds.bg\/product\/glucovit\/"},"modified":"2026-03-31T09:38:46","modified_gmt":"2026-03-31T09:38:46","slug":"glucovit","status":"publish","type":"product","link":"https:\/\/care4birds.bg\/ro\/produs\/glucovit\/","title":{"rendered":"Glucovit"},"content":{"rendered":"<h6>GLUCOVIT GLUCOZ\u0102 + VITAMINE poate fi combinat \u00een apa de b\u0103ut cu CARELYT.<\/h6>\n<h6>Dozaj<\/h6>\n<p> Se adaug\u0103 \u00een apa de b\u0103ut. \u00cen perioada de n\u0103p\u00e2rlire \/ iarn\u0103: o dat\u0103 pe s\u0103pt\u0103m\u00e2n\u0103 2 linguri la 2 litri (aprox. 40 porumbei) \u00cen perioada de reproducere: de dou\u0103 ori pe s\u0103pt\u0103m\u00e2n\u0103 2 linguri la 2 litri (aprox. 40 porumbei) Pentru pui puternici de la 1 s\u0103pt\u0103m\u00e2n\u0103: 5 zile consecutive \u00cen perioada curselor: de dou\u0103 ori pe s\u0103pt\u0103m\u00e2n\u0103 2 linguri la 2 litri (aprox. 40 porumbei). C\u00e2nd distan\u021bele cresc se poate administra p\u00e2n\u0103 la 3 ori pe s\u0103pt\u0103m\u00e2n\u0103 3 linguri la 2 litri de ap\u0103 De asemenea, se poate ad\u0103uga GLUCOVIT \u00een hran\u0103 \u00een aceea\u0219i doz\u0103 (\u00b1 40 porumbei o dat\u0103 pe zi). Mai \u00eent\u00e2i trebuie umezit\u0103 hrana \u00eenainte de amestecare <\/p>\n<h6>Formul\u0103<\/h6>\n<p> Vit. A 6000 UI. Vit. D3 1200 UI. Vit. E 20 mg. Vit. C 10 mg. Vit. K3 1,5 mg. Vit. B1 280 mg. Vit. B2 400 mg. Nicotinamid\u0103 30 mg. Acid pantotenic 10 mg. Colin\u0103 100 mg. Oligoelemente Dextroz\u0103 ad 1000 g.<\/p>\n","protected":false},"excerpt":{"rendered":"<p>GLUCOVIT GLUCOZ\u0102 + VITAMINE poate fi combinat \u00een apa de b\u0103ut cu CARELYT. Dozaj Se adaug\u0103 \u00een apa de b\u0103ut. \u00cen perioada&hellip;<\/p>\n","protected":false},"featured_media":9532,"template":"","meta":[],"product_cat":[254],"product_tag":[],"class_list":{"0":"post-11166","1":"product","2":"type-product","3":"status-publish","4":"has-post-thumbnail","6":"product_cat-suplimente-pentru-porumbei","8":"first","9":"instock","10":"shipping-taxable","11":"product-type-simple"},"_links":{"self":[{"href":"https:\/\/care4birds.bg\/ro\/wp-json\/wp\/v2\/product\/11166","targetHints":{"allow":["GET"]}}],"collection":[{"href":"https:\/\/care4birds.bg\/ro\/wp-json\/wp\/v2\/product"}],"about":[{"href":"https:\/\/care4birds.bg\/ro\/wp-json\/wp\/v2\/types\/product"}],"wp:featuredmedia":[{"embeddable":true,"href":"https:\/\/care4birds.bg\/ro\/wp-json\/wp\/v2\/media\/9532"}],"wp:attachment":[{"href":"https:\/\/care4birds.bg\/ro\/wp-json\/wp\/v2\/media?parent=11166"}],"wp:term":[{"taxonomy":"product_cat","embeddable":true,"href":"https:\/\/care4birds.bg\/ro\/wp-json\/wp\/v2\/product_cat?post=11166"},{"taxonomy":"product_tag","embeddable":true,"href":"https:\/\/care4birds.bg\/ro\/wp-json\/wp\/v2\/product_tag?post=11166"}],"curies":[{"name":"wp","href":"https:\/\/api.w.org\/{rel}","templated":true}]}}