{"id":11175,"date":"2025-11-03T11:12:01","date_gmt":"2025-11-03T11:12:01","guid":{"rendered":"https:\/\/care4birds.bg\/product\/carelyt\/"},"modified":"2026-03-31T09:44:34","modified_gmt":"2026-03-31T09:44:34","slug":"carelyt","status":"publish","type":"product","link":"https:\/\/care4birds.bg\/ro\/produs\/carelyt\/","title":{"rendered":"Carelyt"},"content":{"rendered":"<h6>Indica\u021bie:<\/h6>\n<p> Sare de zbor pentru porumbei de curse CARELYT controleaz\u0103 echilibrul acido-bazic \u0219i de ap\u0103 al p\u0103s\u0103rilor. Accelereaz\u0103 recuperarea porumbeilor dup\u0103 zboruri lungi. \u00cei readuce rapid \u00een form\u0103 maxim\u0103. <\/p>\n<h6>Dozaj:<\/h6>\n<p> Instruc\u021biuni de administrare: C\u00e2nd porumbeii se \u00eentorc din zboruri sunt foarte \u00eenseta\u021bi. Oferi\u021bi mai \u00eent\u00e2i ap\u0103 proasp\u0103t\u0103 \u0219i curat\u0103. Dup\u0103 2 ore oferi\u021bi din nou ap\u0103 proasp\u0103t\u0103, dar amestecat\u0103 cu CARELYT. Dizolva\u021bi 25 g de CARELYT (1 lingur\u0103) \u00een 2 litri de ap\u0103 \u0219i l\u0103sa\u021bi la dispozi\u021bie timp de 24 de ore. Apoi \u00eendep\u0103rta\u021bi \u0219i continua\u021bi cu ap\u0103 normal\u0103. CARELYT poate fi utilizat \u00eempreun\u0103 cu majoritatea medicamentelor pentru porumbei de curse. <\/p>\n<h6>Con\u021bine<\/h6>\n<div>600 g<\/div>\n","protected":false},"excerpt":{"rendered":"<p>Indica\u021bie: Sare de zbor pentru porumbei de curse CARELYT controleaz\u0103 echilibrul acido-bazic \u0219i de ap\u0103 al p\u0103s\u0103rilor. Accelereaz\u0103 recuperarea porumbeilor dup\u0103 zboruri&hellip;<\/p>\n","protected":false},"featured_media":9537,"template":"","meta":[],"product_cat":[254],"product_tag":[],"class_list":{"0":"post-11175","1":"product","2":"type-product","3":"status-publish","4":"has-post-thumbnail","6":"product_cat-suplimente-pentru-porumbei","8":"first","9":"instock","10":"shipping-taxable","11":"product-type-simple"},"_links":{"self":[{"href":"https:\/\/care4birds.bg\/ro\/wp-json\/wp\/v2\/product\/11175","targetHints":{"allow":["GET"]}}],"collection":[{"href":"https:\/\/care4birds.bg\/ro\/wp-json\/wp\/v2\/product"}],"about":[{"href":"https:\/\/care4birds.bg\/ro\/wp-json\/wp\/v2\/types\/product"}],"wp:featuredmedia":[{"embeddable":true,"href":"https:\/\/care4birds.bg\/ro\/wp-json\/wp\/v2\/media\/9537"}],"wp:attachment":[{"href":"https:\/\/care4birds.bg\/ro\/wp-json\/wp\/v2\/media?parent=11175"}],"wp:term":[{"taxonomy":"product_cat","embeddable":true,"href":"https:\/\/care4birds.bg\/ro\/wp-json\/wp\/v2\/product_cat?post=11175"},{"taxonomy":"product_tag","embeddable":true,"href":"https:\/\/care4birds.bg\/ro\/wp-json\/wp\/v2\/product_tag?post=11175"}],"curies":[{"name":"wp","href":"https:\/\/api.w.org\/{rel}","templated":true}]}}