{"id":11184,"date":"2025-11-03T11:11:31","date_gmt":"2025-11-03T11:11:31","guid":{"rendered":"https:\/\/care4birds.bg\/product\/probiocare\/"},"modified":"2026-03-31T09:48:28","modified_gmt":"2026-03-31T09:48:28","slug":"probiocare","status":"publish","type":"product","link":"https:\/\/care4birds.bg\/ro\/produs\/probiocare\/","title":{"rendered":"ProbioCare"},"content":{"rendered":"<p>Probiotice \u0219i prebiotice pentru regenerarea florei intestinale<\/p>\n<p>Combina\u021bie de probiotice \u0219i prebiotice pentru regenerarea \u0219i \u00eembun\u0103t\u0103\u021birea florei intestinale. ProbioCare con\u021bine o combina\u021bie special\u0103 de diferite probiotice \u0219i prebiotice care ac\u021bioneaz\u0103 sinergic pentru a \u00eembun\u0103t\u0103\u021bi reglarea intestinal\u0103. ProbioCare este o alegere excelent\u0103:<\/p>\n<p>dup\u0103 administrarea antibioticelor<br \/>\ndup\u0103 vaccin\u0103ri<br \/>\nca stimulator imunitar dup\u0103 zboruri<br \/>\ndup\u0103 expozi\u021bii<\/p>\n<p>Indigestia este un semn premerg\u0103tor al multor microorganisme d\u0103un\u0103toare (patogene) \u0219i endoparazi\u021bi. \u00cen multe cazuri este observat\u0103 \u00een timpul zborurilor intense \u0219i \u00een perioada de reproducere.<br \/>\nProbioCare con\u021bine o combina\u021bie special\u0103 de probiotice \u00een form\u0103 micro\u00eencapsulat\u0103, precum \u0219i o combina\u021bie unic\u0103 de carbohidra\u021bi care regleaz\u0103 flora intestinal\u0103. Diferitele bacterii \u00ee\u0219i sus\u021bin reciproc capacitatea de a coloniza intestinul sub\u021bire al porumbelului. Astfel ajut\u0103 procesele digestive, genereaz\u0103 nutrien\u021bi esen\u021biali care stabilizeaz\u0103 flora intestinal\u0103 \u0219i \u00eent\u0103resc sistemul imunitar. Aceste bacterii probiotice suprim\u0103 bacterii patogene precum Salmonella, E. coli, Staphylococcus, Streptococcus, precum \u0219i infec\u021bii fungice precum Candida, Coccidioza \u0219i Tricomoniaza. Este o metod\u0103 foarte eficient\u0103 de prevenire a bolilor intestinale, iar flora intestinal\u0103 se regenereaz\u0103 rapid. Utilizarea regulat\u0103 a ProbioCare cre\u0219te rezisten\u021ba natural\u0103 \u0219i \u00eembun\u0103t\u0103\u021be\u0219te apetitul. Porumbeii au mai mult\u0103 energie \u00een timpul zborurilor.<br \/>\nUtilizarea ProbioCare reduce semnificativ perioada de recuperare.<\/p>\n<h6>Dozaj<\/h6>\n<p> 1 lingur\u0103 m\u0103sur\u0103toare (12,5 g) la 1 kg de hran\u0103 de dou\u0103 ori pe s\u0103pt\u0103m\u00e2n\u0103 (doz\u0103 pentru 25 porumbei)<\/p>\n","protected":false},"excerpt":{"rendered":"<p>Probiotice \u0219i prebiotice pentru regenerarea florei intestinale Combina\u021bie de probiotice \u0219i prebiotice pentru regenerarea \u0219i \u00eembun\u0103t\u0103\u021birea florei intestinale. ProbioCare con\u021bine o combina\u021bie&hellip;<\/p>\n","protected":false},"featured_media":9534,"template":"","meta":[],"product_cat":[243,254],"product_tag":[],"class_list":{"0":"post-11184","1":"product","2":"type-product","3":"status-publish","4":"has-post-thumbnail","6":"product_cat-suplimente-pentru-pasari","7":"product_cat-suplimente-pentru-porumbei","9":"first","10":"instock","11":"shipping-taxable","12":"product-type-simple"},"_links":{"self":[{"href":"https:\/\/care4birds.bg\/ro\/wp-json\/wp\/v2\/product\/11184","targetHints":{"allow":["GET"]}}],"collection":[{"href":"https:\/\/care4birds.bg\/ro\/wp-json\/wp\/v2\/product"}],"about":[{"href":"https:\/\/care4birds.bg\/ro\/wp-json\/wp\/v2\/types\/product"}],"wp:featuredmedia":[{"embeddable":true,"href":"https:\/\/care4birds.bg\/ro\/wp-json\/wp\/v2\/media\/9534"}],"wp:attachment":[{"href":"https:\/\/care4birds.bg\/ro\/wp-json\/wp\/v2\/media?parent=11184"}],"wp:term":[{"taxonomy":"product_cat","embeddable":true,"href":"https:\/\/care4birds.bg\/ro\/wp-json\/wp\/v2\/product_cat?post=11184"},{"taxonomy":"product_tag","embeddable":true,"href":"https:\/\/care4birds.bg\/ro\/wp-json\/wp\/v2\/product_tag?post=11184"}],"curies":[{"name":"wp","href":"https:\/\/api.w.org\/{rel}","templated":true}]}}